{"id":5864,"date":"2025-12-22T18:44:38","date_gmt":"2025-12-22T18:44:38","guid":{"rendered":"http:\/\/drmatdentalclinic.com\/?page_id=5864"},"modified":"2026-01-02T01:22:33","modified_gmt":"2026-01-02T01:22:33","slug":"%d0%ba%d0%be%d0%bd%d1%82%d0%b0%d0%ba%d1%82","status":"publish","type":"page","link":"https:\/\/drmatdentalclinic.com\/ru\/%d0%ba%d0%be%d0%bd%d1%82%d0%b0%d0%ba%d1%82\/","title":{"rendered":"\u041a\u043e\u043d\u0442\u0430\u043a\u0442\u044b"},"content":{"rendered":"<div data-elementor-type=\"wp-page\" data-elementor-id=\"5864\" class=\"elementor elementor-5864\">\n\t\t\t\t<div class=\"elementor-element elementor-element-29705562 e-flex e-con-boxed e-con e-parent\" data-id=\"29705562\" data-element_type=\"container\" data-e-type=\"container\" data-settings=\"{&quot;background_background&quot;:&quot;gradient&quot;,&quot;shape_divider_bottom&quot;:&quot;lqd-custom-shape-8&quot;}\">\n\t\t\t\t\t<div class=\"e-con-inner\">\n\t\t\t\t<div class=\"elementor-shape elementor-shape-bottom\" aria-hidden=\"true\" data-negative=\"false\">\n\t\t\t<svg class=\"lqd-custom-shape\" xmlns=\"http:\/\/www.w3.org\/2000\/svg\" viewbox=\"0 0 1440 100\" preserveaspectratio=\"none\">\n    <path class=\"elementor-shape-fill\" id=\"Row_Separator\" data-name=\"Row Separator\" d=\"M1440,0Q1080,99,720,99T0,0V100H1440Z\" \/>\n<\/svg>\t\t<\/div>\n\t\t\t\t<div class=\"elementor-element elementor-element-41cfa4a8 elementor-widget elementor-widget-hub_fancy_heading\" data-id=\"41cfa4a8\" data-element_type=\"widget\" data-e-type=\"widget\" data-widget_type=\"hub_fancy_heading.default\">\n\t\t\t\t<div class=\"elementor-widget-container\">\n\t\t\t\t\t\n\t\t<div id=\"ld-fancy-heading-69da6c5bb760c\" class=\"ld-fancy-heading pos-rel\">\n\t\t\t<h1 class=\"ld-fh-element d-inline-block pos-rel  elementor-heading-title lqd-highlight-classic lqd-highlight-grow-left h1\"  > \u0421\u0432\u044f\u0436\u0438\u0442\u0435\u0441\u044c \u0441 \u043d\u0430\u043c\u0438<\/h1>\t\t<\/div>\n\n\t\t\t\t\t\t<\/div>\n\t\t\t\t<\/div>\n\t\t\t\t\t<\/div>\n\t\t\t\t<\/div>\n\t\t<div class=\"elementor-element elementor-element-4a1371f2 e-flex e-con-boxed e-con e-parent\" data-id=\"4a1371f2\" data-element_type=\"container\" data-e-type=\"container\">\n\t\t\t\t\t<div class=\"e-con-inner\">\n\t\t<div class=\"elementor-element elementor-element-67600c69 e-con-full e-flex e-con e-child\" data-id=\"67600c69\" data-element_type=\"container\" data-e-type=\"container\">\n\t\t\t\t<div class=\"elementor-element elementor-element-15df362f elementor-widget elementor-widget-hub_fancy_heading\" data-id=\"15df362f\" data-element_type=\"widget\" data-e-type=\"widget\" data-widget_type=\"hub_fancy_heading.default\">\n\t\t\t\t<div class=\"elementor-widget-container\">\n\t\t\t\t\t\n\t\t<div id=\"ld-fancy-heading-69da6c5bb7bbe\" class=\"ld-fancy-heading pos-rel\">\n\t\t\t<h2 class=\"ld-fh-element d-inline-block pos-rel  elementor-heading-title lqd-highlight-classic lqd-highlight-grow-left h2\"  > \u0421\u0432\u044f\u0436\u0438\u0442\u0435\u0441\u044c \u0441 \u043d\u0430\u043c\u0438<\/h2>\t\t<\/div>\n\n\t\t\t\t\t\t<\/div>\n\t\t\t\t<\/div>\n\t\t\t\t<div class=\"elementor-element elementor-element-491f640c elementor-widget__width-initial elementor-widget-mobile__width-inherit elementor-widget elementor-widget-hub_fancy_heading\" data-id=\"491f640c\" data-element_type=\"widget\" data-e-type=\"widget\" data-widget_type=\"hub_fancy_heading.default\">\n\t\t\t\t<div class=\"elementor-widget-container\">\n\t\t\t\t\t\n\t\t<div id=\"ld-fancy-heading-69da6c5bb8043\" class=\"ld-fancy-heading pos-rel\">\n\t\t\t<p class=\"ld-fh-element d-inline-block pos-rel  lqd-highlight-classic lqd-highlight-grow-left p\"  > \u041c\u044b \u0433\u043e\u0442\u043e\u0432\u044b \u043e\u0442\u0432\u0435\u0442\u0438\u0442\u044c \u043d\u0430 \u043b\u044e\u0431\u044b\u0435 \u0432\u0430\u0448\u0438 \u0432\u043e\u043f\u0440\u043e\u0441\u044b. \u041d\u0435 \u0441\u0442\u0435\u0441\u043d\u044f\u0439\u0442\u0435\u0441\u044c \u043e\u0431\u0440\u0430\u0449\u0430\u0442\u044c\u0441\u044f \u043a \u043d\u0430\u043c \u0447\u0435\u0440\u0435\u0437 \u043a\u043e\u043d\u0442\u0430\u043a\u0442\u043d\u0443\u044e \u0444\u043e\u0440\u043c\u0443.<\/p>\t\t<\/div>\n\n\t\t\t\t\t\t<\/div>\n\t\t\t\t<\/div>\n\t\t\t\t<div class=\"elementor-element elementor-element-4c464a76 elementor-align-left elementor-align-left elementor-widget elementor-widget-ld_icon_box\" data-id=\"4c464a76\" data-element_type=\"widget\" data-e-type=\"widget\" data-widget_type=\"ld_icon_box.default\">\n\t\t\t\t<div class=\"elementor-widget-container\">\n\t\t\t\t\t\n\t\t\t<div id=\"ld_icon_box_4c464a76\" class=\"iconbox d-flex flex-grow-1 pos-rel flex-wrap align-items-center iconbox-inline\"   >\n\n\t\t\t\t\n\t\t\t\t<div class=\"iconbox-icon-wrap\"><div class=\"iconbox-icon-container d-inline-flex\"><svg aria-hidden=\"true\" class=\"e-font-icon-svg e-fas-location-arrow\" viewbox=\"0 0 512 512\" xmlns=\"http:\/\/www.w3.org\/2000\/svg\"><path d=\"M444.52 3.52L28.74 195.42c-47.97 22.39-31.98 92.75 19.19 92.75h175.91v175.91c0 51.17 70.36 67.17 92.75 19.19l191.9-415.78c15.99-38.39-25.59-79.97-63.97-63.97z\"><\/path><\/svg><\/div><\/div>\n\t\t\t\t<p class=\"lqd-iconbox-heading\" >\u041c\u0415\u0420\u041a\u0415\u0417 \u041c\u0410\u0425. \u0425\u0410\u041b\u0410\u0421\u041a\u0410\u0420\u0413\u0410\u0417\u0418 \u041a\u0410\u0414. \u041a\u0423\u0420\u0410\u041d \u0418\u0428 \u041c\u0415\u0420\u041a. \u2116: 145 \u0418\u0427 \u041a\u0410\u041f\u0418 \u2116: 2 \u0428\u0418\u0428\u041b\u0418\/ \u0421\u0422\u0410\u041c\u0411\u0423\u041b <\/p>\n\t\t\t\t\n\t\t\t\t\n\t\t\t\t\t\t\t\t<p><\/p>\n\t\t\t\t\n\t\t\t\t\n\t\t\t\t<a href=\"mailto:info@drmatdentalclinic.com\" class=\"lqd-overlay z-index-2\" target=\"_blank&quot;\" rel=\"nofollow\" aria-label=\"\u041c\u0415\u0420\u041a\u0415\u0417 \u041c\u0410\u0425. \u0425\u0410\u041b\u0410\u0421\u041a\u0410\u0420\u0413\u0410\u0417\u0418 \u041a\u0410\u0414. \u041a\u0423\u0420\u0410\u041d \u0418\u0428 \u041c\u0415\u0420\u041a. \u2116: 145 \u0418\u0427 \u041a\u0410\u041f\u0418 \u2116: 2 \u0428\u0418\u0428\u041b\u0418\/ \u0421\u0422\u0410\u041c\u0411\u0423\u041b\"><\/a>\n\t\t\t<\/div>\n\n\t\t\t\t\t\t<\/div>\n\t\t\t\t<\/div>\n\t\t\t\t<div class=\"elementor-element elementor-element-cfd621e elementor-align-left elementor-align-left elementor-widget elementor-widget-ld_icon_box\" data-id=\"cfd621e\" data-element_type=\"widget\" data-e-type=\"widget\" data-widget_type=\"ld_icon_box.default\">\n\t\t\t\t<div class=\"elementor-widget-container\">\n\t\t\t\t\t\n\t\t\t<div id=\"ld_icon_box_cfd621e\" class=\"iconbox d-flex flex-grow-1 pos-rel flex-wrap align-items-center iconbox-inline\"   >\n\n\t\t\t\t\n\t\t\t\t<div class=\"iconbox-icon-wrap\"><div class=\"iconbox-icon-container d-inline-flex\"><svg xmlns=\"http:\/\/www.w3.org\/2000\/svg\" width=\"32\" height=\"32\" fill=\"#000000\" viewbox=\"0 0 256 256\"><path d=\"M224,128a96,96,0,1,1-96-96A96,96,0,0,1,224,128Z\" opacity=\"0.2\"><\/path><path d=\"M128,24a104,104,0,0,0,0,208c21.51,0,44.1-6.48,60.43-17.33a8,8,0,0,0-8.86-13.33C166,210.38,146.21,216,128,216a88,88,0,1,1,88-88c0,26.45-10.88,32-20,32s-20-5.55-20-32V88a8,8,0,0,0-16,0v4.26a48,48,0,1,0,5.93,65.1c6,12,16.35,18.64,30.07,18.64,22.54,0,36-17.94,36-48A104.11,104.11,0,0,0,128,24Zm0,136a32,32,0,1,1,32-32A32,32,0,0,1,128,160Z\"><\/path><\/svg><\/div><\/div>\n\t\t\t\t<p class=\"lqd-iconbox-heading\" >info@drmatdentalclinic.com <\/p>\n\t\t\t\t\n\t\t\t\t\n\t\t\t\t\t\t\t\t<p><\/p>\n\t\t\t\t\n\t\t\t\t\n\t\t\t\t<a href=\"mailto:info@drmatdentalclinic.com\" class=\"lqd-overlay z-index-2\" target=\"_blank&quot;\" rel=\"nofollow\" aria-label=\"info@drmatdentalclinic.com\"><\/a>\n\t\t\t<\/div>\n\n\t\t\t\t\t\t<\/div>\n\t\t\t\t<\/div>\n\t\t\t\t<div class=\"elementor-element elementor-element-7a318722 elementor-align-left elementor-align-left elementor-widget elementor-widget-ld_icon_box\" data-id=\"7a318722\" data-element_type=\"widget\" data-e-type=\"widget\" data-no-translation=\"\" data-widget_type=\"ld_icon_box.default\">\n\t\t\t\t<div class=\"elementor-widget-container\">\n\t\t\t\t\t<style>.elementor-element-7a318722{display:none !important}<\/style>\t\t\t\t<\/div>\n\t\t\t\t<\/div>\n\t\t\t\t<div class=\"elementor-element elementor-element-eb6039f elementor-align-left elementor-align-left elementor-widget elementor-widget-ld_icon_box\" data-id=\"eb6039f\" data-element_type=\"widget\" data-e-type=\"widget\" data-no-translation=\"\" data-widget_type=\"ld_icon_box.default\">\n\t\t\t\t<div class=\"elementor-widget-container\">\n\t\t\t\t\t\n\t\t\t<div id=\"ld_icon_box_eb6039f\" class=\"iconbox d-flex flex-grow-1 pos-rel flex-wrap align-items-center iconbox-inline\"   >\n\n\t\t\t\t\n\t\t\t\t<div class=\"iconbox-icon-wrap\"><div class=\"iconbox-icon-container d-inline-flex\"><svg xmlns=\"http:\/\/www.w3.org\/2000\/svg\" width=\"32\" height=\"32\" fill=\"#000000\" viewbox=\"0 0 256 256\"><path d=\"M215.94,182.08A48.33,48.33,0,0,1,168,224,136,136,0,0,1,32,88,48.33,48.33,0,0,1,73.92,40.06a8,8,0,0,1,8.3,4.8l21.13,47.2a8,8,0,0,1-.66,7.53L81.32,125a7.93,7.93,0,0,0-.54,7.81c8.27,16.93,25.77,34.22,42.75,42.41a7.92,7.92,0,0,0,7.83-.59l25-21.3a8,8,0,0,1,7.59-.69l47.16,21.13A8,8,0,0,1,215.94,182.08Z\" opacity=\"0.2\"><\/path><path d=\"M144.27,45.93a8,8,0,0,1,9.8-5.66,86.22,86.22,0,0,1,61.66,61.66,8,8,0,0,1-5.66,9.8A8.23,8.23,0,0,1,208,112a8,8,0,0,1-7.73-5.94,70.35,70.35,0,0,0-50.33-50.33A8,8,0,0,1,144.27,45.93Zm-2.33,41.8c13.79,3.68,22.65,12.54,26.33,26.33A8,8,0,0,0,176,120a8.23,8.23,0,0,0,2.07-.27,8,8,0,0,0,5.66-9.8c-5.12-19.16-18.5-32.54-37.66-37.66a8,8,0,1,0-4.13,15.46Zm81.94,95.35A56.26,56.26,0,0,1,168,232C88.6,232,24,167.4,24,88A56.26,56.26,0,0,1,72.92,32.12a16,16,0,0,1,16.62,9.52l21.12,47.15,0,.12A16,16,0,0,1,109.39,104c-.18.27-.37.52-.57.77L88,129.45c7.49,15.22,23.41,31,38.83,38.51l24.34-20.71a8.12,8.12,0,0,1,.75-.56,16,16,0,0,1,15.17-1.4l.13.06,47.11,21.11A16,16,0,0,1,223.88,183.08Zm-15.88-2s-.07,0-.11,0h0l-47-21.05-24.35,20.71a8.44,8.44,0,0,1-.74.56,16,16,0,0,1-15.75,1.14c-18.73-9.05-37.4-27.58-46.46-46.11a16,16,0,0,1,1-15.7,6.13,6.13,0,0,1,.57-.77L96,95.15l-21-47a.61.61,0,0,1,0-.12A40.2,40.2,0,0,0,40,88,128.14,128.14,0,0,0,168,216,40.21,40.21,0,0,0,208,181.07Z\"><\/path><\/svg><\/div><\/div>\n\t\t\t\t<p class=\"lqd-iconbox-heading\" >+90 (534) 899 50 85 <\/p>\n\t\t\t\t\n\t\t\t\t\n\t\t\t\t\t\t\t\t<p><\/p>\n\t\t\t\t\n\t\t\t\t\n\t\t\t\t<a href=\"tel:+905348995085\" class=\"lqd-overlay z-index-2\" target=\"_blank&quot;\" rel=\"nofollow\" aria-label=\"+90 (534) 899 50 85\"><\/a>\n\t\t\t<\/div>\n\n\t\t\t\t\t\t<\/div>\n\t\t\t\t<\/div>\n\t\t\t\t<\/div>\n\t\t<div class=\"elementor-element elementor-element-573c59f3 e-con-full e-flex e-con e-child\" data-id=\"573c59f3\" data-element_type=\"container\" data-e-type=\"container\">\n\t\t<div class=\"elementor-element elementor-element-72b9ee0c e-con-full e-flex e-con e-child\" data-id=\"72b9ee0c\" data-element_type=\"container\" data-e-type=\"container\" data-settings=\"{&quot;background_background&quot;:&quot;classic&quot;}\">\n\t\t<div class=\"elementor-element elementor-element-35b00e86 e-con-full e-flex e-con e-child\" data-id=\"35b00e86\" data-element_type=\"container\" data-e-type=\"container\">\n\t\t\t\t<div class=\"elementor-element elementor-element-4ceb7c62 elementor-widget elementor-widget-ld_cf722\" data-id=\"4ceb7c62\" data-element_type=\"widget\" data-e-type=\"widget\" data-widget_type=\"ld_cf722.default\">\n\t\t\t\t<div class=\"elementor-widget-container\">\n\t\t\t\t\t\n\t<div class=\"lqd-contact-form lqd-contact-form-inputs-filled  lqd-contact-form-inputs-circle lqd-contact-form-button-block  lqd-contact-form-button-lg lqd-contact-form-button-circle\">\n\t\t\n<div class=\"wpcf7 no-js\" id=\"wpcf7-f5799-o1\" lang=\"en-US\" dir=\"ltr\" data-wpcf7-id=\"5799\">\n<div class=\"screen-reader-response\"><p role=\"status\" aria-live=\"polite\" aria-atomic=\"true\"><\/p> <ul><\/ul><\/div>\n<form action=\"\/ru\/wp-json\/wp\/v2\/pages\/5864#wpcf7-f5799-o1\" method=\"post\" class=\"wpcf7-form init\" aria-label=\"Contact form\" novalidate=\"novalidate\" data-status=\"init\" data-trp-original-action=\"\/ru\/wp-json\/wp\/v2\/pages\/5864#wpcf7-f5799-o1\">\n<fieldset class=\"hidden-fields-container\"><input type=\"hidden\" name=\"_wpcf7\" value=\"5799\" \/><input type=\"hidden\" name=\"_wpcf7_version\" value=\"6.1.5\" \/><input type=\"hidden\" name=\"_wpcf7_locale\" value=\"en_US\" \/><input type=\"hidden\" name=\"_wpcf7_unit_tag\" value=\"wpcf7-f5799-o1\" \/><input type=\"hidden\" name=\"_wpcf7_container_post\" value=\"0\" \/><input type=\"hidden\" name=\"_wpcf7_posted_data_hash\" value=\"\" \/>\n<\/fieldset>\n<div class=\"form-row\">\n\t<div class=\"form-col\">\n\t\t<p><span class=\"wpcf7-form-control-wrap\" data-name=\"your-name\"><input size=\"40\" maxlength=\"400\" class=\"wpcf7-form-control wpcf7-text wpcf7-validates-as-required\" aria-required=\"true\" aria-invalid=\"false\" placeholder=\"\u0418\u043c\u044f \u0438 \u0444\u0430\u043c\u0438\u043b\u0438\u044f\" value=\"\" type=\"text\" name=\"your-name\" \/><\/span>\n\t\t<\/p>\n\t<\/div>\n\t<div class=\"form-col\">\n\t\t<p><span class=\"wpcf7-form-control-wrap\" data-name=\"your-email\"><input size=\"40\" maxlength=\"400\" class=\"wpcf7-form-control wpcf7-email wpcf7-validates-as-required wpcf7-text wpcf7-validates-as-email\" aria-required=\"true\" aria-invalid=\"false\" placeholder=\"\u0410\u0434\u0440\u0435\u0441 \u044d\u043b\u0435\u043a\u0442\u0440\u043e\u043d\u043d\u043e\u0439 \u043f\u043e\u0447\u0442\u044b\" value=\"\" type=\"email\" name=\"your-email\" \/><\/span>\n\t\t<\/p>\n\t<\/div>\n<\/div>\n<div style=\"margin-bottom: 15px;\">\n\t<p><span class=\"wpcf7-form-control-wrap tel-107\"><input class=\"wpcf7-form-control wpcf7-tel wpcf7-validates-as-required wpcf7-validates-as-tel\" aria-required=\"true\" aria-invalid=\"false\" placeholder=\"\u0422\u0435\u043b\u0435\u0444\u043e\u043d\" value=\"\" type=\"tel\" name=\"tel-107_hide\" data-name=\"tel-107\"  data-pre=\"\" data-excludecountries=\"\" data-onlyct=\"\" data-defcountry=\"\" data-auto=\"1\" data-validation=\"1\" \/><\/span>\n\t<\/p>\n<\/div>\n<div class=\"form-full\">\n\t<p><span class=\"wpcf7-form-control-wrap\" data-name=\"your-message\"><textarea cols=\"10\" rows=\"4\" maxlength=\"2000\" class=\"wpcf7-form-control wpcf7-textarea wpcf7-validates-as-required\" aria-required=\"true\" aria-invalid=\"false\" placeholder=\"\u0412\u0430\u0448\u0435 \u0441\u043e\u043e\u0431\u0449\u0435\u043d\u0438\u0435\" name=\"your-message\"><\/textarea><\/span>\n\t<\/p>\n<\/div>\n<div class=\"form-submit\">\n\t<p><input class=\"wpcf7-form-control wpcf7-submit has-spinner\" type=\"submit\" value=\"\u041e\u0442\u043f\u0440\u0430\u0432\u0438\u0442\u044c \u0441\u043e\u043e\u0431\u0449\u0435\u043d\u0438\u0435\" \/>\n\t<\/p>\n<\/div><div class=\"wpcf7-response-output\" aria-hidden=\"true\"><\/div>\n<input type=\"hidden\" name=\"trp-form-language\" value=\"ru\"\/><\/form>\n<\/div>\n\t<\/div>\n\n\t\t\t\t\t<\/div>\n\t\t\t\t<\/div>\n\t\t\t\t<\/div>\n\t\t\t\t<\/div>\n\t\t\t\t<\/div>\n\t\t\t\t\t<\/div>\n\t\t\t\t<\/div>\n\t\t<div class=\"elementor-element elementor-element-f95e91c e-con-full e-flex e-con e-parent\" data-id=\"f95e91c\" data-element_type=\"container\" data-e-type=\"container\">\n\t\t\t\t<div class=\"elementor-element elementor-element-8ecf2cd elementor-widget elementor-widget-google_maps\" data-id=\"8ecf2cd\" data-element_type=\"widget\" data-e-type=\"widget\" data-widget_type=\"google_maps.default\">\n\t\t\t\t\t\t\t<div class=\"elementor-custom-embed\">\n\t\t\t<iframe loading=\"lazy\"\n\t\t\t\t\tsrc=\"https:\/\/maps.google.com\/maps?q=MERKEZ%20MAH.%20HALASKARGAZ%C4%B0%20CAD.%20KURAN%20%C4%B0%C5%9E%20MERK.%20NO%3A%20145%20%C4%B0%C3%87%20KAPI%20NO%3A%202%20%C5%9E%C4%B0%C5%9EL%C4%B0%2F%20%C4%B0STANBUL&#038;t=m&#038;z=12&#038;output=embed&#038;iwloc=near\"\n\t\t\t\t\ttitle=\"MERKEZ MAH. HALASKARGAZ\u0130 CAD. KURAN \u0130\u015e MERK. NO: 145 \u0130\u00c7 KAPI NO: 2 \u015e\u0130\u015eL\u0130\/ \u0130STANBUL\"\n\t\t\t\t\taria-label=\"MERKEZ MAH. HALASKARGAZ\u0130 CAD. KURAN \u0130\u015e MERK. NO: 145 \u0130\u00c7 KAPI NO: 2 \u015e\u0130\u015eL\u0130\/ \u0130STANBUL\"\n\t\t\t><\/iframe>\n\t\t<\/div>\n\t\t\t\t\t\t<\/div>\n\t\t\t\t<\/div>\n\t\t\t\t<\/div>","protected":false},"excerpt":{"rendered":"<p>Contact us Get in touch We are here to answer any question you may have. Feel free to reach via contact form. MERKEZ MAH. HALASKARGAZ\u0130 CAD. KURAN \u0130\u015e MERK. NO: 145 \u0130\u00c7 KAPI NO: 2 \u015e\u0130\u015eL\u0130\/ \u0130STANBUL info@drmatdentalclinic.com<\/p>","protected":false},"author":1,"featured_media":0,"parent":0,"menu_order":0,"comment_status":"closed","ping_status":"closed","template":"","meta":{"footnotes":""},"class_list":["post-5864","page","type-page","status-publish","hentry"],"_links":{"self":[{"href":"https:\/\/drmatdentalclinic.com\/ru\/wp-json\/wp\/v2\/pages\/5864","targetHints":{"allow":["GET"]}}],"collection":[{"href":"https:\/\/drmatdentalclinic.com\/ru\/wp-json\/wp\/v2\/pages"}],"about":[{"href":"https:\/\/drmatdentalclinic.com\/ru\/wp-json\/wp\/v2\/types\/page"}],"author":[{"embeddable":true,"href":"https:\/\/drmatdentalclinic.com\/ru\/wp-json\/wp\/v2\/users\/1"}],"replies":[{"embeddable":true,"href":"https:\/\/drmatdentalclinic.com\/ru\/wp-json\/wp\/v2\/comments?post=5864"}],"version-history":[{"count":49,"href":"https:\/\/drmatdentalclinic.com\/ru\/wp-json\/wp\/v2\/pages\/5864\/revisions"}],"predecessor-version":[{"id":6698,"href":"https:\/\/drmatdentalclinic.com\/ru\/wp-json\/wp\/v2\/pages\/5864\/revisions\/6698"}],"wp:attachment":[{"href":"https:\/\/drmatdentalclinic.com\/ru\/wp-json\/wp\/v2\/media?parent=5864"}],"curies":[{"name":"wp","href":"https:\/\/api.w.org\/{rel}","templated":true}]}}