{"id":6589,"date":"2025-12-29T19:59:35","date_gmt":"2025-12-29T19:59:35","guid":{"rendered":"http:\/\/drmatdentalclinic.com\/?page_id=6589"},"modified":"2026-01-07T07:41:14","modified_gmt":"2026-01-07T07:41:14","slug":"%d0%b4%d0%be%d0%ba%d1%82%d0%be%d1%80-%d0%bc%d0%b5%d1%85%d0%bc%d0%b5%d1%82-%d0%b0%d0%ba%d0%b8%d1%84-%d1%82%d1%83%d1%80%d0%ba%d0%b0%d0%bd","status":"publish","type":"page","link":"https:\/\/drmatdentalclinic.com\/ru\/%d0%bd%d0%b0%d1%88-%d0%b2%d1%80%d0%b0%d1%87\/%d0%b4%d0%be%d0%ba%d1%82%d0%be%d1%80-%d0%bc%d0%b5%d1%85%d0%bc%d0%b5%d1%82-%d0%b0%d0%ba%d0%b8%d1%84-%d1%82%d1%83%d1%80%d0%ba%d0%b0%d0%bd\/","title":{"rendered":"\u0414-\u0440 \u041c\u0435\u0445\u043c\u0435\u0442 \u0410\u043a\u0438\u0444 \u0422\u044e\u0440\u043a\u0430\u043d"},"content":{"rendered":"<div data-elementor-type=\"wp-page\" data-elementor-id=\"6589\" class=\"elementor elementor-6589\">\n\t\t\t\t<div class=\"elementor-element elementor-element-7200cbd e-flex e-con-boxed e-con e-parent\" data-id=\"7200cbd\" data-element_type=\"container\" data-e-type=\"container\" data-settings=\"{&quot;background_background&quot;:&quot;gradient&quot;,&quot;shape_divider_bottom&quot;:&quot;lqd-custom-shape-8&quot;}\">\n\t\t\t\t\t<div class=\"e-con-inner\">\n\t\t\t\t<div class=\"elementor-shape elementor-shape-bottom\" aria-hidden=\"true\" data-negative=\"false\">\n\t\t\t<svg class=\"lqd-custom-shape\" xmlns=\"http:\/\/www.w3.org\/2000\/svg\" viewbox=\"0 0 1440 100\" preserveaspectratio=\"none\">\n    <path class=\"elementor-shape-fill\" id=\"Row_Separator\" data-name=\"Row Separator\" d=\"M1440,0Q1080,99,720,99T0,0V100H1440Z\" \/>\n<\/svg>\t\t<\/div>\n\t\t\t\t<div class=\"elementor-element elementor-element-3b62e89 elementor-widget elementor-widget-hub_fancy_heading\" data-id=\"3b62e89\" data-element_type=\"widget\" data-e-type=\"widget\" data-widget_type=\"hub_fancy_heading.default\">\n\t\t\t\t<div class=\"elementor-widget-container\">\n\t\t\t\t\t\n\t\t<div id=\"ld-fancy-heading-69da7d1356627\" class=\"ld-fancy-heading pos-rel\">\n\t\t\t<h1 class=\"ld-fh-element d-inline-block pos-rel  elementor-heading-title lqd-highlight-classic lqd-highlight-grow-left h1\"  > \u0414-\u0440 \u041c\u0435\u0445\u043c\u0435\u0442 \u0410\u043a\u0438\u0444 \u0422\u044e\u0440\u043a\u0430\u043d<\/h1>\t\t<\/div>\n\n\t\t\t\t\t\t<\/div>\n\t\t\t\t<\/div>\n\t\t\t\t\t<\/div>\n\t\t\t\t<\/div>\n\t\t<div class=\"elementor-element elementor-element-16fb009 e-flex e-con-boxed e-con e-parent\" data-id=\"16fb009\" data-element_type=\"container\" data-e-type=\"container\">\n\t\t\t\t\t<div class=\"e-con-inner\">\n\t\t<div class=\"elementor-element elementor-element-71b2e6e e-con-full e-flex e-con e-child\" data-id=\"71b2e6e\" data-element_type=\"container\" data-e-type=\"container\">\n\t\t\t\t<div class=\"elementor-element elementor-element-1f01bba elementor-widget elementor-widget-ld_team_member\" data-id=\"1f01bba\" data-element_type=\"widget\" data-e-type=\"widget\" data-widget_type=\"ld_team_member.default\">\n\t\t\t\t<div class=\"elementor-widget-container\">\n\t\t\t\t\t\n\t\t<div class=\"lqd-tm pos-rel lqd-tm-style-1\" data-inview=\"true\">\n\n\t\t\t\t\t\t\t\t<div class=\"lqd-tm-img\">\n\t\t\t\t\t\t<figure>\n\t\t\t\t\t\t\t<img fetchpriority=\"high\" decoding=\"async\" width=\"600\" height=\"800\" src=\"https:\/\/drmatdentalclinic.com\/wp-content\/uploads\/2026\/01\/Adsiz-tasarim-33.jpg\" class=\"w-100\" alt=\"\u0414-\u0440 \u041c\u0435\u0445\u043c\u0435\u0442 \u0410\u043a\u0438\u0444 \u0422\u044e\u0440\u043a\u0430\u043d\" srcset=\"https:\/\/drmatdentalclinic.com\/wp-content\/uploads\/2026\/01\/Adsiz-tasarim-33.jpg 600w, https:\/\/drmatdentalclinic.com\/wp-content\/uploads\/2026\/01\/Adsiz-tasarim-33-225x300.jpg 225w, https:\/\/drmatdentalclinic.com\/wp-content\/uploads\/2026\/01\/Adsiz-tasarim-33-9x12.jpg 9w\" sizes=\"(max-width: 600px) 100vw, 600px\" itemprop=\"image\" \/>\t\t\t\t\t\t<\/figure>\n\t\t\t\t\t<\/div>\n\n\t\t\t\t\t<div\n\t\t\t\t\t\tclass=\"lqd-tm-details ps-6 pe-6 pt-4 pb-4\"\n\t\t\t\t\t\tdata-custom-animations=\"true\"\n\t\t\t\t\t\tdata-ca-options='{ \"triggerHandler\": \"inview\", \"animationTarget\": \"h3,h6\", \"duration\": 1200, \"delay\": 120,  \"startDelay\": 350, \"direction\": \"backward\", \"initValues\": { \"translateY\": -30, \"opacity\": 0 }, \"animations\": { \"translateY\": 0, \"opacity\": 1 } }'\n\t\t\t\t\t>\n\t\t\t\t\t\t<div class=\"lqd-tm-bg lqd-overlay\" data-reveal=\"true\" data-reveal-options='{ \"direction\": \"tb\", \"bgcolor\": \"#fff\", \"duration\": 700, \"coverArea\": 100 }'><\/div>\n\t\t\t\t\t\t<h3 class=\"mt-0 mb-2\">\u0414-\u0440 \u041c\u0435\u0445\u043c\u0435\u0442 \u0410\u043a\u0438\u0444 \u0422\u044e\u0440\u043a\u0430\u043d<\/h3>\n\t\t\t\t\t\t<h6 class=\"mt-0 mb-0 font-weight-normal\">\u0418\u043c\u043f\u043b\u0430\u043d\u0442\u0430\u0446\u0438\u044f \u0438 \u043a\u043e\u0441\u043c\u0435\u0442\u0438\u0447\u0435\u0441\u043a\u0430\u044f \u0441\u0442\u043e\u043c\u0430\u0442\u043e\u043b\u043e\u0433\u0438\u044f<\/h6>\n\t\t\t\t\t\t\t\t\t\t\t<\/div>\n\t\t\t\t\t\t\t\t\t\n\t\t<\/div>\n\n\t\t\t\t\t\t<\/div>\n\t\t\t\t<\/div>\n\t\t\t\t<\/div>\n\t\t<div class=\"elementor-element elementor-element-be21ebb e-con-full e-flex e-con e-child\" data-id=\"be21ebb\" data-element_type=\"container\" data-e-type=\"container\">\n\t\t\t\t<div class=\"elementor-element elementor-element-1a05b4a elementor-widget elementor-widget-hub_fancy_heading\" data-id=\"1a05b4a\" data-element_type=\"widget\" data-e-type=\"widget\" data-widget_type=\"hub_fancy_heading.default\">\n\t\t\t\t<div class=\"elementor-widget-container\">\n\t\t\t\t\t\n\t\t<div id=\"ld-fancy-heading-69da7d135717e\" class=\"ld-fancy-heading pos-rel\">\n\t\t\t<h2 class=\"ld-fh-element d-inline-block pos-rel  elementor-heading-title lqd-highlight-classic lqd-highlight-grow-left h2\"  > \u0411\u0438\u043e\u0433\u0440\u0430\u0444\u0438\u044f<\/h2>\t\t<\/div>\n\n\t\t\t\t\t\t<\/div>\n\t\t\t\t<\/div>\n\t\t\t\t<div class=\"elementor-element elementor-element-aa4575a elementor-widget elementor-widget-text-editor\" data-id=\"aa4575a\" data-element_type=\"widget\" data-e-type=\"widget\" data-widget_type=\"text-editor.default\">\n\t\t\t\t\t\t\t\t\t<p class=\"p1\">\u0414\u043e\u043a\u0442\u043e\u0440 \u041c\u0435\u0445\u043c\u0435\u0442 \u0410\u043a\u0438\u0444 \u0422\u044e\u0440\u043a\u0430\u043d \u044f\u0432\u043b\u044f\u0435\u0442\u0441\u044f \u043e\u0434\u043d\u0438\u043c \u0438\u0437 \u0432\u0435\u0434\u0443\u0449\u0438\u0445 \u0441\u0442\u043e\u043c\u0430\u0442\u043e\u043b\u043e\u0433\u043e\u0432 \u0422\u0443\u0440\u0446\u0438\u0438, \u043e\u0442\u043b\u0438\u0447\u0430\u044e\u0449\u0438\u043c\u0441\u044f \u0432\u044b\u0441\u043e\u043a\u0438\u043c\u0438 \u043a\u043b\u0438\u043d\u0438\u0447\u0435\u0441\u043a\u0438\u043c\u0438 \u0443\u0441\u043f\u0435\u0445\u0430\u043c\u0438 \u0432 \u043e\u0431\u043b\u0430\u0441\u0442\u0438 \u0441\u043b\u043e\u0436\u043d\u043e\u0439 \u0438\u043c\u043f\u043b\u0430\u043d\u0442\u0430\u0446\u0438\u043e\u043d\u043d\u043e\u0439 \u0445\u0438\u0440\u0443\u0440\u0433\u0438\u0438 \u0438 \u043f\u0440\u0438\u0437\u043d\u0430\u043d\u043d\u044b\u043c \u043e\u0434\u043d\u0438\u043c \u0438\u0437 \u043b\u0443\u0447\u0448\u0438\u0445 \u0441\u043f\u0435\u0446\u0438\u0430\u043b\u0438\u0441\u0442\u043e\u0432 \u0432 \u0441\u0432\u043e\u0435\u0439 \u043e\u0431\u043b\u0430\u0441\u0442\u0438. \u0412 \u043e\u0441\u043d\u043e\u0432\u0435 \u0435\u0433\u043e \u043f\u0440\u043e\u0444\u0435\u0441\u0441\u0438\u043e\u043d\u0430\u043b\u044c\u043d\u043e\u0433\u043e \u043f\u043e\u0434\u0445\u043e\u0434\u0430 \u043b\u0435\u0436\u0430\u0442 \u043d\u0430\u0443\u0447\u043d\u0430\u044f \u0442\u043e\u0447\u043d\u043e\u0441\u0442\u044c, \u0442\u0449\u0430\u0442\u0435\u043b\u044c\u043d\u044b\u0439 \u0430\u043d\u0430\u043b\u0438\u0437 \u0438 \u0434\u043e\u043b\u0433\u043e\u0441\u0440\u043e\u0447\u043d\u044b\u0439 \u0443\u0441\u043f\u0435\u0445 \u043b\u0435\u0447\u0435\u043d\u0438\u044f, \u043e\u0440\u0438\u0435\u043d\u0442\u0438\u0440\u043e\u0432\u0430\u043d\u043d\u044b\u0439 \u043d\u0430 \u0443\u0434\u043e\u0432\u043b\u0435\u0442\u0432\u043e\u0440\u0435\u043d\u0438\u0435 \u043f\u043e\u0442\u0440\u0435\u0431\u043d\u043e\u0441\u0442\u0435\u0439 \u043f\u0430\u0446\u0438\u0435\u043d\u0442\u043e\u0432.<\/p><p class=\"p1\">\u0414\u043b\u044f \u0434\u043e\u043a\u0442\u043e\u0440\u0430 \u0422\u044e\u0440\u043a\u0430\u043d\u0430 \u0443\u0441\u043f\u0435\u0448\u043d\u043e\u0435 \u043b\u0435\u0447\u0435\u043d\u0438\u0435 \u2013 \u044d\u0442\u043e \u043d\u0435 \u043f\u0440\u043e\u0441\u0442\u043e \u0442\u0435\u0445\u043d\u0438\u0447\u0435\u0441\u043a\u0438 \u043f\u0440\u0430\u0432\u0438\u043b\u044c\u043d\u0430\u044f \u043f\u0440\u043e\u0446\u0435\u0434\u0443\u0440\u0430, \u0430 \u043f\u0440\u043e\u0446\u0435\u0441\u0441, \u0432 \u0445\u043e\u0434\u0435 \u043a\u043e\u0442\u043e\u0440\u043e\u0433\u043e \u043f\u0430\u0446\u0438\u0435\u043d\u0442 \u0447\u0443\u0432\u0441\u0442\u0432\u0443\u0435\u0442 \u0441\u0435\u0431\u044f \u0432 \u0431\u0435\u0437\u043e\u043f\u0430\u0441\u043d\u043e\u0441\u0442\u0438, \u0435\u0433\u043e \u043e\u0436\u0438\u0434\u0430\u043d\u0438\u044f \u0447\u0435\u0442\u043a\u043e \u043f\u043e\u043d\u0438\u043c\u0430\u044e\u0442\u0441\u044f, \u0430 \u0443\u0434\u043e\u0432\u043b\u0435\u0442\u0432\u043e\u0440\u0435\u043d\u043d\u043e\u0441\u0442\u044c \u0440\u0435\u0437\u0443\u043b\u044c\u0442\u0430\u0442\u043e\u043c \u0441\u043e\u0445\u0440\u0430\u043d\u044f\u0435\u0442\u0441\u044f \u043d\u0430 \u0434\u043e\u043b\u0433\u0438\u0435 \u0433\u043e\u0434\u044b. \u041f\u043e \u044d\u0442\u043e\u0439 \u043f\u0440\u0438\u0447\u0438\u043d\u0435 \u043e\u043d \u043d\u0435 \u043b\u0435\u0447\u0438\u0442 \u043f\u0430\u0446\u0438\u0435\u043d\u0442\u043e\u0432 \u043f\u043e \u0441\u0442\u0430\u043d\u0434\u0430\u0440\u0442\u043d\u044b\u043c \u043f\u0440\u043e\u0442\u043e\u043a\u043e\u043b\u0430\u043c. \u0412\u043c\u0435\u0441\u0442\u043e \u044d\u0442\u043e\u0433\u043e \u043a\u0430\u0436\u0434\u044b\u0439 \u0441\u043b\u0443\u0447\u0430\u0439 \u043e\u0446\u0435\u043d\u0438\u0432\u0430\u0435\u0442\u0441\u044f \u0441 \u043f\u043e\u043c\u043e\u0449\u044c\u044e \u043a\u043e\u043c\u043f\u043b\u0435\u043a\u0441\u043d\u043e\u0439 \u0438\u043d\u0434\u0438\u0432\u0438\u0434\u0443\u0430\u043b\u044c\u043d\u043e\u0439 \u043e\u0446\u0435\u043d\u043a\u0438, \u043e\u0441\u043d\u043e\u0432\u0430\u043d\u043d\u043e\u0439 \u043d\u0430 \u0430\u043d\u0430\u0442\u043e\u043c\u0438\u0438 \u043f\u043e\u043b\u043e\u0441\u0442\u0438 \u0440\u0442\u0430, \u0443\u0440\u043e\u0432\u043d\u0435 \u043a\u043e\u0441\u0442\u043d\u043e\u0439 \u0442\u043a\u0430\u043d\u0438, \u0444\u0443\u043d\u043a\u0446\u0438\u043e\u043d\u0430\u043b\u044c\u043d\u044b\u0445 \u0442\u0440\u0435\u0431\u043e\u0432\u0430\u043d\u0438\u044f\u0445 \u0438 \u043e\u0436\u0438\u0434\u0430\u043d\u0438\u044f\u0445 \u043f\u0430\u0446\u0438\u0435\u043d\u0442\u0430 \u0432 \u043e\u0442\u043d\u043e\u0448\u0435\u043d\u0438\u0438 \u043a\u0430\u0447\u0435\u0441\u0442\u0432\u0430 \u0436\u0438\u0437\u043d\u0438.<\/p><p class=\"p1\">\u0421\u043b\u043e\u0436\u043d\u044b\u0435 \u0438\u043c\u043f\u043b\u0430\u043d\u0442\u0430\u0446\u0438\u043e\u043d\u043d\u044b\u0435 \u043e\u043f\u0435\u0440\u0430\u0446\u0438\u0438, \u043f\u043e\u043b\u043d\u0430\u044f \u0440\u0435\u0430\u0431\u0438\u043b\u0438\u0442\u0430\u0446\u0438\u044f \u043f\u043e\u043b\u043e\u0441\u0442\u0438 \u0440\u0442\u0430 \u0441 \u043f\u043e\u043c\u043e\u0449\u044c\u044e \u0438\u043c\u043f\u043b\u0430\u043d\u0442\u0430\u0442\u043e\u0432, \u0441\u043b\u043e\u0436\u043d\u044b\u0435 \u043f\u0440\u043e\u0446\u0435\u0434\u0443\u0440\u044b \u043d\u0430 \u043a\u043e\u0441\u0442\u043d\u043e\u0439 \u0442\u043a\u0430\u043d\u0438 \u0438 \u043c\u044f\u0433\u043a\u0438\u0445 \u0442\u043a\u0430\u043d\u044f\u0445, \u0430 \u0442\u0430\u043a\u0436\u0435 \u044d\u0441\u0442\u0435\u0442\u0438\u0447\u0435\u0441\u043a\u0430\u044f \u0440\u0435\u0430\u0431\u0438\u043b\u0438\u0442\u0430\u0446\u0438\u044f \u0443\u043b\u044b\u0431\u043a\u0438 \u0441\u043e\u0441\u0442\u0430\u0432\u043b\u044f\u044e\u0442 \u043e\u0441\u043d\u043e\u0432\u043d\u044b\u0435 \u043e\u0431\u043b\u0430\u0441\u0442\u0438 \u0441\u043f\u0435\u0446\u0438\u0430\u043b\u0438\u0437\u0430\u0446\u0438\u0438 \u0434\u043e\u043a\u0442\u043e\u0440\u0430 \u0422\u044e\u0440\u043a\u0430\u043d. \u041f\u0440\u0438 \u043f\u043b\u0430\u043d\u0438\u0440\u043e\u0432\u0430\u043d\u0438\u0438 \u043b\u0435\u0447\u0435\u043d\u0438\u044f \u044d\u0441\u0442\u0435\u0442\u0438\u0447\u0435\u0441\u043a\u0438\u0435 \u0440\u0435\u0437\u0443\u043b\u044c\u0442\u0430\u0442\u044b \u043e\u0446\u0435\u043d\u0438\u0432\u0430\u044e\u0442\u0441\u044f \u043d\u0430\u0440\u044f\u0434\u0443 \u0441 \u0444\u0443\u043d\u043a\u0446\u0438\u043e\u043d\u0430\u043b\u044c\u043d\u043e\u0441\u0442\u044c\u044e, \u0431\u0438\u043e\u043b\u043e\u0433\u0438\u0447\u0435\u0441\u043a\u043e\u0439 \u0441\u043e\u0432\u043c\u0435\u0441\u0442\u0438\u043c\u043e\u0441\u0442\u044c\u044e \u0438 \u0434\u043e\u043b\u0433\u043e\u0441\u0440\u043e\u0447\u043d\u043e\u0439 \u0441\u0442\u0430\u0431\u0438\u043b\u044c\u043d\u043e\u0441\u0442\u044c\u044e. \u0412 \u0441\u043e\u043e\u0442\u0432\u0435\u0442\u0441\u0442\u0432\u0438\u0438 \u0441 \u044d\u0442\u0438\u043c \u043f\u043e\u0434\u0445\u043e\u0434\u043e\u043c, \u043a\u043e\u0442\u043e\u0440\u044b\u0439 \u043d\u0430\u043f\u0440\u044f\u043c\u0443\u044e \u0432\u043b\u0438\u044f\u0435\u0442 \u043d\u0430 \u0443\u0434\u043e\u0432\u043b\u0435\u0442\u0432\u043e\u0440\u0435\u043d\u043d\u043e\u0441\u0442\u044c \u043f\u0430\u0446\u0438\u0435\u043d\u0442\u043e\u0432, \u043d\u0438 \u043e\u0434\u0438\u043d \u043f\u043b\u0430\u043d \u043b\u0435\u0447\u0435\u043d\u0438\u044f \u043d\u0435 \u0443\u0442\u0432\u0435\u0440\u0436\u0434\u0430\u0435\u0442\u0441\u044f \u0431\u0435\u0437 \u043f\u043e\u0434\u0440\u043e\u0431\u043d\u043e\u0433\u043e \u0432\u043d\u0443\u0442\u0440\u0438\u0440\u043e\u0442\u043e\u0432\u043e\u0433\u043e \u043e\u0431\u0441\u043b\u0435\u0434\u043e\u0432\u0430\u043d\u0438\u044f, \u043f\u0440\u0438\u043c\u0435\u043d\u0435\u043d\u0438\u044f \u043f\u0435\u0440\u0435\u0434\u043e\u0432\u044b\u0445 \u043c\u0435\u0442\u043e\u0434\u043e\u0432 \u0432\u0438\u0437\u0443\u0430\u043b\u0438\u0437\u0430\u0446\u0438\u0438 \u0438 \u043a\u043e\u043c\u043f\u043b\u0435\u043a\u0441\u043d\u043e\u0433\u043e \u0430\u043d\u0430\u043b\u0438\u0437\u0430.<\/p><p class=\"p1\">\u0421\u0447\u0438\u0442\u0430\u044f \u043f\u0440\u043e\u0444\u0435\u0441\u0441\u0438\u043e\u043d\u0430\u043b\u044c\u043d\u043e\u0435 \u0440\u0430\u0437\u0432\u0438\u0442\u0438\u0435 \u0441\u0432\u043e\u0435\u0439 \u043f\u043e\u0441\u0442\u043e\u044f\u043d\u043d\u043e\u0439 \u043e\u0431\u044f\u0437\u0430\u043d\u043d\u043e\u0441\u0442\u044c\u044e, \u0434\u043e\u043a\u0442\u043e\u0440 \u041c\u0435\u0445\u043c\u0435\u0442 \u0410\u043a\u0438\u0444 \u0422\u044e\u0440\u043a\u0430\u043d \u0430\u043a\u0442\u0438\u0432\u043d\u043e \u0443\u0447\u0430\u0441\u0442\u0432\u0443\u0435\u0442 \u0432 \u043c\u043d\u043e\u0433\u043e\u0447\u0438\u0441\u043b\u0435\u043d\u043d\u044b\u0445 \u043a\u043e\u043d\u0433\u0440\u0435\u0441\u0441\u0430\u0445, \u043a\u0443\u0440\u0441\u0430\u0445 \u0438 \u043f\u0435\u0440\u0435\u0434\u043e\u0432\u044b\u0445 \u043d\u0430\u0443\u0447\u043d\u044b\u0445 \u043f\u0440\u043e\u0433\u0440\u0430\u043c\u043c\u0430\u0445 \u043a\u0430\u043a \u0432 \u0422\u0443\u0440\u0446\u0438\u0438, \u0442\u0430\u043a \u0438 \u0437\u0430 \u0440\u0443\u0431\u0435\u0436\u043e\u043c. \u041f\u043e\u043c\u0438\u043c\u043e \u0432\u043d\u0435\u0434\u0440\u0435\u043d\u0438\u044f \u0441\u043e\u0432\u0440\u0435\u043c\u0435\u043d\u043d\u044b\u0445 \u043d\u0430\u0443\u0447\u043d\u044b\u0445 \u043f\u043e\u0434\u0445\u043e\u0434\u043e\u0432 \u0432 \u0441\u0432\u043e\u044e \u043a\u043b\u0438\u043d\u0438\u0447\u0435\u0441\u043a\u0443\u044e \u043f\u0440\u0430\u043a\u0442\u0438\u043a\u0443, \u043e\u043d \u0434\u0435\u043b\u0438\u0442\u0441\u044f \u0441\u0432\u043e\u0438\u043c\u0438 \u0437\u043d\u0430\u043d\u0438\u044f\u043c\u0438 \u0438 \u043e\u043f\u044b\u0442\u043e\u043c \u0432 \u043e\u0431\u043b\u0430\u0441\u0442\u0438 \u0438\u043c\u043f\u043b\u0430\u043d\u0442\u043e\u043b\u043e\u0433\u0438\u0438 \u0441 \u043a\u043e\u043b\u043b\u0435\u0433\u0430\u043c\u0438 \u043d\u0430 \u043a\u0443\u0440\u0441\u0430\u0445, \u043a\u043e\u043d\u0433\u0440\u0435\u0441\u0441\u0430\u0445 \u0438 \u0441\u0435\u043c\u0438\u043d\u0430\u0440\u0430\u0445. \u0415\u0433\u043e \u043f\u043b\u0430\u043d\u044b \u043b\u0435\u0447\u0435\u043d\u0438\u044f \u043e\u0441\u043d\u043e\u0432\u0430\u043d\u044b \u043d\u0430 \u0446\u0438\u0444\u0440\u043e\u0432\u043e\u043c \u0430\u043d\u0430\u043b\u0438\u0437\u0435, \u0434\u043e\u043a\u0430\u0437\u0430\u0442\u0435\u043b\u044c\u043d\u044b\u0445 \u043f\u0440\u043e\u0442\u043e\u043a\u043e\u043b\u0430\u0445 \u0438 \u0438\u043d\u0434\u0438\u0432\u0438\u0434\u0443\u0430\u043b\u044c\u043d\u044b\u0445 \u0445\u0438\u0440\u0443\u0440\u0433\u0438\u0447\u0435\u0441\u043a\u0438\u0445 \u043f\u043e\u0434\u0445\u043e\u0434\u0430\u0445.<\/p><p class=\"p1\">\u0414\u043e\u043a\u0442\u043e\u0440 \u0422\u044e\u0440\u043a\u0430\u043d \u0442\u0430\u043a\u0436\u0435 \u0430\u043a\u0442\u0438\u0432\u043d\u043e \u0437\u0430\u043d\u0438\u043c\u0430\u0435\u0442\u0441\u044f \u043c\u0435\u0434\u0438\u0446\u0438\u043d\u0441\u043a\u0438\u043c \u0442\u0443\u0440\u0438\u0437\u043c\u043e\u043c, \u043e\u043a\u0430\u0437\u044b\u0432\u0430\u044f \u043f\u043e\u043c\u043e\u0449\u044c \u0438\u043d\u043e\u0441\u0442\u0440\u0430\u043d\u043d\u044b\u043c \u043f\u0430\u0446\u0438\u0435\u043d\u0442\u0430\u043c. \u0415\u0433\u043e \u0446\u0435\u043b\u044c \u0437\u0430\u043a\u043b\u044e\u0447\u0430\u0435\u0442\u0441\u044f \u043d\u0435 \u0442\u043e\u043b\u044c\u043a\u043e \u0432 \u043f\u0440\u0435\u0434\u043e\u0441\u0442\u0430\u0432\u043b\u0435\u043d\u0438\u0438 \u043b\u0435\u0447\u0435\u043d\u0438\u044f, \u043d\u043e \u0438 \u0432 \u043e\u0431\u0435\u0441\u043f\u0435\u0447\u0435\u043d\u0438\u0438 \u043f\u043e\u043b\u043d\u043e\u0441\u0442\u044c\u044e \u0441\u043f\u043b\u0430\u043d\u0438\u0440\u043e\u0432\u0430\u043d\u043d\u043e\u0433\u043e, \u043f\u0440\u043e\u0437\u0440\u0430\u0447\u043d\u043e\u0433\u043e, \u0431\u0435\u0437\u043e\u043f\u0430\u0441\u043d\u043e\u0433\u043e \u0438 \u043f\u0440\u043e\u0444\u0435\u0441\u0441\u0438\u043e\u043d\u0430\u043b\u044c\u043d\u043e\u0433\u043e \u043a\u043b\u0438\u043d\u0438\u0447\u0435\u0441\u043a\u043e\u0433\u043e \u043e\u043f\u044b\u0442\u0430 \u043e\u0442 \u043d\u0430\u0447\u0430\u043b\u0430 \u0434\u043e \u043a\u043e\u043d\u0446\u0430, \u0441 \u043e\u0441\u043e\u0431\u044b\u043c \u0430\u043a\u0446\u0435\u043d\u0442\u043e\u043c \u043d\u0430 \u0443\u0434\u043e\u0432\u043b\u0435\u0442\u0432\u043e\u0440\u0435\u043d\u0438\u0435 \u043f\u043e\u0442\u0440\u0435\u0431\u043d\u043e\u0441\u0442\u0435\u0439 \u043f\u0430\u0446\u0438\u0435\u043d\u0442\u043e\u0432. \u0414\u043b\u044f \u043a\u0430\u0436\u0434\u043e\u0433\u043e \u043f\u0430\u0446\u0438\u0435\u043d\u0442\u0430 \u043e\u0441\u043d\u043e\u0432\u043d\u043e\u0439 \u0446\u0435\u043b\u044c\u044e \u044f\u0432\u043b\u044f\u0435\u0442\u0441\u044f \u043f\u043e\u0441\u0442\u0430\u043d\u043e\u0432\u043a\u0430 \u0442\u043e\u0447\u043d\u043e\u0433\u043e \u0434\u0438\u0430\u0433\u043d\u043e\u0437\u0430, \u0442\u0449\u0430\u0442\u0435\u043b\u044c\u043d\u043e\u0435 \u043f\u043b\u0430\u043d\u0438\u0440\u043e\u0432\u0430\u043d\u0438\u0435 \u0438 \u0434\u043e\u0441\u0442\u0438\u0436\u0435\u043d\u0438\u0435 \u0444\u0443\u043d\u043a\u0446\u0438\u043e\u043d\u0430\u043b\u044c\u043d\u044b\u0445 \u0438 \u044d\u0441\u0442\u0435\u0442\u0438\u0447\u0435\u0441\u043a\u0438\u0445 \u0440\u0435\u0437\u0443\u043b\u044c\u0442\u0430\u0442\u043e\u0432, \u043a\u043e\u0442\u043e\u0440\u044b\u0435 \u0433\u0430\u0440\u0430\u043d\u0442\u0438\u0440\u0443\u044e\u0442 \u0434\u043e\u043b\u0433\u043e\u0441\u0440\u043e\u0447\u043d\u043e\u0435 \u0443\u0434\u043e\u0432\u043b\u0435\u0442\u0432\u043e\u0440\u0435\u043d\u0438\u0435.<\/p><p class=\"p1\">\u0414\u043e\u043a\u0442\u043e\u0440 \u041c\u0435\u0445\u043c\u0435\u0442 \u0410\u043a\u0438\u0444 \u0422\u044e\u0440\u043a\u0430\u043d \u043f\u0440\u043e\u0434\u043e\u043b\u0436\u0430\u0435\u0442 \u0441\u0432\u043e\u044e \u0440\u0430\u0431\u043e\u0442\u0443 \u0432 \u043e\u0431\u043b\u0430\u0441\u0442\u0438 \u0438\u043c\u043f\u043b\u0430\u043d\u0442\u043e\u043b\u043e\u0433\u0438\u0438 \u0438 \u044d\u0441\u0442\u0435\u0442\u0438\u0447\u0435\u0441\u043a\u043e\u0439 \u0441\u0442\u043e\u043c\u0430\u0442\u043e\u043b\u043e\u0433\u0438\u0438 \u0432 <span class=\"s1\"><b>\u041c\u0435\u0436\u0434\u0443\u043d\u0430\u0440\u043e\u0434\u043d\u0430\u044f \u0441\u0442\u043e\u043c\u0430\u0442\u043e\u043b\u043e\u0433\u0438\u0447\u0435\u0441\u043a\u0430\u044f \u043a\u043b\u0438\u043d\u0438\u043a\u0430 Dr. Mat<\/b><\/span>, \u043a\u043e\u0442\u043e\u0440\u0443\u044e \u043e\u043d \u043e\u0441\u043d\u043e\u0432\u0430\u043b.<\/p>\t\t\t\t\t\t\t\t<\/div>\n\t\t\t\t<\/div>\n\t\t\t\t\t<\/div>\n\t\t\t\t<\/div>\n\t\t\t\t<\/div>","protected":false},"excerpt":{"rendered":"<p>Dr. Mehmet Akif T\u00fcrkan Dr. Mehmet Akif T\u00fcrkan Implant and Cosmetic Dentistry Biography Dr. Mehmet Akif T\u00fcrkan is among the leading dentists in T\u00fcrkiye, distinguished by his high clinical success in advanced implant surgery and recognized as one of the select practitioners in his field. At the core of his professional approach lie scientific accuracy, [&hellip;]<\/p>\n","protected":false},"author":1,"featured_media":0,"parent":6215,"menu_order":0,"comment_status":"closed","ping_status":"closed","template":"","meta":{"footnotes":""},"class_list":["post-6589","page","type-page","status-publish","hentry"],"_links":{"self":[{"href":"https:\/\/drmatdentalclinic.com\/ru\/wp-json\/wp\/v2\/pages\/6589","targetHints":{"allow":["GET"]}}],"collection":[{"href":"https:\/\/drmatdentalclinic.com\/ru\/wp-json\/wp\/v2\/pages"}],"about":[{"href":"https:\/\/drmatdentalclinic.com\/ru\/wp-json\/wp\/v2\/types\/page"}],"author":[{"embeddable":true,"href":"https:\/\/drmatdentalclinic.com\/ru\/wp-json\/wp\/v2\/users\/1"}],"replies":[{"embeddable":true,"href":"https:\/\/drmatdentalclinic.com\/ru\/wp-json\/wp\/v2\/comments?post=6589"}],"version-history":[{"count":23,"href":"https:\/\/drmatdentalclinic.com\/ru\/wp-json\/wp\/v2\/pages\/6589\/revisions"}],"predecessor-version":[{"id":6820,"href":"https:\/\/drmatdentalclinic.com\/ru\/wp-json\/wp\/v2\/pages\/6589\/revisions\/6820"}],"up":[{"embeddable":true,"href":"https:\/\/drmatdentalclinic.com\/ru\/wp-json\/wp\/v2\/pages\/6215"}],"wp:attachment":[{"href":"https:\/\/drmatdentalclinic.com\/ru\/wp-json\/wp\/v2\/media?parent=6589"}],"curies":[{"name":"wp","href":"https:\/\/api.w.org\/{rel}","templated":true}]}}