{"id":6594,"date":"2025-12-29T20:02:47","date_gmt":"2025-12-29T20:02:47","guid":{"rendered":"http:\/\/drmatdentalclinic.com\/?page_id=6594"},"modified":"2026-01-07T07:49:35","modified_gmt":"2026-01-07T07:49:35","slug":"%d0%b4%d0%be%d0%ba%d1%82%d0%be%d1%80-%d0%b1%d0%b5%d1%82%d1%83%d0%bb","status":"publish","type":"page","link":"https:\/\/drmatdentalclinic.com\/ru\/%d0%bd%d0%b0%d1%88-%d0%b2%d1%80%d0%b0%d1%87\/%d0%b4%d0%be%d0%ba%d1%82%d0%be%d1%80-%d0%b1%d0%b5%d1%82%d1%83%d0%bb\/","title":{"rendered":"\u0414\u043e\u043a\u0442\u043e\u0440 \u0411\u0435\u0442\u044e\u043b\u044c"},"content":{"rendered":"<div data-elementor-type=\"wp-page\" data-elementor-id=\"6594\" class=\"elementor elementor-6594\">\n\t\t\t\t<div class=\"elementor-element elementor-element-7200cbd e-flex e-con-boxed e-con e-parent\" data-id=\"7200cbd\" data-element_type=\"container\" data-e-type=\"container\" data-settings=\"{&quot;background_background&quot;:&quot;gradient&quot;,&quot;shape_divider_bottom&quot;:&quot;lqd-custom-shape-8&quot;}\">\n\t\t\t\t\t<div class=\"e-con-inner\">\n\t\t\t\t<div class=\"elementor-shape elementor-shape-bottom\" aria-hidden=\"true\" data-negative=\"false\">\n\t\t\t<svg class=\"lqd-custom-shape\" xmlns=\"http:\/\/www.w3.org\/2000\/svg\" viewbox=\"0 0 1440 100\" preserveaspectratio=\"none\">\n    <path class=\"elementor-shape-fill\" id=\"Row_Separator\" data-name=\"Row Separator\" d=\"M1440,0Q1080,99,720,99T0,0V100H1440Z\" \/>\n<\/svg>\t\t<\/div>\n\t\t\t\t<div class=\"elementor-element elementor-element-3b62e89 elementor-widget elementor-widget-hub_fancy_heading\" data-id=\"3b62e89\" data-element_type=\"widget\" data-e-type=\"widget\" data-widget_type=\"hub_fancy_heading.default\">\n\t\t\t\t<div class=\"elementor-widget-container\">\n\t\t\t\t\t\n\t\t<div id=\"ld-fancy-heading-69da7ca66ffdd\" class=\"ld-fancy-heading pos-rel\">\n\t\t\t<h1 class=\"ld-fh-element d-inline-block pos-rel  elementor-heading-title lqd-highlight-classic lqd-highlight-grow-left h1\"  > \u0414\u043e\u043a\u0442\u043e\u0440 \u0411\u0435\u0442\u044e\u043b\u044c<\/h1>\t\t<\/div>\n\n\t\t\t\t\t\t<\/div>\n\t\t\t\t<\/div>\n\t\t\t\t\t<\/div>\n\t\t\t\t<\/div>\n\t\t<div class=\"elementor-element elementor-element-16fb009 e-flex e-con-boxed e-con e-parent\" data-id=\"16fb009\" data-element_type=\"container\" data-e-type=\"container\">\n\t\t\t\t\t<div class=\"e-con-inner\">\n\t\t<div class=\"elementor-element elementor-element-71b2e6e e-con-full e-flex e-con e-child\" data-id=\"71b2e6e\" data-element_type=\"container\" data-e-type=\"container\">\n\t\t\t\t<div class=\"elementor-element elementor-element-d0a2b5a elementor-widget elementor-widget-ld_team_member\" data-id=\"d0a2b5a\" data-element_type=\"widget\" data-e-type=\"widget\" data-widget_type=\"ld_team_member.default\">\n\t\t\t\t<div class=\"elementor-widget-container\">\n\t\t\t\t\t\n\t\t<div class=\"lqd-tm pos-rel lqd-tm-style-1\" data-inview=\"true\">\n\n\t\t\t\t\t\t\t\t<div class=\"lqd-tm-img\">\n\t\t\t\t\t\t<figure>\n\t\t\t\t\t\t\t<img fetchpriority=\"high\" decoding=\"async\" width=\"600\" height=\"800\" src=\"https:\/\/drmatdentalclinic.com\/wp-content\/uploads\/2026\/01\/Adsiz-tasarim-35.jpg\" class=\"w-100\" alt=\"\u0414\u043e\u043a\u0442\u043e\u0440 \u0411\u0435\u0442\u044e\u043b\u044c\" srcset=\"https:\/\/drmatdentalclinic.com\/wp-content\/uploads\/2026\/01\/Adsiz-tasarim-35.jpg 600w, https:\/\/drmatdentalclinic.com\/wp-content\/uploads\/2026\/01\/Adsiz-tasarim-35-225x300.jpg 225w, https:\/\/drmatdentalclinic.com\/wp-content\/uploads\/2026\/01\/Adsiz-tasarim-35-9x12.jpg 9w\" sizes=\"(max-width: 600px) 100vw, 600px\" itemprop=\"image\" \/>\t\t\t\t\t\t<\/figure>\n\t\t\t\t\t<\/div>\n\n\t\t\t\t\t<div\n\t\t\t\t\t\tclass=\"lqd-tm-details ps-6 pe-6 pt-4 pb-4\"\n\t\t\t\t\t\tdata-custom-animations=\"true\"\n\t\t\t\t\t\tdata-ca-options='{ \"triggerHandler\": \"inview\", \"animationTarget\": \"h3,h6\", \"duration\": 1200, \"delay\": 120,  \"startDelay\": 350, \"direction\": \"backward\", \"initValues\": { \"translateY\": -30, \"opacity\": 0 }, \"animations\": { \"translateY\": 0, \"opacity\": 1 } }'\n\t\t\t\t\t>\n\t\t\t\t\t\t<div class=\"lqd-tm-bg lqd-overlay\" data-reveal=\"true\" data-reveal-options='{ \"direction\": \"tb\", \"bgcolor\": \"#fff\", \"duration\": 700, \"coverArea\": 100 }'><\/div>\n\t\t\t\t\t\t<h3 class=\"mt-0 mb-2\">\u0414\u043e\u043a\u0442\u043e\u0440 \u0411\u0435\u0442\u044e\u043b\u044c<\/h3>\n\t\t\t\t\t\t<h6 class=\"mt-0 mb-0 font-weight-normal\">\u041a\u043e\u0441\u043c\u0435\u0442\u0438\u0447\u0435\u0441\u043a\u0438\u0439 \u0434\u0438\u0437\u0430\u0439\u043d \u0443\u043b\u044b\u0431\u043a\u0438<\/h6>\n\t\t\t\t\t\t\t\t\t\t\t\t\t<a href=\"https:\/\/drmatdentalclinic.com\/ru\/%d0%bd%d0%b0%d1%88-%d0%b2%d1%80%d0%b0%d1%87\/%d0%b4%d0%be%d0%ba%d1%82%d0%be%d1%80-%d0%b1%d0%b5%d1%82%d1%83%d0%bb\/\" rel=\"nofollow\" class=\"lqd-overlay\"><\/a>\n\t\t\t\t\t\t\t\t\t\t\t<\/div>\n\t\t\t\t\t\t\t\t\t\t\t<a href=\"https:\/\/drmatdentalclinic.com\/ru\/%d0%bd%d0%b0%d1%88-%d0%b2%d1%80%d0%b0%d1%87\/%d0%b4%d0%be%d0%ba%d1%82%d0%be%d1%80-%d0%b1%d0%b5%d1%82%d1%83%d0%bb\/\" rel=\"nofollow\" class=\"lqd-overlay\"><\/a>\n\t\t\t\t\t\t\t\t\t\n\t\t<\/div>\n\n\t\t\t\t\t\t<\/div>\n\t\t\t\t<\/div>\n\t\t\t\t<\/div>\n\t\t<div class=\"elementor-element elementor-element-be21ebb e-con-full e-flex e-con e-child\" data-id=\"be21ebb\" data-element_type=\"container\" data-e-type=\"container\">\n\t\t\t\t<div class=\"elementor-element elementor-element-1a05b4a elementor-widget elementor-widget-hub_fancy_heading\" data-id=\"1a05b4a\" data-element_type=\"widget\" data-e-type=\"widget\" data-widget_type=\"hub_fancy_heading.default\">\n\t\t\t\t<div class=\"elementor-widget-container\">\n\t\t\t\t\t\n\t\t<div id=\"ld-fancy-heading-69da7ca670b79\" class=\"ld-fancy-heading pos-rel\">\n\t\t\t<h2 class=\"ld-fh-element d-inline-block pos-rel  elementor-heading-title lqd-highlight-classic lqd-highlight-grow-left h2\"  > \u0411\u0438\u043e\u0433\u0440\u0430\u0444\u0438\u044f<\/h2>\t\t<\/div>\n\n\t\t\t\t\t\t<\/div>\n\t\t\t\t<\/div>\n\t\t\t\t<div class=\"elementor-element elementor-element-aa4575a elementor-widget elementor-widget-text-editor\" data-id=\"aa4575a\" data-element_type=\"widget\" data-e-type=\"widget\" data-widget_type=\"text-editor.default\">\n\t\t\t\t\t\t\t\t\t<p class=\"p1\">\u0414\u043e\u043a\u0442\u043e\u0440 \u0411\u0435\u0442\u044e\u043b\u044c \u0432 \u043e\u0441\u043d\u043e\u0432\u043d\u043e\u043c \u043f\u0440\u0430\u043a\u0442\u0438\u043a\u0443\u0435\u0442 \u0432 \u043e\u0431\u043b\u0430\u0441\u0442\u0438 \u043f\u0440\u043e\u0442\u0435\u0437\u0438\u0440\u043e\u0432\u0430\u043d\u0438\u044f \u0437\u0443\u0431\u043e\u0432 \u0438 \u044d\u0441\u0442\u0435\u0442\u0438\u0447\u0435\u0441\u043a\u043e\u0439 \u0441\u0442\u043e\u043c\u0430\u0442\u043e\u043b\u043e\u0433\u0438\u0438, \u043f\u0440\u0435\u0434\u043e\u0441\u0442\u0430\u0432\u043b\u044f\u044f \u0443\u0441\u043b\u0443\u0433\u0438 \u043d\u0430 \u043e\u0441\u043d\u043e\u0432\u0435 \u043a\u043e\u043c\u043f\u043b\u0435\u043a\u0441\u043d\u043e\u0433\u043e \u043f\u043e\u0434\u0445\u043e\u0434\u0430, \u043a\u043e\u0442\u043e\u0440\u044b\u0439 \u043e\u0431\u044a\u0435\u0434\u0438\u043d\u044f\u0435\u0442 \u0444\u0443\u043d\u043a\u0446\u0438\u043e\u043d\u0430\u043b\u044c\u043d\u043e\u0441\u0442\u044c \u0438 \u044d\u0441\u0442\u0435\u0442\u0438\u043a\u0443. \u0412 \u0441\u0432\u043e\u0435\u0439 \u043a\u043b\u0438\u043d\u0438\u0447\u0435\u0441\u043a\u043e\u0439 \u043f\u0440\u0430\u043a\u0442\u0438\u043a\u0435 \u0435\u0435 \u043e\u0441\u043d\u043e\u0432\u043d\u043e\u0439 \u0446\u0435\u043b\u044c\u044e \u044f\u0432\u043b\u044f\u0435\u0442\u0441\u044f \u0441\u043e\u0437\u0434\u0430\u043d\u0438\u0435 \u0435\u0441\u0442\u0435\u0441\u0442\u0432\u0435\u043d\u043d\u044b\u0445, \u0433\u0430\u0440\u043c\u043e\u043d\u0438\u0447\u043d\u044b\u0445 \u0441 \u043b\u0438\u0446\u043e\u043c \u0438 \u0434\u043e\u043b\u0433\u043e\u0432\u0435\u0447\u043d\u044b\u0445 \u0440\u0435\u0441\u0442\u0430\u0432\u0440\u0430\u0446\u0438\u0439. \u041a\u0430\u0436\u0434\u044b\u0439 \u043f\u0440\u043e\u0446\u0435\u0441\u0441 \u043b\u0435\u0447\u0435\u043d\u0438\u044f \u0442\u0449\u0430\u0442\u0435\u043b\u044c\u043d\u043e \u043f\u043b\u0430\u043d\u0438\u0440\u0443\u0435\u0442\u0441\u044f \u043d\u0430 \u043e\u0441\u043d\u043e\u0432\u0435 \u0432\u0441\u0435\u0441\u0442\u043e\u0440\u043e\u043d\u043d\u0435\u0439 \u043e\u0446\u0435\u043d\u043a\u0438 \u043b\u0438\u043d\u0438\u0438 \u0443\u043b\u044b\u0431\u043a\u0438 \u043f\u0430\u0446\u0438\u0435\u043d\u0442\u0430, \u043f\u0440\u043e\u043f\u043e\u0440\u0446\u0438\u0439 \u043b\u0438\u0446\u0430, \u0441\u043e\u043e\u0442\u043d\u043e\u0448\u0435\u043d\u0438\u044f \u0447\u0435\u043b\u044e\u0441\u0442\u0435\u0439 \u0438 \u0444\u0443\u043d\u043a\u0446\u0438\u043e\u043d\u0430\u043b\u044c\u043d\u044b\u0445 \u043f\u043e\u0442\u0440\u0435\u0431\u043d\u043e\u0441\u0442\u0435\u0439.<\/p><p class=\"p1\">\u0414\u043e\u043a\u0442\u043e\u0440 \u0411\u0435\u0442\u044e\u043b\u044c \u0443\u0434\u0435\u043b\u044f\u0435\u0442 \u043e\u0441\u043e\u0431\u043e\u0435 \u0432\u043d\u0438\u043c\u0430\u043d\u0438\u0435 \u044d\u0441\u0442\u0435\u0442\u0438\u0447\u0435\u0441\u043a\u043e\u043c\u0443 \u0434\u0438\u0437\u0430\u0439\u043d\u0443 \u0443\u043b\u044b\u0431\u043a\u0438, \u0440\u0435\u0441\u0442\u0430\u0432\u0440\u0430\u0446\u0438\u044f\u043c \u0438\u0437 \u0446\u0438\u0440\u043a\u043e\u043d\u0438\u044f \u0438 \u0444\u0430\u0440\u0444\u043e\u0440\u0430, \u043f\u0440\u043e\u0442\u0435\u0437\u0438\u0440\u043e\u0432\u0430\u043d\u0438\u044e \u043d\u0430 \u0438\u043c\u043f\u043b\u0430\u043d\u0442\u0430\u0442\u0430\u0445 \u0438 \u043a\u043e\u043c\u043f\u043b\u0435\u043a\u0441\u043d\u044b\u043c \u0440\u0435\u0441\u0442\u0430\u0432\u0440\u0430\u0446\u0438\u043e\u043d\u043d\u044b\u043c \u043f\u0440\u043e\u0446\u0435\u0434\u0443\u0440\u0430\u043c. \u0412 \u0441\u0432\u043e\u0435\u043c \u043f\u043e\u0434\u0445\u043e\u0434\u0435 \u043e\u043d\u0430 \u0443\u0447\u0438\u0442\u044b\u0432\u0430\u0435\u0442 \u043d\u0435 \u0442\u043e\u043b\u044c\u043a\u043e \u044d\u0441\u0442\u0435\u0442\u0438\u0447\u0435\u0441\u043a\u0438\u0439 \u0432\u0438\u0434, \u043d\u043e \u0438 \u0436\u0435\u0432\u0430\u0442\u0435\u043b\u044c\u043d\u0443\u044e \u0444\u0443\u043d\u043a\u0446\u0438\u044e, \u043a\u043e\u043c\u0444\u043e\u0440\u0442 \u043f\u0440\u0438 \u0440\u0430\u0437\u0433\u043e\u0432\u043e\u0440\u0435 \u0438 \u0433\u0430\u0440\u043c\u043e\u043d\u0438\u044e \u0433\u0443\u0431 \u0438 \u0437\u0443\u0431\u043e\u0432. \u041f\u043e \u044d\u0442\u043e\u0439 \u043f\u0440\u0438\u0447\u0438\u043d\u0435 \u043a\u0430\u0436\u0434\u0430\u044f \u043f\u0440\u043e\u0446\u0435\u0434\u0443\u0440\u0430 \u0432\u044b\u043f\u043e\u043b\u043d\u044f\u0435\u0442\u0441\u044f \u0441 \u0432\u044b\u0441\u043e\u043a\u043e\u0439 \u0442\u043e\u0447\u043d\u043e\u0441\u0442\u044c\u044e \u043d\u0430 \u0432\u0441\u0435\u0445 \u044d\u0442\u0430\u043f\u0430\u0445, \u043e\u0442 \u0441\u043d\u044f\u0442\u0438\u044f \u043e\u0442\u0442\u0438\u0441\u043a\u043e\u0432 \u0434\u043e \u043f\u0440\u0438\u043c\u0435\u0440\u043a\u0438.<\/p><p class=\"p1\">\u0412 \u043e\u0441\u043d\u043e\u0432\u0435 \u0435\u0435 \u043f\u0440\u043e\u0444\u0435\u0441\u0441\u0438\u043e\u043d\u0430\u043b\u044c\u043d\u043e\u0439 \u0444\u0438\u043b\u043e\u0441\u043e\u0444\u0438\u0438 \u043b\u0435\u0436\u0430\u0442 \u0435\u0441\u0442\u0435\u0441\u0442\u0432\u0435\u043d\u043d\u0430\u044f \u044d\u0441\u0442\u0435\u0442\u0438\u043a\u0430, \u0444\u0443\u043d\u043a\u0446\u0438\u043e\u043d\u0430\u043b\u044c\u043d\u044b\u0439 \u0431\u0430\u043b\u0430\u043d\u0441 \u0438 \u0434\u043e\u043b\u0433\u043e\u0441\u0440\u043e\u0447\u043d\u0430\u044f \u0443\u0434\u043e\u0432\u043b\u0435\u0442\u0432\u043e\u0440\u0435\u043d\u043d\u043e\u0441\u0442\u044c \u043f\u0430\u0446\u0438\u0435\u043d\u0442\u043e\u0432, \u0430 \u043d\u0435 \u043a\u0440\u0430\u0442\u043a\u043e\u0441\u0440\u043e\u0447\u043d\u044b\u0435 \u0432\u0438\u0437\u0443\u0430\u043b\u044c\u043d\u044b\u0435 \u0440\u0435\u0437\u0443\u043b\u044c\u0442\u0430\u0442\u044b. \u041d\u0430 \u043a\u0430\u0436\u0434\u043e\u043c \u044d\u0442\u0430\u043f\u0435 \u043b\u0435\u0447\u0435\u043d\u0438\u044f \u043e\u043d\u0430 \u043f\u043e\u0434\u0434\u0435\u0440\u0436\u0438\u0432\u0430\u0435\u0442 \u043e\u0442\u043a\u0440\u044b\u0442\u043e\u0435 \u0438 \u043f\u0440\u043e\u0437\u0440\u0430\u0447\u043d\u043e\u0435 \u043e\u0431\u0449\u0435\u043d\u0438\u0435 \u0441\u043e \u0441\u0432\u043e\u0438\u043c\u0438 \u043f\u0430\u0446\u0438\u0435\u043d\u0442\u0430\u043c\u0438, \u0441\u0442\u0440\u0435\u043c\u044f\u0441\u044c \u0442\u043e\u0447\u043d\u043e \u043f\u043e\u043d\u044f\u0442\u044c \u0438\u0445 \u043e\u0436\u0438\u0434\u0430\u043d\u0438\u044f \u0438 \u043f\u0440\u0435\u0434\u043b\u043e\u0436\u0438\u0442\u044c \u0438\u043d\u0434\u0438\u0432\u0438\u0434\u0443\u0430\u043b\u044c\u043d\u044b\u0435 \u0440\u0435\u0448\u0435\u043d\u0438\u044f.<\/p>\t\t\t\t\t\t\t\t<\/div>\n\t\t\t\t<\/div>\n\t\t\t\t\t<\/div>\n\t\t\t\t<\/div>\n\t\t\t\t<\/div>","protected":false},"excerpt":{"rendered":"<p>Dr. Bet\u00fcl Dr. Bet\u00fcl Cosmetic Smile Designs Biography Dr. Bet\u00fcl primarily practices in the fields of prosthetic dental treatments and aesthetic dentistry, providing care through a holistic approach that integrates both function and aesthetics. In her clinical practice, her primary goal is to create natural-looking, facially harmonious, and long-lasting restorations. Each treatment process is carefully [&hellip;]<\/p>\n","protected":false},"author":1,"featured_media":0,"parent":6215,"menu_order":0,"comment_status":"closed","ping_status":"closed","template":"","meta":{"footnotes":""},"class_list":["post-6594","page","type-page","status-publish","hentry"],"_links":{"self":[{"href":"https:\/\/drmatdentalclinic.com\/ru\/wp-json\/wp\/v2\/pages\/6594","targetHints":{"allow":["GET"]}}],"collection":[{"href":"https:\/\/drmatdentalclinic.com\/ru\/wp-json\/wp\/v2\/pages"}],"about":[{"href":"https:\/\/drmatdentalclinic.com\/ru\/wp-json\/wp\/v2\/types\/page"}],"author":[{"embeddable":true,"href":"https:\/\/drmatdentalclinic.com\/ru\/wp-json\/wp\/v2\/users\/1"}],"replies":[{"embeddable":true,"href":"https:\/\/drmatdentalclinic.com\/ru\/wp-json\/wp\/v2\/comments?post=6594"}],"version-history":[{"count":11,"href":"https:\/\/drmatdentalclinic.com\/ru\/wp-json\/wp\/v2\/pages\/6594\/revisions"}],"predecessor-version":[{"id":6833,"href":"https:\/\/drmatdentalclinic.com\/ru\/wp-json\/wp\/v2\/pages\/6594\/revisions\/6833"}],"up":[{"embeddable":true,"href":"https:\/\/drmatdentalclinic.com\/ru\/wp-json\/wp\/v2\/pages\/6215"}],"wp:attachment":[{"href":"https:\/\/drmatdentalclinic.com\/ru\/wp-json\/wp\/v2\/media?parent=6594"}],"curies":[{"name":"wp","href":"https:\/\/api.w.org\/{rel}","templated":true}]}}