{"id":5965,"date":"2025-12-22T19:43:05","date_gmt":"2025-12-22T19:43:05","guid":{"rendered":"http:\/\/drmatdentalclinic.com\/?page_id=5965"},"modified":"2025-12-28T11:39:52","modified_gmt":"2025-12-28T11:39:52","slug":"genel-dis-hekimligi","status":"publish","type":"page","link":"https:\/\/drmatdentalclinic.com\/tr\/genel-dis-hekimligi\/","title":{"rendered":"Genel Di\u015f Hekimli\u011fi"},"content":{"rendered":"<div data-elementor-type=\"wp-page\" data-elementor-id=\"5965\" class=\"elementor elementor-5965\">\n\t\t\t\t<div class=\"elementor-element elementor-element-70c5087 e-flex e-con-boxed e-con e-parent\" data-id=\"70c5087\" data-element_type=\"container\" data-e-type=\"container\" data-settings=\"{&quot;background_background&quot;:&quot;gradient&quot;,&quot;shape_divider_bottom&quot;:&quot;lqd-custom-shape-8&quot;}\">\n\t\t\t\t\t<div class=\"e-con-inner\">\n\t\t\t\t<div class=\"elementor-shape elementor-shape-bottom\" aria-hidden=\"true\" data-negative=\"false\">\n\t\t\t<svg class=\"lqd-custom-shape\" xmlns=\"http:\/\/www.w3.org\/2000\/svg\" viewbox=\"0 0 1440 100\" preserveaspectratio=\"none\">\n    <path class=\"elementor-shape-fill\" id=\"Row_Separator\" data-name=\"Row Separator\" d=\"M1440,0Q1080,99,720,99T0,0V100H1440Z\" \/>\n<\/svg>\t\t<\/div>\n\t\t\t\t<div class=\"elementor-element elementor-element-79834a5 elementor-widget elementor-widget-hub_fancy_heading\" data-id=\"79834a5\" data-element_type=\"widget\" data-e-type=\"widget\" data-widget_type=\"hub_fancy_heading.default\">\n\t\t\t\t<div class=\"elementor-widget-container\">\n\t\t\t\t\t\n\t\t<div id=\"ld-fancy-heading-69da570ff2f72\" class=\"ld-fancy-heading pos-rel\">\n\t\t\t<h1 class=\"ld-fh-element d-inline-block pos-rel  elementor-heading-title lqd-highlight-classic lqd-highlight-grow-left h1\"  > Genel Di\u015f Hekimli\u011fi<\/h1>\t\t<\/div>\n\n\t\t\t\t\t\t<\/div>\n\t\t\t\t<\/div>\n\t\t\t\t\t<\/div>\n\t\t\t\t<\/div>\n\t\t<div class=\"elementor-element elementor-element-b3a4377 e-flex e-con-boxed e-con e-parent\" data-id=\"b3a4377\" data-element_type=\"container\" data-e-type=\"container\">\n\t\t\t\t\t<div class=\"e-con-inner\">\n\t\t<div class=\"elementor-element elementor-element-efe6224 e-con-full e-flex e-con e-child\" data-id=\"efe6224\" data-element_type=\"container\" data-e-type=\"container\">\n\t\t\t\t<div class=\"elementor-element elementor-element-6703b37 elementor-widget__width-initial elementor-widget elementor-widget-hub_fancy_heading\" data-id=\"6703b37\" data-element_type=\"widget\" data-e-type=\"widget\" data-widget_type=\"hub_fancy_heading.default\">\n\t\t\t\t<div class=\"elementor-widget-container\">\n\t\t\t\t\t\n\t\t<div id=\"ld-fancy-heading-69da570ff35dd\" class=\"ld-fancy-heading pos-rel\">\n\t\t\t<h2 class=\"ld-fh-element d-inline-block pos-rel  elementor-heading-title lqd-highlight-classic lqd-highlight-grow-left h2\"  > A\u011f\u0131z Sa\u011fl\u0131\u011f\u0131 ve Parlak Bir G\u00fcl\u00fcmsemenin Temeli<\/h2>\t\t<\/div>\n\n\t\t\t\t\t\t<\/div>\n\t\t\t\t<\/div>\n\t\t\t\t<div class=\"elementor-element elementor-element-56b4892 elementor-widget elementor-widget-text-editor\" data-id=\"56b4892\" data-element_type=\"widget\" data-e-type=\"widget\" data-widget_type=\"text-editor.default\">\n\t\t\t\t\t\t\t\t\t<p data-path-to-node=\"5\">Genel di\u015f hekimli\u011fi nedir? G\u00fcl\u00fcmsemenizi sa\u011fl\u0131kl\u0131 tutmak i\u00e7in rutin kontroller ve profesyonel temizliklerden dolgu ve kanal tedavisine kadar temel tedavileri ke\u015ffedin.<\/p>\t\t\t\t\t\t\t\t<\/div>\n\t\t\t\t<div class=\"elementor-element elementor-element-a80eb26 elementor-widget elementor-widget-ld_button\" data-id=\"a80eb26\" data-element_type=\"widget\" data-e-type=\"widget\" data-widget_type=\"ld_button.default\">\n\t\t\t\t<div class=\"elementor-widget-container\">\n\t\t\t\t\t\n\t\t\t<a\n\t\t\t\thref=\"https:\/\/api.whatsapp.com\/send\/?phone=355694457000&#038;text&#038;type=phone_number&#038;app_absent=0\"class=\"elementor-button btn btn-solid btn-icon-shaped btn-has-label\"\t\t\t>\n\t\t\t\t\t\t\t\t\t<span data-text=\"Free Consultation\" class=\"btn-txt\">\n\t\t\t\t\t\t\u00dccretsiz Dan\u0131\u015fmanl\u0131k\t\t\t\t\t<\/span>\n\t\t\t\t\t\t\t\t\t\t\t<\/a>\n\t\t\t\t\t\t\t<\/div>\n\t\t\t\t<\/div>\n\t\t\t\t<\/div>\n\t\t<div class=\"elementor-element elementor-element-a5ebbdf e-con-full e-flex e-con e-child\" data-id=\"a5ebbdf\" data-element_type=\"container\" data-e-type=\"container\">\n\t\t\t\t<div class=\"elementor-element elementor-element-33fce13 elementor-widget elementor-widget-ld_fancy_image\" data-id=\"33fce13\" data-element_type=\"widget\" data-e-type=\"widget\" data-widget_type=\"ld_fancy_image.default\">\n\t\t\t\t<div class=\"elementor-widget-container\">\n\t\t\t\t\t\n\t\t<div class=\"lqd-imggrp-single d-block pos-rel\">\n\t\t\t<div class=\"lqd-imggrp-img-container d-inline-flex pos-rel align-items-center justify-content-center\">\n\t\t\t\t\t\t\t\t<figure class=\"w-100 pos-rel\">\n\t\t\t\t\t<img fetchpriority=\"high\" decoding=\"async\" width=\"1024\" height=\"1024\" src=\"https:\/\/drmatdentalclinic.com\/wp-content\/uploads\/2025\/12\/1.jpg\" class=\"attachment-full size-full wp-image-6147\" alt=\"\" srcset=\"https:\/\/drmatdentalclinic.com\/wp-content\/uploads\/2025\/12\/1.jpg 1024w, https:\/\/drmatdentalclinic.com\/wp-content\/uploads\/2025\/12\/1-300x300.jpg 300w, https:\/\/drmatdentalclinic.com\/wp-content\/uploads\/2025\/12\/1-150x150.jpg 150w, https:\/\/drmatdentalclinic.com\/wp-content\/uploads\/2025\/12\/1-320x320.jpg 320w, https:\/\/drmatdentalclinic.com\/wp-content\/uploads\/2025\/12\/1-760x760.jpg 760w, https:\/\/drmatdentalclinic.com\/wp-content\/uploads\/2025\/12\/1-12x12.jpg 12w\" sizes=\"(max-width: 1024px) 100vw, 1024px\" itemprop=\"image\" \/>\t\t\t\t\t\t\t\t\t\t\t\t\t\t\t\t\t\t\t\t\t\t\t\t\t\t\t\t\t<\/figure>\n\t\t\t<\/div>\n\t\t<\/div>\n\n\t\t\t\t\t<\/div>\n\t\t\t\t<\/div>\n\t\t\t\t<\/div>\n\t\t\t\t\t<\/div>\n\t\t\t\t<\/div>\n\t\t<div class=\"elementor-element elementor-element-344c36a e-flex e-con-boxed e-con e-parent\" data-id=\"344c36a\" data-element_type=\"container\" data-e-type=\"container\" data-settings=\"{&quot;background_background&quot;:&quot;classic&quot;}\">\n\t\t\t\t\t<div class=\"e-con-inner\">\n\t\t<div class=\"elementor-element elementor-element-aaa304a e-con-full e-flex e-con e-child\" data-id=\"aaa304a\" data-element_type=\"container\" data-e-type=\"container\" data-settings=\"{&quot;background_background&quot;:&quot;classic&quot;}\">\n\t\t<div class=\"elementor-element elementor-element-f725e76 e-con-full e-flex e-con e-child\" data-id=\"f725e76\" data-element_type=\"container\" data-e-type=\"container\">\n\t\t\t\t<div class=\"elementor-element elementor-element-a0a4460 elementor-align-center elementor-widget elementor-widget-ld_counter\" data-id=\"a0a4460\" data-element_type=\"widget\" data-e-type=\"widget\" data-widget_type=\"ld_counter.default\">\n\t\t\t\t<div class=\"elementor-widget-container\">\n\t\t\t\t\t\n\t\t<div id=\"lqd-counter-a0a4460\" class=\"lqd-counter pos-rel center lqd-counter-default\">\n\n\t\t\t\n\t\t\t<div class=\"lqd-counter-element pos-rel h1\" data-enable-counter=\"true\" data-counter-options=\"{&quot;targetNumber&quot;:&quot;10+&quot;}\">\n\t\t\t\t<span class=\"lqd-counter-nums-wrap d-block pos-rel\">10+<\/span>\t\t\t<\/div>\n\n\t\t\t<span class=\"lqd-counter-text pos-rel\">Y\u0131llar\u0131n Deneyimi<\/span>\n\t\t<\/div>\n\n\t\t\t\t\t\t<\/div>\n\t\t\t\t<\/div>\n\t\t\t\t<\/div>\n\t\t<div class=\"elementor-element elementor-element-cdb16f2 e-con-full e-flex e-con e-child\" data-id=\"cdb16f2\" data-element_type=\"container\" data-e-type=\"container\">\n\t\t\t\t<div class=\"elementor-element elementor-element-9347bc2 elementor-align-center elementor-widget elementor-widget-ld_counter\" data-id=\"9347bc2\" data-element_type=\"widget\" data-e-type=\"widget\" data-widget_type=\"ld_counter.default\">\n\t\t\t\t<div class=\"elementor-widget-container\">\n\t\t\t\t\t\n\t\t<div id=\"lqd-counter-9347bc2\" class=\"lqd-counter pos-rel center lqd-counter-default\">\n\n\t\t\t\n\t\t\t<div class=\"lqd-counter-element pos-rel h1\" data-enable-counter=\"true\" data-counter-options=\"{&quot;targetNumber&quot;:&quot;15k+&quot;}\">\n\t\t\t\t<span class=\"lqd-counter-nums-wrap d-block pos-rel\">15 bin+<\/span>\t\t\t<\/div>\n\n\t\t\t<span class=\"lqd-counter-text pos-rel\">Mutlu Hasta<\/span>\n\t\t<\/div>\n\n\t\t\t\t\t\t<\/div>\n\t\t\t\t<\/div>\n\t\t\t\t<\/div>\n\t\t<div class=\"elementor-element elementor-element-b20f7b1 e-con-full e-flex e-con e-child\" data-id=\"b20f7b1\" data-element_type=\"container\" data-e-type=\"container\">\n\t\t\t\t<div class=\"elementor-element elementor-element-67578cd elementor-align-center elementor-widget elementor-widget-ld_counter\" data-id=\"67578cd\" data-element_type=\"widget\" data-e-type=\"widget\" data-widget_type=\"ld_counter.default\">\n\t\t\t\t<div class=\"elementor-widget-container\">\n\t\t\t\t\t\n\t\t<div id=\"lqd-counter-67578cd\" class=\"lqd-counter pos-rel center lqd-counter-default\">\n\n\t\t\t\n\t\t\t<div class=\"lqd-counter-element pos-rel h1\" data-enable-counter=\"true\" data-counter-options=\"{&quot;targetNumber&quot;:&quot;97%&quot;}\">\n\t\t\t\t<span class=\"lqd-counter-nums-wrap d-block pos-rel\">97%<\/span>\t\t\t<\/div>\n\n\t\t\t<span class=\"lqd-counter-text pos-rel\">Hasta Memnuniyeti<\/span>\n\t\t<\/div>\n\n\t\t\t\t\t\t<\/div>\n\t\t\t\t<\/div>\n\t\t\t\t<\/div>\n\t\t<div class=\"elementor-element elementor-element-6d1df82 e-con-full e-flex e-con e-child\" data-id=\"6d1df82\" data-element_type=\"container\" data-e-type=\"container\">\n\t\t\t\t<div class=\"elementor-element elementor-element-df95373 elementor-align-center elementor-widget elementor-widget-ld_counter\" data-id=\"df95373\" data-element_type=\"widget\" data-e-type=\"widget\" data-widget_type=\"ld_counter.default\">\n\t\t\t\t<div class=\"elementor-widget-container\">\n\t\t\t\t\t\n\t\t<div id=\"lqd-counter-df95373\" class=\"lqd-counter pos-rel center lqd-counter-default\">\n\n\t\t\t\n\t\t\t<div class=\"lqd-counter-element pos-rel h1\" data-enable-counter=\"true\" data-counter-options=\"{&quot;targetNumber&quot;:&quot;20+&quot;}\">\n\t\t\t\t<span class=\"lqd-counter-nums-wrap d-block pos-rel\">20+<\/span>\t\t\t<\/div>\n\n\t\t\t<span class=\"lqd-counter-text pos-rel\">Yurtd\u0131\u015f\u0131ndan Gelen Hastalar<\/span>\n\t\t<\/div>\n\n\t\t\t\t\t\t<\/div>\n\t\t\t\t<\/div>\n\t\t\t\t<\/div>\n\t\t\t\t<\/div>\n\t\t\t\t\t<\/div>\n\t\t\t\t<\/div>\n\t\t<div class=\"elementor-element elementor-element-378a937 e-flex e-con-boxed e-con e-parent\" data-id=\"378a937\" data-element_type=\"container\" data-e-type=\"container\">\n\t\t\t\t\t<div class=\"e-con-inner\">\n\t\t<div class=\"elementor-element elementor-element-f168990 e-con-full e-flex e-con e-child\" data-id=\"f168990\" data-element_type=\"container\" data-e-type=\"container\">\n\t\t<div class=\"elementor-element elementor-element-fd39977 e-con-full e-flex e-con e-child\" data-id=\"fd39977\" data-element_type=\"container\" data-e-type=\"container\">\n\t\t\t\t<div class=\"elementor-element elementor-element-652bc3d elementor-widget elementor-widget-text-editor\" data-id=\"652bc3d\" data-element_type=\"widget\" data-e-type=\"widget\" data-widget_type=\"text-editor.default\">\n\t\t\t\t\t\t\t\t\t<h3 data-path-to-node=\"7\"><b data-path-to-node=\"7\" data-index-in-node=\"0\">Genel Di\u015f Hekimli\u011fi Nedir?<\/b><\/h3><p data-path-to-node=\"8\">Genel di\u015f hekimli\u011fi, di\u015fleri, di\u015f etlerini ve \u00e7eneyi etkileyen \u00e7e\u015fitli durumlar\u0131n \u00f6nlenmesi, te\u015fhisi ve tedavisine odaklanan di\u015f bak\u0131m\u0131n\u0131n birincil dal\u0131d\u0131r. Genel sa\u011fl\u0131\u011f\u0131n\u0131z i\u00e7in bir birinci basamak hekimine gitti\u011finiz gibi, bir <b data-path-to-node=\"8\" data-index-in-node=\"233\">genel di\u015f hekimi<\/b> a\u011f\u0131z sa\u011fl\u0131\u011f\u0131n\u0131z i\u00e7in ana sa\u011flay\u0131c\u0131n\u0131zd\u0131r.<\/p><p data-path-to-node=\"9\">Genel di\u015f hekimine d\u00fczenli olarak gitmek sadece a\u011fr\u0131y\u0131 gidermekle kalmaz, ayn\u0131 zamanda do\u011fal di\u015flerinizi m\u00fcmk\u00fcn oldu\u011funca uzun s\u00fcre korumak ve a\u011fz\u0131n\u0131z\u0131n sa\u011fl\u0131kl\u0131 ve i\u015flevsel kalmas\u0131n\u0131 sa\u011flamak anlam\u0131na da gelir.<\/p><h3 data-path-to-node=\"10\"><b data-path-to-node=\"10\" data-index-in-node=\"0\">Temel Genel Di\u015f Hekimli\u011fi Tedavileri<\/b><\/h3><p data-path-to-node=\"11\">Optimum a\u011f\u0131z hijyenini korumak i\u00e7in genel di\u015f hekimli\u011fi, \u00e7ok \u00e7e\u015fitli temel hizmetleri kapsar:<\/p><h4 data-path-to-node=\"12\"><b data-path-to-node=\"12\" data-index-in-node=\"0\">1. Rutin Di\u015f Muayeneleri ve Te\u015fhisleri<\/b><\/h4><p data-path-to-node=\"13\">Erken te\u015fhis, di\u015f hekimli\u011finin temel ta\u015f\u0131d\u0131r. Rutin kontrol s\u0131ras\u0131nda di\u015f hekiminiz, geli\u015fmi\u015f ara\u00e7lar ve dijital r\u00f6ntgenler kullanarak gizli \u00e7\u00fcr\u00fckleri, di\u015f eti hastal\u0131klar\u0131n\u0131 ve hatta a\u011f\u0131z kanserinin erken belirtilerini tespit eder. Sorunlar\u0131 erken tespit etmek, tedaviyi daha basit, daha h\u0131zl\u0131 ve daha uygun maliyetli hale getirir.<\/p><h4 data-path-to-node=\"14\"><b data-path-to-node=\"14\" data-index-in-node=\"0\">2. Profesyonel Di\u015f Temizli\u011fi (Profilaksi)<\/b><\/h4><p data-path-to-node=\"15\">Evde \u00f6zenle di\u015f f\u0131r\u00e7alama ve di\u015f ipi kullanma al\u0131\u015fkanl\u0131\u011f\u0131n\u0131z olsa bile, plak sertle\u015ferek <b data-path-to-node=\"15\" data-index-in-node=\"73\">di\u015f ta\u015f\u0131 (kalk\u00fcl\u00fcs)<\/b>, di\u015f f\u0131r\u00e7as\u0131 ile temizlenemez. Profesyonel temizlik bu birikintileri giderir, di\u015f eti iltihab\u0131n\u0131 \u00f6nler ve di\u015flerinizi p\u00fcr\u00fczs\u00fcz ve parlak hissettirir.<\/p><h4 data-path-to-node=\"16\"><b data-path-to-node=\"16\" data-index-in-node=\"0\">3. Restoratif Dolgular<\/b><\/h4><p data-path-to-node=\"17\">Bir di\u015f \u00e7\u00fcr\u00fck nedeniyle hasar g\u00f6rd\u00fc\u011f\u00fcnde, yap\u0131s\u0131n\u0131 ve i\u015flevini geri kazanmak i\u00e7in dolgu kullan\u0131l\u0131r. \u00c7o\u011fu modern uygulamada <b data-path-to-node=\"17\" data-index-in-node=\"117\">kompozit (di\u015f renginde) dolgular<\/b> do\u011fal di\u015f minenizle kusursuz bir \u015fekilde uyum sa\u011flayarak hem dayan\u0131kl\u0131l\u0131k hem de estetik bir g\u00f6r\u00fcn\u00fcm sa\u011flar.<\/p><h4 data-path-to-node=\"18\"><b data-path-to-node=\"18\" data-index-in-node=\"0\">4. Kanal Tedavisi (Endodonti)<\/b><\/h4><p data-path-to-node=\"19\">Derin \u00e7\u00fcr\u00fck veya yaralanma nedeniyle di\u015fin pulpa (i\u00e7 sinir) enfekte olursa, di\u015fi \u00e7ekilmekten kurtarman\u0131n tek yolu genellikle kanal tedavisi olur. Bu i\u015flem, enfekte dokunun \u00e7\u0131kar\u0131lmas\u0131, kanal\u0131n dezenfekte edilmesi ve daha fazla enfeksiyonu \u00f6nlemek i\u00e7in kapat\u0131lmas\u0131n\u0131 i\u00e7erir.<\/p><h4 data-path-to-node=\"20\"><b data-path-to-node=\"20\" data-index-in-node=\"0\">5. Di\u015f Eti Hastal\u0131klar\u0131 Tedavisi (Periodontoloji)<\/b><\/h4><p data-path-to-node=\"21\">Sa\u011fl\u0131kl\u0131 di\u015f etleri, di\u015flerinizin \u201ctemelini\u201d olu\u015fturur. Genel di\u015f hekimli\u011fi, di\u015f eti hastal\u0131\u011f\u0131n\u0131n erken a\u015famalar\u0131 (di\u015f eti iltihab\u0131) ve daha ileri a\u015famalar\u0131 (di\u015f eti hastal\u0131\u011f\u0131) gibi derin temizlik teknikleriyle tedavi eder. <b data-path-to-node=\"21\" data-index-in-node=\"201\">di\u015f ta\u015f\u0131 temizli\u011fi ve k\u00f6k y\u00fczey d\u00fczeltme<\/b> di\u015f kayb\u0131n\u0131 \u00f6nlemek i\u00e7in.<\/p><hr data-path-to-node=\"22\" \/><h3 data-path-to-node=\"23\"><b data-path-to-node=\"23\" data-index-in-node=\"0\">Genel Di\u015f Hekimli\u011fi Neden \u00d6nemlidir?<\/b><\/h3><ul data-path-to-node=\"24\"><li><p data-path-to-node=\"24,0,0\"><b data-path-to-node=\"24,0,0\" data-index-in-node=\"0\">\u00d6nleyici Bak\u0131m:<\/b> Rutin ziyaretler, k\u00fc\u00e7\u00fck sorunlar\u0131n a\u011fr\u0131l\u0131 ve pahal\u0131 acil durumlara d\u00f6n\u00fc\u015fmesini \u00f6nler.<\/p><\/li><li><p data-path-to-node=\"24,1,0\"><b data-path-to-node=\"24,1,0\" data-index-in-node=\"0\">A\u011f\u0131z-V\u00fccut Ba\u011flant\u0131s\u0131:<\/b> Ara\u015ft\u0131rmalar, a\u011f\u0131z sa\u011fl\u0131\u011f\u0131n\u0131n kalp hastal\u0131\u011f\u0131, diyabet ve solunum yolu enfeksiyonlar\u0131 gibi sistemik rahats\u0131zl\u0131klarla ba\u011flant\u0131l\u0131 oldu\u011funu g\u00f6stermektedir.<\/p><\/li><li><p data-path-to-node=\"24,2,0\"><b data-path-to-node=\"24,2,0\" data-index-in-node=\"0\">\u0130\u015flevsel Uzun \u00d6m\u00fcr:<\/b> Do\u011fru bak\u0131m, hayat\u0131n\u0131z boyunca g\u00fcvenle yemek yiyebilmenizi, konu\u015fabilmenizi ve g\u00fcl\u00fcmseyebilmenizi sa\u011flar.<\/p><\/li><\/ul><blockquote data-path-to-node=\"25\"><p data-path-to-node=\"25,0\"><b data-path-to-node=\"25,0\" data-index-in-node=\"0\">Uzman \u0130pucu:<\/b> Di\u015f hekimleri en az\u0131ndan profesyonel bir kontrol ve temizlik yap\u0131lmas\u0131n\u0131 \u00f6nermektedir. <b data-path-to-node=\"25,0\" data-index-in-node=\"77\">alt\u0131 ayda bir<\/b> sa\u011fl\u0131kl\u0131 bir g\u00fcl\u00fcmsemeyi korumak i\u00e7in.<\/p><\/blockquote>\t\t\t\t\t\t\t\t<\/div>\n\t\t\t\t<\/div>\n\t\t<div class=\"lqd-css-sticky elementor-element elementor-element-4a91ca8 e-con-full e-flex e-con e-child\" style=\"top: auto; top: 120px;\" data-id=\"4a91ca8\" data-element_type=\"container\" data-e-type=\"container\" data-settings=\"{&quot;background_background&quot;:&quot;classic&quot;}\">\n\t\t<div class=\"lqd-css-sticky elementor-element elementor-element-c949353 e-con-full e-flex e-con e-child\" style=\"top: auto; top: 0px;\" data-id=\"c949353\" data-element_type=\"container\" data-e-type=\"container\">\n\t\t<div class=\"elementor-element elementor-element-15530d2 e-con-full e-flex e-con e-child\" data-id=\"15530d2\" data-element_type=\"container\" data-e-type=\"container\">\n\t\t\t\t<div class=\"elementor-element elementor-element-7d342b5 elementor-widget__width-initial elementor-widget-mobile__width-inherit elementor-widget elementor-widget-hub_fancy_heading\" data-id=\"7d342b5\" data-element_type=\"widget\" data-e-type=\"widget\" data-widget_type=\"hub_fancy_heading.default\">\n\t\t\t\t<div class=\"elementor-widget-container\">\n\t\t\t\t\t\n\t\t<div id=\"ld-fancy-heading-69da57100582b\" class=\"ld-fancy-heading pos-rel\">\n\t\t\t<h2 class=\"ld-fh-element d-inline-block pos-rel  elementor-heading-title lqd-highlight-classic lqd-highlight-grow-left h2\"  > \u00d6zel Bir G\u00fcl\u00fcmsemeye Do\u011fru Yolculu\u011funuzu Ba\u015flat\u0131n<\/h2>\t\t<\/div>\n\n\t\t\t\t\t\t<\/div>\n\t\t\t\t<\/div>\n\t\t\t\t<div class=\"elementor-element elementor-element-fc06a14 elementor-widget elementor-widget-ld_cf722\" data-id=\"fc06a14\" data-element_type=\"widget\" data-e-type=\"widget\" data-widget_type=\"ld_cf722.default\">\n\t\t\t\t<div class=\"elementor-widget-container\">\n\t\t\t\t\t\n\t<div class=\"lqd-contact-form   lqd-contact-form-inputs-round\">\n\t\t\n<div class=\"wpcf7 no-js\" id=\"wpcf7-f5799-o1\" lang=\"en-US\" dir=\"ltr\" data-wpcf7-id=\"5799\">\n<div class=\"screen-reader-response\"><p role=\"status\" aria-live=\"polite\" aria-atomic=\"true\"><\/p> <ul><\/ul><\/div>\n<form action=\"\/tr\/wp-json\/wp\/v2\/pages\/5965#wpcf7-f5799-o1\" method=\"post\" class=\"wpcf7-form init\" aria-label=\"Contact form\" novalidate=\"novalidate\" data-status=\"init\" data-trp-original-action=\"\/tr\/wp-json\/wp\/v2\/pages\/5965#wpcf7-f5799-o1\">\n<fieldset class=\"hidden-fields-container\"><input type=\"hidden\" name=\"_wpcf7\" value=\"5799\" \/><input type=\"hidden\" name=\"_wpcf7_version\" value=\"6.1.5\" \/><input type=\"hidden\" name=\"_wpcf7_locale\" value=\"en_US\" \/><input type=\"hidden\" name=\"_wpcf7_unit_tag\" value=\"wpcf7-f5799-o1\" \/><input type=\"hidden\" name=\"_wpcf7_container_post\" value=\"0\" \/><input type=\"hidden\" name=\"_wpcf7_posted_data_hash\" value=\"\" \/>\n<\/fieldset>\n<div class=\"form-row\">\n\t<div class=\"form-col\">\n\t\t<p><span class=\"wpcf7-form-control-wrap\" data-name=\"your-name\"><input size=\"40\" maxlength=\"400\" class=\"wpcf7-form-control wpcf7-text wpcf7-validates-as-required\" aria-required=\"true\" aria-invalid=\"false\" placeholder=\"Ad\u0131 ve Soyad\u0131\" value=\"\" type=\"text\" name=\"your-name\" \/><\/span>\n\t\t<\/p>\n\t<\/div>\n\t<div class=\"form-col\">\n\t\t<p><span class=\"wpcf7-form-control-wrap\" data-name=\"your-email\"><input size=\"40\" maxlength=\"400\" class=\"wpcf7-form-control wpcf7-email wpcf7-validates-as-required wpcf7-text wpcf7-validates-as-email\" aria-required=\"true\" aria-invalid=\"false\" placeholder=\"E-posta Adresi\" value=\"\" type=\"email\" name=\"your-email\" \/><\/span>\n\t\t<\/p>\n\t<\/div>\n<\/div>\n<div style=\"margin-bottom: 15px;\">\n\t<p><span class=\"wpcf7-form-control-wrap tel-107\"><input class=\"wpcf7-form-control wpcf7-tel wpcf7-validates-as-required wpcf7-validates-as-tel\" aria-required=\"true\" aria-invalid=\"false\" placeholder=\"Telefon\" value=\"\" type=\"tel\" name=\"tel-107_hide\" data-name=\"tel-107\"  data-pre=\"\" data-excludecountries=\"\" data-onlyct=\"\" data-defcountry=\"\" data-auto=\"1\" data-validation=\"1\" \/><\/span>\n\t<\/p>\n<\/div>\n<div class=\"form-full\">\n\t<p><span class=\"wpcf7-form-control-wrap\" data-name=\"your-message\"><textarea cols=\"10\" rows=\"4\" maxlength=\"2000\" class=\"wpcf7-form-control wpcf7-textarea wpcf7-validates-as-required\" aria-required=\"true\" aria-invalid=\"false\" placeholder=\"Mesaj\u0131n\u0131z\" name=\"your-message\"><\/textarea><\/span>\n\t<\/p>\n<\/div>\n<div class=\"form-submit\">\n\t<p><input class=\"wpcf7-form-control wpcf7-submit has-spinner\" type=\"submit\" value=\"Mesaj g\u00f6nder\" \/>\n\t<\/p>\n<\/div><div class=\"wpcf7-response-output\" aria-hidden=\"true\"><\/div>\n<input type=\"hidden\" name=\"trp-form-language\" value=\"tr\"\/><\/form>\n<\/div>\n\t<\/div>\n\n\t\t\t\t\t<\/div>\n\t\t\t\t<\/div>\n\t\t\t\t<\/div>\n\t\t<div class=\"elementor-element elementor-element-de7ed20 e-con-full e-flex e-con e-child\" data-id=\"de7ed20\" data-element_type=\"container\" data-e-type=\"container\">\n\t\t\t\t<div class=\"elementor-element elementor-element-0adba4e elementor-widget elementor-widget-ld_button\" data-id=\"0adba4e\" data-element_type=\"widget\" data-e-type=\"widget\" data-widget_type=\"ld_button.default\">\n\t\t\t\t<div class=\"elementor-widget-container\">\n\t\t\t\t\t\n\t\t\t<a\n\t\t\t\thref=\"https:\/\/api.whatsapp.com\/send\/?phone=355694457000&#038;text&#038;type=phone_number&#038;app_absent=0\"class=\"elementor-button btn btn-solid btn-icon-right btn-has-label\"\t\t\t>\n\t\t\t\t\t\t\t\t\t<span data-text=\"Free Consultation\" class=\"btn-txt\">\n\t\t\t\t\t\t\u00dccretsiz Dan\u0131\u015fmanl\u0131k\t\t\t\t\t<\/span>\n\t\t\t\t\t\t\t\t\t\t\t\t\t\t<span class=\"btn-icon\">\n\t\t\t\t\t\t\t<svg aria-hidden=\"true\" class=\"e-font-icon-svg e-fab-whatsapp\" viewbox=\"0 0 448 512\" xmlns=\"http:\/\/www.w3.org\/2000\/svg\"><path d=\"M380.9 97.1C339 55.1 283.2 32 223.9 32c-122.4 0-222 99.6-222 222 0 39.1 10.2 77.3 29.6 111L0 480l117.7-30.9c32.4 17.7 68.9 27 106.1 27h.1c122.3 0 224.1-99.6 224.1-222 0-59.3-25.2-115-67.1-157zm-157 341.6c-33.2 0-65.7-8.9-94-25.7l-6.7-4-69.8 18.3L72 359.2l-4.4-7c-18.5-29.4-28.2-63.3-28.2-98.2 0-101.7 82.8-184.5 184.6-184.5 49.3 0 95.6 19.2 130.4 54.1 34.8 34.9 56.2 81.2 56.1 130.5 0 101.8-84.9 184.6-186.6 184.6zm101.2-138.2c-5.5-2.8-32.8-16.2-37.9-18-5.1-1.9-8.8-2.8-12.5 2.8-3.7 5.6-14.3 18-17.6 21.8-3.2 3.7-6.5 4.2-12 1.4-32.6-16.3-54-29.1-75.5-66-5.7-9.8 5.7-9.1 16.3-30.3 1.8-3.7.9-6.9-.5-9.7-1.4-2.8-12.5-30.1-17.1-41.2-4.5-10.8-9.1-9.3-12.5-9.5-3.2-.2-6.9-.2-10.6-.2-3.7 0-9.7 1.4-14.8 6.9-5.1 5.6-19.4 19-19.4 46.3 0 27.3 19.9 53.7 22.6 57.4 2.8 3.7 39.1 59.7 94.8 83.8 35.2 15.2 49 16.5 66.6 13.9 10.7-1.6 32.8-13.4 37.4-26.4 4.6-13 4.6-24.1 3.2-26.4-1.3-2.5-5-3.9-10.5-6.6z\"><\/path><\/svg>\t\t\t\t\t\t<\/span>\n\t\t\t\t\t\t\t\t\t<\/a>\n\t\t\t\t\t\t\t<\/div>\n\t\t\t\t<\/div>\n\t\t\t\t<div class=\"elementor-element elementor-element-c42ea69 elementor-widget elementor-widget-ld_button\" data-id=\"c42ea69\" data-element_type=\"widget\" data-e-type=\"widget\" data-widget_type=\"ld_button.default\">\n\t\t\t\t<div class=\"elementor-widget-container\">\n\t\t\t\t\t\n\t\t\t<a\n\t\t\t\thref=\"tel:+355694457000\"class=\"elementor-button btn btn-solid btn-icon-right btn-has-label\"\t\t\t>\n\t\t\t\t\t\t\t\t\t<span data-text=\"Call nOW\" class=\"btn-txt\">\n\t\t\t\t\t\t\u015eimdi aray\u0131n\t\t\t\t\t<\/span>\n\t\t\t\t\t\t\t\t\t\t\t\t\t\t<span class=\"btn-icon\">\n\t\t\t\t\t\t\t<svg aria-hidden=\"true\" class=\"e-font-icon-svg e-fas-phone-volume\" viewbox=\"0 0 384 512\" xmlns=\"http:\/\/www.w3.org\/2000\/svg\"><path d=\"M97.333 506.966c-129.874-129.874-129.681-340.252 0-469.933 5.698-5.698 14.527-6.632 21.263-2.422l64.817 40.513a17.187 17.187 0 0 1 6.849 20.958l-32.408 81.021a17.188 17.188 0 0 1-17.669 10.719l-55.81-5.58c-21.051 58.261-20.612 122.471 0 179.515l55.811-5.581a17.188 17.188 0 0 1 17.669 10.719l32.408 81.022a17.188 17.188 0 0 1-6.849 20.958l-64.817 40.513a17.19 17.19 0 0 1-21.264-2.422zM247.126 95.473c11.832 20.047 11.832 45.008 0 65.055-3.95 6.693-13.108 7.959-18.718 2.581l-5.975-5.726c-3.911-3.748-4.793-9.622-2.261-14.41a32.063 32.063 0 0 0 0-29.945c-2.533-4.788-1.65-10.662 2.261-14.41l5.975-5.726c5.61-5.378 14.768-4.112 18.718 2.581zm91.787-91.187c60.14 71.604 60.092 175.882 0 247.428-4.474 5.327-12.53 5.746-17.552.933l-5.798-5.557c-4.56-4.371-4.977-11.529-.93-16.379 49.687-59.538 49.646-145.933 0-205.422-4.047-4.85-3.631-12.008.93-16.379l5.798-5.557c5.022-4.813 13.078-4.394 17.552.933zm-45.972 44.941c36.05 46.322 36.108 111.149 0 157.546-4.39 5.641-12.697 6.251-17.856 1.304l-5.818-5.579c-4.4-4.219-4.998-11.095-1.285-15.931 26.536-34.564 26.534-82.572 0-117.134-3.713-4.836-3.115-11.711 1.285-15.931l5.818-5.579c5.159-4.947 13.466-4.337 17.856 1.304z\"><\/path><\/svg>\t\t\t\t\t\t<\/span>\n\t\t\t\t\t\t\t\t\t<\/a>\n\t\t\t\t\t\t\t<\/div>\n\t\t\t\t<\/div>\n\t\t\t\t<\/div>\n\t\t\t\t<\/div>\n\t\t\t\t<\/div>\n\t\t\t\t<\/div>\n\t\t\t\t\t<\/div>\n\t\t\t\t<\/div>\n\t\t\t\t<\/div>","protected":false},"excerpt":{"rendered":"<p>General Dentistry The Foundation of Oral Health and a Radiant Smile What is general dentistry? Discover the essential treatments, from routine check-ups and professional cleanings to fillings and root canal therapy, to keep your smile healthy. Free Consultation 10+ Years of Experience 15k+ Happy Patient 97% Patient Satisfaction 20+ Patients from Abroad What is General [&hellip;]<\/p>\n","protected":false},"author":1,"featured_media":0,"parent":0,"menu_order":0,"comment_status":"closed","ping_status":"closed","template":"","meta":{"footnotes":""},"class_list":["post-5965","page","type-page","status-publish","hentry"],"_links":{"self":[{"href":"https:\/\/drmatdentalclinic.com\/tr\/wp-json\/wp\/v2\/pages\/5965","targetHints":{"allow":["GET"]}}],"collection":[{"href":"https:\/\/drmatdentalclinic.com\/tr\/wp-json\/wp\/v2\/pages"}],"about":[{"href":"https:\/\/drmatdentalclinic.com\/tr\/wp-json\/wp\/v2\/types\/page"}],"author":[{"embeddable":true,"href":"https:\/\/drmatdentalclinic.com\/tr\/wp-json\/wp\/v2\/users\/1"}],"replies":[{"embeddable":true,"href":"https:\/\/drmatdentalclinic.com\/tr\/wp-json\/wp\/v2\/comments?post=5965"}],"version-history":[{"count":43,"href":"https:\/\/drmatdentalclinic.com\/tr\/wp-json\/wp\/v2\/pages\/5965\/revisions"}],"predecessor-version":[{"id":6514,"href":"https:\/\/drmatdentalclinic.com\/tr\/wp-json\/wp\/v2\/pages\/5965\/revisions\/6514"}],"wp:attachment":[{"href":"https:\/\/drmatdentalclinic.com\/tr\/wp-json\/wp\/v2\/media?parent=5965"}],"curies":[{"name":"wp","href":"https:\/\/api.w.org\/{rel}","templated":true}]}}