{"id":6215,"date":"2025-12-27T11:26:25","date_gmt":"2025-12-27T11:26:25","guid":{"rendered":"http:\/\/drmatdentalclinic.com\/?page_id=6215"},"modified":"2026-01-07T07:48:56","modified_gmt":"2026-01-07T07:48:56","slug":"doktorumuz","status":"publish","type":"page","link":"https:\/\/drmatdentalclinic.com\/tr\/doktorumuz\/","title":{"rendered":"Doktorumuz"},"content":{"rendered":"<div data-elementor-type=\"wp-page\" data-elementor-id=\"6215\" class=\"elementor elementor-6215\">\n\t\t\t\t<div class=\"elementor-element elementor-element-7200cbd e-flex e-con-boxed e-con e-parent\" data-id=\"7200cbd\" data-element_type=\"container\" data-e-type=\"container\" data-settings=\"{&quot;background_background&quot;:&quot;gradient&quot;,&quot;shape_divider_bottom&quot;:&quot;lqd-custom-shape-8&quot;}\">\n\t\t\t\t\t<div class=\"e-con-inner\">\n\t\t\t\t<div class=\"elementor-shape elementor-shape-bottom\" aria-hidden=\"true\" data-negative=\"false\">\n\t\t\t<svg class=\"lqd-custom-shape\" xmlns=\"http:\/\/www.w3.org\/2000\/svg\" viewbox=\"0 0 1440 100\" preserveaspectratio=\"none\">\n    <path class=\"elementor-shape-fill\" id=\"Row_Separator\" data-name=\"Row Separator\" d=\"M1440,0Q1080,99,720,99T0,0V100H1440Z\" \/>\n<\/svg>\t\t<\/div>\n\t\t\t\t<div class=\"elementor-element elementor-element-3b62e89 elementor-widget elementor-widget-hub_fancy_heading\" data-id=\"3b62e89\" data-element_type=\"widget\" data-e-type=\"widget\" data-widget_type=\"hub_fancy_heading.default\">\n\t\t\t\t<div class=\"elementor-widget-container\">\n\t\t\t\t\t\n\t\t<div id=\"ld-fancy-heading-69da6c514bf89\" class=\"ld-fancy-heading pos-rel\">\n\t\t\t<h1 class=\"ld-fh-element d-inline-block pos-rel  elementor-heading-title lqd-highlight-classic lqd-highlight-grow-left h1\"  > Doktorumuz<\/h1>\t\t<\/div>\n\n\t\t\t\t\t\t<\/div>\n\t\t\t\t<\/div>\n\t\t\t\t\t<\/div>\n\t\t\t\t<\/div>\n\t\t<div class=\"elementor-element elementor-element-092ee02 e-grid e-con-boxed e-con e-parent\" data-id=\"092ee02\" data-element_type=\"container\" data-e-type=\"container\">\n\t\t\t\t\t<div class=\"e-con-inner\">\n\t\t\t\t<div class=\"elementor-element elementor-element-1dd781e elementor-widget elementor-widget-ld_team_member\" data-id=\"1dd781e\" data-element_type=\"widget\" data-e-type=\"widget\" data-widget_type=\"ld_team_member.default\">\n\t\t\t\t<div class=\"elementor-widget-container\">\n\t\t\t\t\t\n\t\t<div class=\"lqd-tm pos-rel lqd-tm-style-1\" data-inview=\"true\">\n\n\t\t\t\t\t\t\t\t<div class=\"lqd-tm-img\">\n\t\t\t\t\t\t<figure>\n\t\t\t\t\t\t\t<img fetchpriority=\"high\" decoding=\"async\" width=\"600\" height=\"800\" src=\"https:\/\/drmatdentalclinic.com\/wp-content\/uploads\/2026\/01\/Adsiz-tasarim-33.jpg\" class=\"w-100\" alt=\"Dr. Mehmet Akif T\u00fcrkan\" srcset=\"https:\/\/drmatdentalclinic.com\/wp-content\/uploads\/2026\/01\/Adsiz-tasarim-33.jpg 600w, https:\/\/drmatdentalclinic.com\/wp-content\/uploads\/2026\/01\/Adsiz-tasarim-33-225x300.jpg 225w, https:\/\/drmatdentalclinic.com\/wp-content\/uploads\/2026\/01\/Adsiz-tasarim-33-9x12.jpg 9w\" sizes=\"(max-width: 600px) 100vw, 600px\" itemprop=\"image\" \/>\t\t\t\t\t\t<\/figure>\n\t\t\t\t\t<\/div>\n\n\t\t\t\t\t<div\n\t\t\t\t\t\tclass=\"lqd-tm-details ps-6 pe-6 pt-4 pb-4\"\n\t\t\t\t\t\tdata-custom-animations=\"true\"\n\t\t\t\t\t\tdata-ca-options='{ \"triggerHandler\": \"inview\", \"animationTarget\": \"h3,h6\", \"duration\": 1200, \"delay\": 120,  \"startDelay\": 350, \"direction\": \"backward\", \"initValues\": { \"translateY\": -30, \"opacity\": 0 }, \"animations\": { \"translateY\": 0, \"opacity\": 1 } }'\n\t\t\t\t\t>\n\t\t\t\t\t\t<div class=\"lqd-tm-bg lqd-overlay\" data-reveal=\"true\" data-reveal-options='{ \"direction\": \"tb\", \"bgcolor\": \"#fff\", \"duration\": 700, \"coverArea\": 100 }'><\/div>\n\t\t\t\t\t\t<h3 class=\"mt-0 mb-2\">Dr. Mehmet Akif T\u00fcrkan<\/h3>\n\t\t\t\t\t\t<h6 class=\"mt-0 mb-0 font-weight-normal\">\u0130mplant ve Kozmetik Di\u015f Hekimli\u011fi<\/h6>\n\t\t\t\t\t\t\t\t\t\t\t\t\t<a href=\"https:\/\/drmatdentalclinic.com\/tr\/doktorumuz\/dr-mehmet-akif-turkan\/\" rel=\"nofollow\" class=\"lqd-overlay\"><\/a>\n\t\t\t\t\t\t\t\t\t\t\t<\/div>\n\t\t\t\t\t\t\t\t\t\t\t<a href=\"https:\/\/drmatdentalclinic.com\/tr\/doktorumuz\/dr-mehmet-akif-turkan\/\" rel=\"nofollow\" class=\"lqd-overlay\"><\/a>\n\t\t\t\t\t\t\t\t\t\n\t\t<\/div>\n\n\t\t\t\t\t\t<\/div>\n\t\t\t\t<\/div>\n\t\t\t\t<div class=\"elementor-element elementor-element-d8976fc elementor-widget elementor-widget-ld_team_member\" data-id=\"d8976fc\" data-element_type=\"widget\" data-e-type=\"widget\" data-widget_type=\"ld_team_member.default\">\n\t\t\t\t<div class=\"elementor-widget-container\">\n\t\t\t\t\t\n\t\t<div class=\"lqd-tm pos-rel lqd-tm-style-1\" data-inview=\"true\">\n\n\t\t\t\t\t\t\t\t<div class=\"lqd-tm-img\">\n\t\t\t\t\t\t<figure>\n\t\t\t\t\t\t\t<img decoding=\"async\" width=\"600\" height=\"800\" src=\"data:image\/svg+xml;charset=utf-8,%3Csvg xmlns%3D&#039;http%3A%2F%2Fwww.w3.org%2F2000%2Fsvg&#039; viewBox%3D&#039;0 0 600 800&#039;%2F%3E\" class=\"w-100 ld-lazyload\" alt=\"Dr. Bet\u00fcl\" itemprop=\"image\" data-src=\"https:\/\/drmatdentalclinic.com\/wp-content\/uploads\/2026\/01\/Adsiz-tasarim-35.jpg\" data-srcset=\"https:\/\/drmatdentalclinic.com\/wp-content\/uploads\/2026\/01\/Adsiz-tasarim-35.jpg 600w, https:\/\/drmatdentalclinic.com\/wp-content\/uploads\/2026\/01\/Adsiz-tasarim-35-225x300.jpg 225w, https:\/\/drmatdentalclinic.com\/wp-content\/uploads\/2026\/01\/Adsiz-tasarim-35-9x12.jpg 9w\" data-sizes=\"(max-width: 600px) 100vw, 600px\" data-aspect=\"0.75\" \/>\t\t\t\t\t\t<\/figure>\n\t\t\t\t\t<\/div>\n\n\t\t\t\t\t<div\n\t\t\t\t\t\tclass=\"lqd-tm-details ps-6 pe-6 pt-4 pb-4\"\n\t\t\t\t\t\tdata-custom-animations=\"true\"\n\t\t\t\t\t\tdata-ca-options='{ \"triggerHandler\": \"inview\", \"animationTarget\": \"h3,h6\", \"duration\": 1200, \"delay\": 120,  \"startDelay\": 350, \"direction\": \"backward\", \"initValues\": { \"translateY\": -30, \"opacity\": 0 }, \"animations\": { \"translateY\": 0, \"opacity\": 1 } }'\n\t\t\t\t\t>\n\t\t\t\t\t\t<div class=\"lqd-tm-bg lqd-overlay\" data-reveal=\"true\" data-reveal-options='{ \"direction\": \"tb\", \"bgcolor\": \"#fff\", \"duration\": 700, \"coverArea\": 100 }'><\/div>\n\t\t\t\t\t\t<h3 class=\"mt-0 mb-2\">Dr. Bet\u00fcl<\/h3>\n\t\t\t\t\t\t<h6 class=\"mt-0 mb-0 font-weight-normal\">Kozmetik G\u00fcl\u00fcmseme Tasar\u0131mlar\u0131<\/h6>\n\t\t\t\t\t\t\t\t\t\t\t\t\t<a href=\"https:\/\/drmatdentalclinic.com\/tr\/doktorumuz\/dr-betul\/\" rel=\"nofollow\" class=\"lqd-overlay\"><\/a>\n\t\t\t\t\t\t\t\t\t\t\t<\/div>\n\t\t\t\t\t\t\t\t\t\t\t<a href=\"https:\/\/drmatdentalclinic.com\/tr\/doktorumuz\/dr-betul\/\" rel=\"nofollow\" class=\"lqd-overlay\"><\/a>\n\t\t\t\t\t\t\t\t\t\n\t\t<\/div>\n\n\t\t\t\t\t\t<\/div>\n\t\t\t\t<\/div>\n\t\t\t\t\t<\/div>\n\t\t\t\t<\/div>\n\t\t\t\t<\/div>","protected":false},"excerpt":{"rendered":"<p>Our Doctor Dr. Mehmet Akif T\u00fcrkan Implant and Cosmetic Dentistry Dr. Bet\u00fcl Cosmetic Smile Designs<\/p>","protected":false},"author":1,"featured_media":0,"parent":0,"menu_order":0,"comment_status":"closed","ping_status":"closed","template":"","meta":{"footnotes":""},"class_list":["post-6215","page","type-page","status-publish","hentry"],"_links":{"self":[{"href":"https:\/\/drmatdentalclinic.com\/tr\/wp-json\/wp\/v2\/pages\/6215","targetHints":{"allow":["GET"]}}],"collection":[{"href":"https:\/\/drmatdentalclinic.com\/tr\/wp-json\/wp\/v2\/pages"}],"about":[{"href":"https:\/\/drmatdentalclinic.com\/tr\/wp-json\/wp\/v2\/types\/page"}],"author":[{"embeddable":true,"href":"https:\/\/drmatdentalclinic.com\/tr\/wp-json\/wp\/v2\/users\/1"}],"replies":[{"embeddable":true,"href":"https:\/\/drmatdentalclinic.com\/tr\/wp-json\/wp\/v2\/comments?post=6215"}],"version-history":[{"count":37,"href":"https:\/\/drmatdentalclinic.com\/tr\/wp-json\/wp\/v2\/pages\/6215\/revisions"}],"predecessor-version":[{"id":6830,"href":"https:\/\/drmatdentalclinic.com\/tr\/wp-json\/wp\/v2\/pages\/6215\/revisions\/6830"}],"wp:attachment":[{"href":"https:\/\/drmatdentalclinic.com\/tr\/wp-json\/wp\/v2\/media?parent=6215"}],"curies":[{"name":"wp","href":"https:\/\/api.w.org\/{rel}","templated":true}]}}