{"id":6301,"date":"2025-12-27T14:01:27","date_gmt":"2025-12-27T14:01:27","guid":{"rendered":"http:\/\/drmatdentalclinic.com\/?page_id=6301"},"modified":"2025-12-28T11:41:30","modified_gmt":"2025-12-28T11:41:30","slug":"hollywood-gulumsemesi-2","status":"publish","type":"page","link":"https:\/\/drmatdentalclinic.com\/tr\/hollywood-gulumsemesi-2\/","title":{"rendered":"Di\u015f Eti Hastal\u0131\u011f\u0131 Tedavisi"},"content":{"rendered":"<div data-elementor-type=\"wp-page\" data-elementor-id=\"6301\" class=\"elementor elementor-6301\">\n\t\t\t\t<div class=\"elementor-element elementor-element-70c5087 e-flex e-con-boxed e-con e-parent\" data-id=\"70c5087\" data-element_type=\"container\" data-e-type=\"container\" data-settings=\"{&quot;background_background&quot;:&quot;gradient&quot;,&quot;shape_divider_bottom&quot;:&quot;lqd-custom-shape-8&quot;}\">\n\t\t\t\t\t<div class=\"e-con-inner\">\n\t\t\t\t<div class=\"elementor-shape elementor-shape-bottom\" aria-hidden=\"true\" data-negative=\"false\">\n\t\t\t<svg class=\"lqd-custom-shape\" xmlns=\"http:\/\/www.w3.org\/2000\/svg\" viewbox=\"0 0 1440 100\" preserveaspectratio=\"none\">\n    <path class=\"elementor-shape-fill\" id=\"Row_Separator\" data-name=\"Row Separator\" d=\"M1440,0Q1080,99,720,99T0,0V100H1440Z\" \/>\n<\/svg>\t\t<\/div>\n\t\t\t\t<div class=\"elementor-element elementor-element-79834a5 elementor-widget elementor-widget-hub_fancy_heading\" data-id=\"79834a5\" data-element_type=\"widget\" data-e-type=\"widget\" data-widget_type=\"hub_fancy_heading.default\">\n\t\t\t\t<div class=\"elementor-widget-container\">\n\t\t\t\t\t\n\t\t<div id=\"ld-fancy-heading-69da6c16e796f\" class=\"ld-fancy-heading pos-rel\">\n\t\t\t<h1 class=\"ld-fh-element d-inline-block pos-rel  elementor-heading-title lqd-highlight-classic lqd-highlight-grow-left h1\"  > Di\u015f Eti Hastal\u0131\u011f\u0131 Tedavisi\n<\/h1>\t\t<\/div>\n\n\t\t\t\t\t\t<\/div>\n\t\t\t\t<\/div>\n\t\t\t\t\t<\/div>\n\t\t\t\t<\/div>\n\t\t<div class=\"elementor-element elementor-element-b3a4377 e-flex e-con-boxed e-con e-parent\" data-id=\"b3a4377\" data-element_type=\"container\" data-e-type=\"container\">\n\t\t\t\t\t<div class=\"e-con-inner\">\n\t\t<div class=\"elementor-element elementor-element-efe6224 e-con-full e-flex e-con e-child\" data-id=\"efe6224\" data-element_type=\"container\" data-e-type=\"container\">\n\t\t\t\t<div class=\"elementor-element elementor-element-6703b37 elementor-widget__width-initial elementor-widget elementor-widget-hub_fancy_heading\" data-id=\"6703b37\" data-element_type=\"widget\" data-e-type=\"widget\" data-widget_type=\"hub_fancy_heading.default\">\n\t\t\t\t<div class=\"elementor-widget-container\">\n\t\t\t\t\t\n\t\t<div id=\"ld-fancy-heading-69da6c16e7f95\" class=\"ld-fancy-heading pos-rel\">\n\t\t\t<h2 class=\"ld-fh-element d-inline-block pos-rel  elementor-heading-title lqd-highlight-classic lqd-highlight-grow-left h2\"  > Sa\u011fl\u0131kl\u0131 Bir G\u00fcl\u00fcmsemenin Temelini Korumak<\/h2>\t\t<\/div>\n\n\t\t\t\t\t\t<\/div>\n\t\t\t\t<\/div>\n\t\t\t\t<div class=\"elementor-element elementor-element-56b4892 elementor-widget elementor-widget-text-editor\" data-id=\"56b4892\" data-element_type=\"widget\" data-e-type=\"widget\" data-widget_type=\"text-editor.default\">\n\t\t\t\t\t\t\t\t\t<p data-start=\"78\" data-end=\"310\">Di\u015f eti hastal\u0131\u011f\u0131 tedavisi nedir? Di\u015f eti hastal\u0131\u011f\u0131 tedavisi, di\u015f etlerini ve di\u015flerin destekleyici yap\u0131lar\u0131n\u0131 etkileyen durumlar\u0131 \u00f6nlemeye, y\u00f6netmeye ve tersine \u00e7evirmeye odaklan\u0131r, b\u00f6ylece hem a\u011f\u0131z sa\u011fl\u0131\u011f\u0131n\u0131n hem de genel sa\u011fl\u0131\u011f\u0131n korunmas\u0131na yard\u0131mc\u0131 olur.<\/p>\t\t\t\t\t\t\t\t<\/div>\n\t\t\t\t<div class=\"elementor-element elementor-element-a80eb26 elementor-widget elementor-widget-ld_button\" data-id=\"a80eb26\" data-element_type=\"widget\" data-e-type=\"widget\" data-widget_type=\"ld_button.default\">\n\t\t\t\t<div class=\"elementor-widget-container\">\n\t\t\t\t\t\n\t\t\t<a\n\t\t\t\thref=\"https:\/\/api.whatsapp.com\/send\/?phone=355694457000&#038;text&#038;type=phone_number&#038;app_absent=0\"class=\"elementor-button btn btn-solid btn-icon-shaped btn-has-label\"\t\t\t>\n\t\t\t\t\t\t\t\t\t<span data-text=\"Free Consultation\" class=\"btn-txt\">\n\t\t\t\t\t\t\u00dccretsiz Dan\u0131\u015fmanl\u0131k\t\t\t\t\t<\/span>\n\t\t\t\t\t\t\t\t\t\t\t<\/a>\n\t\t\t\t\t\t\t<\/div>\n\t\t\t\t<\/div>\n\t\t\t\t<\/div>\n\t\t<div class=\"elementor-element elementor-element-a5ebbdf e-con-full e-flex e-con e-child\" data-id=\"a5ebbdf\" data-element_type=\"container\" data-e-type=\"container\">\n\t\t\t\t<div class=\"elementor-element elementor-element-33fce13 elementor-widget elementor-widget-ld_fancy_image\" data-id=\"33fce13\" data-element_type=\"widget\" data-e-type=\"widget\" data-widget_type=\"ld_fancy_image.default\">\n\t\t\t\t<div class=\"elementor-widget-container\">\n\t\t\t\t\t\n\t\t<div class=\"lqd-imggrp-single d-block pos-rel\">\n\t\t\t<div class=\"lqd-imggrp-img-container d-inline-flex pos-rel align-items-center justify-content-center\">\n\t\t\t\t\t\t\t\t<figure class=\"w-100 pos-rel\">\n\t\t\t\t\t<img fetchpriority=\"high\" decoding=\"async\" width=\"921\" height=\"755\" src=\"https:\/\/drmatdentalclinic.com\/wp-content\/uploads\/2025\/12\/General-Dentistry-3.png\" class=\"attachment-full size-full wp-image-6454\" alt=\"\" srcset=\"https:\/\/drmatdentalclinic.com\/wp-content\/uploads\/2025\/12\/General-Dentistry-3.png 921w, https:\/\/drmatdentalclinic.com\/wp-content\/uploads\/2025\/12\/General-Dentistry-3-300x246.png 300w, https:\/\/drmatdentalclinic.com\/wp-content\/uploads\/2025\/12\/General-Dentistry-3-15x12.png 15w\" sizes=\"(max-width: 921px) 100vw, 921px\" itemprop=\"image\" \/>\t\t\t\t\t\t\t\t\t\t\t\t\t\t\t\t\t\t\t\t\t\t\t\t\t\t\t\t\t<\/figure>\n\t\t\t<\/div>\n\t\t<\/div>\n\n\t\t\t\t\t<\/div>\n\t\t\t\t<\/div>\n\t\t\t\t<\/div>\n\t\t\t\t\t<\/div>\n\t\t\t\t<\/div>\n\t\t<div class=\"elementor-element elementor-element-344c36a e-flex e-con-boxed e-con e-parent\" data-id=\"344c36a\" data-element_type=\"container\" data-e-type=\"container\" data-settings=\"{&quot;background_background&quot;:&quot;classic&quot;}\">\n\t\t\t\t\t<div class=\"e-con-inner\">\n\t\t<div class=\"elementor-element elementor-element-aaa304a e-con-full e-flex e-con e-child\" data-id=\"aaa304a\" data-element_type=\"container\" data-e-type=\"container\" data-settings=\"{&quot;background_background&quot;:&quot;classic&quot;}\">\n\t\t<div class=\"elementor-element elementor-element-f725e76 e-con-full e-flex e-con e-child\" data-id=\"f725e76\" data-element_type=\"container\" data-e-type=\"container\">\n\t\t\t\t<div class=\"elementor-element elementor-element-a0a4460 elementor-align-center elementor-widget elementor-widget-ld_counter\" data-id=\"a0a4460\" data-element_type=\"widget\" data-e-type=\"widget\" data-widget_type=\"ld_counter.default\">\n\t\t\t\t<div class=\"elementor-widget-container\">\n\t\t\t\t\t\n\t\t<div id=\"lqd-counter-a0a4460\" class=\"lqd-counter pos-rel center lqd-counter-default\">\n\n\t\t\t\n\t\t\t<div class=\"lqd-counter-element pos-rel h1\" data-enable-counter=\"true\" data-counter-options=\"{&quot;targetNumber&quot;:&quot;10+&quot;}\">\n\t\t\t\t<span class=\"lqd-counter-nums-wrap d-block pos-rel\">10+<\/span>\t\t\t<\/div>\n\n\t\t\t<span class=\"lqd-counter-text pos-rel\">Y\u0131llar\u0131n Deneyimi<\/span>\n\t\t<\/div>\n\n\t\t\t\t\t\t<\/div>\n\t\t\t\t<\/div>\n\t\t\t\t<\/div>\n\t\t<div class=\"elementor-element elementor-element-cdb16f2 e-con-full e-flex e-con e-child\" data-id=\"cdb16f2\" data-element_type=\"container\" data-e-type=\"container\">\n\t\t\t\t<div class=\"elementor-element elementor-element-9347bc2 elementor-align-center elementor-widget elementor-widget-ld_counter\" data-id=\"9347bc2\" data-element_type=\"widget\" data-e-type=\"widget\" data-widget_type=\"ld_counter.default\">\n\t\t\t\t<div class=\"elementor-widget-container\">\n\t\t\t\t\t\n\t\t<div id=\"lqd-counter-9347bc2\" class=\"lqd-counter pos-rel center lqd-counter-default\">\n\n\t\t\t\n\t\t\t<div class=\"lqd-counter-element pos-rel h1\" data-enable-counter=\"true\" data-counter-options=\"{&quot;targetNumber&quot;:&quot;15k+&quot;}\">\n\t\t\t\t<span class=\"lqd-counter-nums-wrap d-block pos-rel\">15 bin+<\/span>\t\t\t<\/div>\n\n\t\t\t<span class=\"lqd-counter-text pos-rel\">Mutlu Hasta<\/span>\n\t\t<\/div>\n\n\t\t\t\t\t\t<\/div>\n\t\t\t\t<\/div>\n\t\t\t\t<\/div>\n\t\t<div class=\"elementor-element elementor-element-b20f7b1 e-con-full e-flex e-con e-child\" data-id=\"b20f7b1\" data-element_type=\"container\" data-e-type=\"container\">\n\t\t\t\t<div class=\"elementor-element elementor-element-67578cd elementor-align-center elementor-widget elementor-widget-ld_counter\" data-id=\"67578cd\" data-element_type=\"widget\" data-e-type=\"widget\" data-widget_type=\"ld_counter.default\">\n\t\t\t\t<div class=\"elementor-widget-container\">\n\t\t\t\t\t\n\t\t<div id=\"lqd-counter-67578cd\" class=\"lqd-counter pos-rel center lqd-counter-default\">\n\n\t\t\t\n\t\t\t<div class=\"lqd-counter-element pos-rel h1\" data-enable-counter=\"true\" data-counter-options=\"{&quot;targetNumber&quot;:&quot;97%&quot;}\">\n\t\t\t\t<span class=\"lqd-counter-nums-wrap d-block pos-rel\">97%<\/span>\t\t\t<\/div>\n\n\t\t\t<span class=\"lqd-counter-text pos-rel\">Hasta Memnuniyeti<\/span>\n\t\t<\/div>\n\n\t\t\t\t\t\t<\/div>\n\t\t\t\t<\/div>\n\t\t\t\t<\/div>\n\t\t<div class=\"elementor-element elementor-element-6d1df82 e-con-full e-flex e-con e-child\" data-id=\"6d1df82\" data-element_type=\"container\" data-e-type=\"container\">\n\t\t\t\t<div class=\"elementor-element elementor-element-df95373 elementor-align-center elementor-widget elementor-widget-ld_counter\" data-id=\"df95373\" data-element_type=\"widget\" data-e-type=\"widget\" data-widget_type=\"ld_counter.default\">\n\t\t\t\t<div class=\"elementor-widget-container\">\n\t\t\t\t\t\n\t\t<div id=\"lqd-counter-df95373\" class=\"lqd-counter pos-rel center lqd-counter-default\">\n\n\t\t\t\n\t\t\t<div class=\"lqd-counter-element pos-rel h1\" data-enable-counter=\"true\" data-counter-options=\"{&quot;targetNumber&quot;:&quot;20+&quot;}\">\n\t\t\t\t<span class=\"lqd-counter-nums-wrap d-block pos-rel\">20+<\/span>\t\t\t<\/div>\n\n\t\t\t<span class=\"lqd-counter-text pos-rel\">Yurtd\u0131\u015f\u0131ndan Gelen Hastalar<\/span>\n\t\t<\/div>\n\n\t\t\t\t\t\t<\/div>\n\t\t\t\t<\/div>\n\t\t\t\t<\/div>\n\t\t\t\t<\/div>\n\t\t\t\t\t<\/div>\n\t\t\t\t<\/div>\n\t\t<div class=\"elementor-element elementor-element-378a937 e-flex e-con-boxed e-con e-parent\" data-id=\"378a937\" data-element_type=\"container\" data-e-type=\"container\">\n\t\t\t\t\t<div class=\"e-con-inner\">\n\t\t<div class=\"elementor-element elementor-element-f168990 e-con-full e-flex e-con e-child\" data-id=\"f168990\" data-element_type=\"container\" data-e-type=\"container\">\n\t\t<div class=\"elementor-element elementor-element-fd39977 e-con-full e-flex e-con e-child\" data-id=\"fd39977\" data-element_type=\"container\" data-e-type=\"container\">\n\t\t\t\t<div class=\"elementor-element elementor-element-652bc3d elementor-widget elementor-widget-text-editor\" data-id=\"652bc3d\" data-element_type=\"widget\" data-e-type=\"widget\" data-widget_type=\"text-editor.default\">\n\t\t\t\t\t\t\t\t\t<h3 data-start=\"312\" data-end=\"336\">Di\u015f Eti Hastal\u0131\u011f\u0131 Nedir?<\/h3><p data-start=\"337\" data-end=\"660\">Periodontal hastal\u0131k olarak da bilinen di\u015f eti hastal\u0131\u011f\u0131, plak ve bakteri birikiminin neden oldu\u011fu di\u015f etlerinde meydana gelen bir enfeksiyondur. Genellikle \u015fu \u015fekilde ba\u015flar: <strong data-start=\"475\" data-end=\"489\">di\u015f eti iltihab\u0131<\/strong>, k\u0131rm\u0131z\u0131, \u015fi\u015fmi\u015f veya kanayan di\u015f etleri ile karakterizedir. Tedavi edilmezse, ilerleyebilir. <strong data-start=\"578\" data-end=\"595\">periodontitis<\/strong>, di\u015f eti \u00e7ekilmesine, kemik kayb\u0131na ve sonunda di\u015f kayb\u0131na yol a\u00e7ar.<\/p><h3 data-start=\"662\" data-end=\"705\">Di\u015f Eti Hastal\u0131\u011f\u0131 Tedavisi Neden \u00d6nemlidir?<\/h3><p data-start=\"706\" data-end=\"921\">Sa\u011fl\u0131kl\u0131 di\u015f etleri, g\u00fc\u00e7l\u00fc di\u015flerin temelidir. Tedavi edilmeyen di\u015f eti hastal\u0131\u011f\u0131 sadece di\u015f kayb\u0131na neden olmakla kalmaz, ayn\u0131 zamanda kalp hastal\u0131\u011f\u0131, diyabet ve di\u011fer iltihapl\u0131 rahats\u0131zl\u0131klar gibi sistemik rahats\u0131zl\u0131klarla da ba\u011flant\u0131l\u0131d\u0131r.<\/p><h3 data-start=\"923\" data-end=\"956\">Yayg\u0131n Di\u015f Eti Hastal\u0131klar\u0131 Tedavileri<\/h3><p data-start=\"957\" data-end=\"1020\">Tedavi t\u00fcr\u00fc, durumun ciddiyetine ba\u011fl\u0131d\u0131r:<\/p><h4 data-start=\"1022\" data-end=\"1083\">1. Profesyonel Derin Temizlik (Di\u015f Ta\u015f\u0131 Temizli\u011fi ve K\u00f6k D\u00fczeltme)<\/h4><p data-start=\"1084\" data-end=\"1292\">Bu cerrahi olmayan tedavi, di\u015f eti \u00e7izgisinin alt\u0131ndaki plak ve tartar\u0131 giderir ve di\u015f k\u00f6klerini p\u00fcr\u00fczs\u00fczle\u015ftirerek di\u015f etlerinin di\u015flere yeniden tutunmas\u0131na yard\u0131mc\u0131 olur. Erken ve orta dereceli di\u015f eti hastal\u0131klar\u0131 i\u00e7in en yayg\u0131n tedavi y\u00f6ntemidir.<\/p><h4 data-start=\"1294\" data-end=\"1323\">2. Antibakteriyel Tedavi<\/h4><p data-start=\"1324\" data-end=\"1439\">Bakteriyel enfeksiyonu azaltmak ve di\u015f eti iyile\u015fmesini desteklemek i\u00e7in ila\u00e7l\u0131 gargara, jel veya lokal antibiyotikler kullan\u0131labilir.<\/p><h4 data-start=\"1441\" data-end=\"1472\">3. Periodontal Bak\u0131m<\/h4><p data-start=\"1473\" data-end=\"1599\">\u0130lk tedaviden sonra, n\u00fcksetmeyi \u00f6nlemek ve di\u015f eti hastal\u0131\u011f\u0131n\u0131 kontrol alt\u0131nda tutmak i\u00e7in d\u00fczenli periodontal temizlikler \u00e7ok \u00f6nemlidir.<\/p><h4 data-start=\"1601\" data-end=\"1634\">4. \u0130leri Periodontal Bak\u0131m<\/h4><p data-start=\"1635\" data-end=\"1757\">Daha ciddi vakalarda, kemik ve doku hasar\u0131n\u0131 tedavi etmek i\u00e7in ileri tedaviler i\u00e7in bir periodontiste sevk gerekebilir.<\/p><h3 data-start=\"1759\" data-end=\"1803\">Di\u015f Eti Hastal\u0131\u011f\u0131 Tedavisine \u0130htiyac\u0131n\u0131z Olabilece\u011finin Belirtileri<\/h3><ul data-start=\"1804\" data-end=\"1981\"><li data-start=\"1804\" data-end=\"1847\"><p data-start=\"1806\" data-end=\"1847\">Di\u015f f\u0131r\u00e7alarken veya di\u015f ipi kullan\u0131rken di\u015f etlerinde kanama<\/p><\/li><li data-start=\"1848\" data-end=\"1880\"><p data-start=\"1850\" data-end=\"1880\">K\u0131rm\u0131z\u0131, \u015fi\u015fmi\u015f veya hassas di\u015f etleri<\/p><\/li><li data-start=\"1881\" data-end=\"1906\"><p data-start=\"1883\" data-end=\"1906\">Kal\u0131c\u0131 a\u011f\u0131z kokusu<\/p><\/li><li data-start=\"1907\" data-end=\"1948\"><p data-start=\"1909\" data-end=\"1948\">Di\u015f eti \u00e7ekilmesi veya daha uzun g\u00f6r\u00fcnen di\u015fler<\/p><\/li><li data-start=\"1949\" data-end=\"1981\"><p data-start=\"1951\" data-end=\"1981\">Gev\u015fek di\u015fler veya \u0131s\u0131rmada de\u011fi\u015fiklikler<\/p><\/li><\/ul><h3 data-start=\"1983\" data-end=\"2019\">Di\u015f Eti Hastal\u0131\u011f\u0131n\u0131n Tedavisinin Faydalar\u0131<\/h3><ul data-start=\"2020\" data-end=\"2181\"><li data-start=\"2020\" data-end=\"2049\"><p data-start=\"2022\" data-end=\"2049\">Hastal\u0131\u011f\u0131n ilerlemesini durdurur<\/p><\/li><li data-start=\"2050\" data-end=\"2077\"><p data-start=\"2052\" data-end=\"2077\">Do\u011fal di\u015fleri korur<\/p><\/li><li data-start=\"2078\" data-end=\"2116\"><p data-start=\"2080\" data-end=\"2116\">Di\u015f eti sa\u011fl\u0131\u011f\u0131n\u0131 ve g\u00f6r\u00fcn\u00fcm\u00fcn\u00fc iyile\u015ftirir<\/p><\/li><li data-start=\"2117\" data-end=\"2155\"><p data-start=\"2119\" data-end=\"2155\">\u0130ltihap ve enfeksiyonu azalt\u0131r<\/p><\/li><li data-start=\"2156\" data-end=\"2181\"><p data-start=\"2158\" data-end=\"2181\">Genel sa\u011fl\u0131\u011f\u0131 destekler<\/p><\/li><\/ul><h3 data-start=\"2183\" data-end=\"2197\">Uzman \u0130pucu<\/h3><p data-start=\"2198\" data-end=\"2365\">Do\u011fru di\u015f f\u0131r\u00e7alama, di\u015f ipi kullan\u0131m\u0131 ve d\u00fczenli di\u015f hekimi ziyaretleri dahil olmak \u00fczere tutarl\u0131 a\u011f\u0131z hijyeni, di\u015f eti hastal\u0131\u011f\u0131n\u0131 \u00f6nlemek ve tedaviden sonra di\u015f etlerinin sa\u011fl\u0131kl\u0131 kalmas\u0131n\u0131 sa\u011flamak i\u00e7in \u00e7ok \u00f6nemlidir.<\/p><p data-start=\"2367\" data-end=\"2530\" data-is-last-node=\"\" data-is-only-node=\"\"><strong data-start=\"2367\" data-end=\"2382\">\u00d6zetle:<\/strong> Di\u015f eti hastal\u0131\u011f\u0131n\u0131n tedavisi, di\u015f etlerinizi, di\u015flerinizi ve genel sa\u011fl\u0131\u011f\u0131n\u0131z\u0131 korumak i\u00e7in \u00e7ok \u00f6nemlidir. Bu tedavi, kendinden emin ve sa\u011fl\u0131kl\u0131 bir g\u00fcl\u00fcmseme i\u00e7in sa\u011flam bir temel olu\u015fturur.<\/p>\t\t\t\t\t\t\t\t<\/div>\n\t\t\t\t<\/div>\n\t\t<div class=\"lqd-css-sticky elementor-element elementor-element-4a91ca8 e-con-full e-flex e-con e-child\" style=\"top: auto; top: 120px;\" data-id=\"4a91ca8\" data-element_type=\"container\" data-e-type=\"container\" data-settings=\"{&quot;background_background&quot;:&quot;classic&quot;}\">\n\t\t<div class=\"lqd-css-sticky elementor-element elementor-element-c949353 e-con-full e-flex e-con e-child\" style=\"top: auto; top: 0px;\" data-id=\"c949353\" data-element_type=\"container\" data-e-type=\"container\">\n\t\t<div class=\"elementor-element elementor-element-15530d2 e-con-full e-flex e-con e-child\" data-id=\"15530d2\" data-element_type=\"container\" data-e-type=\"container\">\n\t\t\t\t<div class=\"elementor-element elementor-element-7d342b5 elementor-widget__width-initial elementor-widget-mobile__width-inherit elementor-widget elementor-widget-hub_fancy_heading\" data-id=\"7d342b5\" data-element_type=\"widget\" data-e-type=\"widget\" data-widget_type=\"hub_fancy_heading.default\">\n\t\t\t\t<div class=\"elementor-widget-container\">\n\t\t\t\t\t\n\t\t<div id=\"ld-fancy-heading-69da6c16ee1b2\" class=\"ld-fancy-heading pos-rel\">\n\t\t\t<h2 class=\"ld-fh-element d-inline-block pos-rel  elementor-heading-title lqd-highlight-classic lqd-highlight-grow-left h2\"  > \u00d6zel Bir G\u00fcl\u00fcmsemeye Do\u011fru Yolculu\u011funuzu Ba\u015flat\u0131n<\/h2>\t\t<\/div>\n\n\t\t\t\t\t\t<\/div>\n\t\t\t\t<\/div>\n\t\t\t\t<div class=\"elementor-element elementor-element-fc06a14 elementor-widget elementor-widget-ld_cf722\" data-id=\"fc06a14\" data-element_type=\"widget\" data-e-type=\"widget\" data-widget_type=\"ld_cf722.default\">\n\t\t\t\t<div class=\"elementor-widget-container\">\n\t\t\t\t\t\n\t<div class=\"lqd-contact-form   lqd-contact-form-inputs-round\">\n\t\t\n<div class=\"wpcf7 no-js\" id=\"wpcf7-f5799-o1\" lang=\"en-US\" dir=\"ltr\" data-wpcf7-id=\"5799\">\n<div class=\"screen-reader-response\"><p role=\"status\" aria-live=\"polite\" aria-atomic=\"true\"><\/p> <ul><\/ul><\/div>\n<form action=\"\/tr\/wp-json\/wp\/v2\/pages\/6301#wpcf7-f5799-o1\" method=\"post\" class=\"wpcf7-form init\" aria-label=\"Contact form\" novalidate=\"novalidate\" data-status=\"init\" data-trp-original-action=\"\/tr\/wp-json\/wp\/v2\/pages\/6301#wpcf7-f5799-o1\">\n<fieldset class=\"hidden-fields-container\"><input type=\"hidden\" name=\"_wpcf7\" value=\"5799\" \/><input type=\"hidden\" name=\"_wpcf7_version\" value=\"6.1.5\" \/><input type=\"hidden\" name=\"_wpcf7_locale\" value=\"en_US\" \/><input type=\"hidden\" name=\"_wpcf7_unit_tag\" value=\"wpcf7-f5799-o1\" \/><input type=\"hidden\" name=\"_wpcf7_container_post\" value=\"0\" \/><input type=\"hidden\" name=\"_wpcf7_posted_data_hash\" value=\"\" \/>\n<\/fieldset>\n<div class=\"form-row\">\n\t<div class=\"form-col\">\n\t\t<p><span class=\"wpcf7-form-control-wrap\" data-name=\"your-name\"><input size=\"40\" maxlength=\"400\" class=\"wpcf7-form-control wpcf7-text wpcf7-validates-as-required\" aria-required=\"true\" aria-invalid=\"false\" placeholder=\"Ad\u0131 ve Soyad\u0131\" value=\"\" type=\"text\" name=\"your-name\" \/><\/span>\n\t\t<\/p>\n\t<\/div>\n\t<div class=\"form-col\">\n\t\t<p><span class=\"wpcf7-form-control-wrap\" data-name=\"your-email\"><input size=\"40\" maxlength=\"400\" class=\"wpcf7-form-control wpcf7-email wpcf7-validates-as-required wpcf7-text wpcf7-validates-as-email\" aria-required=\"true\" aria-invalid=\"false\" placeholder=\"E-posta Adresi\" value=\"\" type=\"email\" name=\"your-email\" \/><\/span>\n\t\t<\/p>\n\t<\/div>\n<\/div>\n<div style=\"margin-bottom: 15px;\">\n\t<p><span class=\"wpcf7-form-control-wrap tel-107\"><input class=\"wpcf7-form-control wpcf7-tel wpcf7-validates-as-required wpcf7-validates-as-tel\" aria-required=\"true\" aria-invalid=\"false\" placeholder=\"Telefon\" value=\"\" type=\"tel\" name=\"tel-107_hide\" data-name=\"tel-107\"  data-pre=\"\" data-excludecountries=\"\" data-onlyct=\"\" data-defcountry=\"\" data-auto=\"1\" data-validation=\"1\" \/><\/span>\n\t<\/p>\n<\/div>\n<div class=\"form-full\">\n\t<p><span class=\"wpcf7-form-control-wrap\" data-name=\"your-message\"><textarea cols=\"10\" rows=\"4\" maxlength=\"2000\" class=\"wpcf7-form-control wpcf7-textarea wpcf7-validates-as-required\" aria-required=\"true\" aria-invalid=\"false\" placeholder=\"Mesaj\u0131n\u0131z\" name=\"your-message\"><\/textarea><\/span>\n\t<\/p>\n<\/div>\n<div class=\"form-submit\">\n\t<p><input class=\"wpcf7-form-control wpcf7-submit has-spinner\" type=\"submit\" value=\"Mesaj g\u00f6nder\" \/>\n\t<\/p>\n<\/div><div class=\"wpcf7-response-output\" aria-hidden=\"true\"><\/div>\n<input type=\"hidden\" name=\"trp-form-language\" value=\"tr\"\/><\/form>\n<\/div>\n\t<\/div>\n\n\t\t\t\t\t<\/div>\n\t\t\t\t<\/div>\n\t\t\t\t<\/div>\n\t\t<div class=\"elementor-element elementor-element-de7ed20 e-con-full e-flex e-con e-child\" data-id=\"de7ed20\" data-element_type=\"container\" data-e-type=\"container\">\n\t\t\t\t<div class=\"elementor-element elementor-element-0adba4e elementor-widget elementor-widget-ld_button\" data-id=\"0adba4e\" data-element_type=\"widget\" data-e-type=\"widget\" data-widget_type=\"ld_button.default\">\n\t\t\t\t<div class=\"elementor-widget-container\">\n\t\t\t\t\t\n\t\t\t<a\n\t\t\t\thref=\"https:\/\/api.whatsapp.com\/send\/?phone=355694457000&#038;text&#038;type=phone_number&#038;app_absent=0\"class=\"elementor-button btn btn-solid btn-icon-right btn-has-label\"\t\t\t>\n\t\t\t\t\t\t\t\t\t<span data-text=\"Free Consultation\" class=\"btn-txt\">\n\t\t\t\t\t\t\u00dccretsiz Dan\u0131\u015fmanl\u0131k\t\t\t\t\t<\/span>\n\t\t\t\t\t\t\t\t\t\t\t\t\t\t<span class=\"btn-icon\">\n\t\t\t\t\t\t\t<svg aria-hidden=\"true\" class=\"e-font-icon-svg e-fab-whatsapp\" viewbox=\"0 0 448 512\" xmlns=\"http:\/\/www.w3.org\/2000\/svg\"><path d=\"M380.9 97.1C339 55.1 283.2 32 223.9 32c-122.4 0-222 99.6-222 222 0 39.1 10.2 77.3 29.6 111L0 480l117.7-30.9c32.4 17.7 68.9 27 106.1 27h.1c122.3 0 224.1-99.6 224.1-222 0-59.3-25.2-115-67.1-157zm-157 341.6c-33.2 0-65.7-8.9-94-25.7l-6.7-4-69.8 18.3L72 359.2l-4.4-7c-18.5-29.4-28.2-63.3-28.2-98.2 0-101.7 82.8-184.5 184.6-184.5 49.3 0 95.6 19.2 130.4 54.1 34.8 34.9 56.2 81.2 56.1 130.5 0 101.8-84.9 184.6-186.6 184.6zm101.2-138.2c-5.5-2.8-32.8-16.2-37.9-18-5.1-1.9-8.8-2.8-12.5 2.8-3.7 5.6-14.3 18-17.6 21.8-3.2 3.7-6.5 4.2-12 1.4-32.6-16.3-54-29.1-75.5-66-5.7-9.8 5.7-9.1 16.3-30.3 1.8-3.7.9-6.9-.5-9.7-1.4-2.8-12.5-30.1-17.1-41.2-4.5-10.8-9.1-9.3-12.5-9.5-3.2-.2-6.9-.2-10.6-.2-3.7 0-9.7 1.4-14.8 6.9-5.1 5.6-19.4 19-19.4 46.3 0 27.3 19.9 53.7 22.6 57.4 2.8 3.7 39.1 59.7 94.8 83.8 35.2 15.2 49 16.5 66.6 13.9 10.7-1.6 32.8-13.4 37.4-26.4 4.6-13 4.6-24.1 3.2-26.4-1.3-2.5-5-3.9-10.5-6.6z\"><\/path><\/svg>\t\t\t\t\t\t<\/span>\n\t\t\t\t\t\t\t\t\t<\/a>\n\t\t\t\t\t\t\t<\/div>\n\t\t\t\t<\/div>\n\t\t\t\t<div class=\"elementor-element elementor-element-c42ea69 elementor-widget elementor-widget-ld_button\" data-id=\"c42ea69\" data-element_type=\"widget\" data-e-type=\"widget\" data-widget_type=\"ld_button.default\">\n\t\t\t\t<div class=\"elementor-widget-container\">\n\t\t\t\t\t\n\t\t\t<a\n\t\t\t\thref=\"tel:+355694457000\"class=\"elementor-button btn btn-solid btn-icon-right btn-has-label\"\t\t\t>\n\t\t\t\t\t\t\t\t\t<span data-text=\"Call nOW\" class=\"btn-txt\">\n\t\t\t\t\t\t\u015eimdi aray\u0131n\t\t\t\t\t<\/span>\n\t\t\t\t\t\t\t\t\t\t\t\t\t\t<span class=\"btn-icon\">\n\t\t\t\t\t\t\t<svg aria-hidden=\"true\" class=\"e-font-icon-svg e-fas-phone-volume\" viewbox=\"0 0 384 512\" xmlns=\"http:\/\/www.w3.org\/2000\/svg\"><path d=\"M97.333 506.966c-129.874-129.874-129.681-340.252 0-469.933 5.698-5.698 14.527-6.632 21.263-2.422l64.817 40.513a17.187 17.187 0 0 1 6.849 20.958l-32.408 81.021a17.188 17.188 0 0 1-17.669 10.719l-55.81-5.58c-21.051 58.261-20.612 122.471 0 179.515l55.811-5.581a17.188 17.188 0 0 1 17.669 10.719l32.408 81.022a17.188 17.188 0 0 1-6.849 20.958l-64.817 40.513a17.19 17.19 0 0 1-21.264-2.422zM247.126 95.473c11.832 20.047 11.832 45.008 0 65.055-3.95 6.693-13.108 7.959-18.718 2.581l-5.975-5.726c-3.911-3.748-4.793-9.622-2.261-14.41a32.063 32.063 0 0 0 0-29.945c-2.533-4.788-1.65-10.662 2.261-14.41l5.975-5.726c5.61-5.378 14.768-4.112 18.718 2.581zm91.787-91.187c60.14 71.604 60.092 175.882 0 247.428-4.474 5.327-12.53 5.746-17.552.933l-5.798-5.557c-4.56-4.371-4.977-11.529-.93-16.379 49.687-59.538 49.646-145.933 0-205.422-4.047-4.85-3.631-12.008.93-16.379l5.798-5.557c5.022-4.813 13.078-4.394 17.552.933zm-45.972 44.941c36.05 46.322 36.108 111.149 0 157.546-4.39 5.641-12.697 6.251-17.856 1.304l-5.818-5.579c-4.4-4.219-4.998-11.095-1.285-15.931 26.536-34.564 26.534-82.572 0-117.134-3.713-4.836-3.115-11.711 1.285-15.931l5.818-5.579c5.159-4.947 13.466-4.337 17.856 1.304z\"><\/path><\/svg>\t\t\t\t\t\t<\/span>\n\t\t\t\t\t\t\t\t\t<\/a>\n\t\t\t\t\t\t\t<\/div>\n\t\t\t\t<\/div>\n\t\t\t\t<\/div>\n\t\t\t\t<\/div>\n\t\t\t\t<\/div>\n\t\t\t\t<\/div>\n\t\t\t\t\t<\/div>\n\t\t\t\t<\/div>\n\t\t\t\t<\/div>","protected":false},"excerpt":{"rendered":"<p>Gum Disease Treatment Protecting the Foundation of a Healthy Smile What is gum disease treatment? Gum disease treatment focuses on preventing, managing, and reversing conditions that affect the gums and supporting structures of the teeth, helping to preserve both oral health and overall well-being. Free Consultation 10+ Years of Experience 15k+ Happy Patient 97% Patient [&hellip;]<\/p>\n","protected":false},"author":1,"featured_media":0,"parent":0,"menu_order":0,"comment_status":"closed","ping_status":"closed","template":"","meta":{"footnotes":""},"class_list":["post-6301","page","type-page","status-publish","hentry"],"_links":{"self":[{"href":"https:\/\/drmatdentalclinic.com\/tr\/wp-json\/wp\/v2\/pages\/6301","targetHints":{"allow":["GET"]}}],"collection":[{"href":"https:\/\/drmatdentalclinic.com\/tr\/wp-json\/wp\/v2\/pages"}],"about":[{"href":"https:\/\/drmatdentalclinic.com\/tr\/wp-json\/wp\/v2\/types\/page"}],"author":[{"embeddable":true,"href":"https:\/\/drmatdentalclinic.com\/tr\/wp-json\/wp\/v2\/users\/1"}],"replies":[{"embeddable":true,"href":"https:\/\/drmatdentalclinic.com\/tr\/wp-json\/wp\/v2\/comments?post=6301"}],"version-history":[{"count":19,"href":"https:\/\/drmatdentalclinic.com\/tr\/wp-json\/wp\/v2\/pages\/6301\/revisions"}],"predecessor-version":[{"id":6523,"href":"https:\/\/drmatdentalclinic.com\/tr\/wp-json\/wp\/v2\/pages\/6301\/revisions\/6523"}],"wp:attachment":[{"href":"https:\/\/drmatdentalclinic.com\/tr\/wp-json\/wp\/v2\/media?parent=6301"}],"curies":[{"name":"wp","href":"https:\/\/api.w.org\/{rel}","templated":true}]}}