{"id":6370,"date":"2025-12-28T10:55:49","date_gmt":"2025-12-28T10:55:49","guid":{"rendered":"http:\/\/drmatdentalclinic.com\/?page_id=6370"},"modified":"2025-12-28T11:47:08","modified_gmt":"2025-12-28T11:47:08","slug":"porselen-kaplamalar","status":"publish","type":"page","link":"https:\/\/drmatdentalclinic.com\/tr\/porselen-kaplamalar\/","title":{"rendered":"Porselen Kaplamalar"},"content":{"rendered":"<div data-elementor-type=\"wp-page\" data-elementor-id=\"6370\" class=\"elementor elementor-6370\">\n\t\t\t\t<div class=\"elementor-element elementor-element-70c5087 e-flex e-con-boxed e-con e-parent\" data-id=\"70c5087\" data-element_type=\"container\" data-e-type=\"container\" data-settings=\"{&quot;background_background&quot;:&quot;gradient&quot;,&quot;shape_divider_bottom&quot;:&quot;lqd-custom-shape-8&quot;}\">\n\t\t\t\t\t<div class=\"e-con-inner\">\n\t\t\t\t<div class=\"elementor-shape elementor-shape-bottom\" aria-hidden=\"true\" data-negative=\"false\">\n\t\t\t<svg class=\"lqd-custom-shape\" xmlns=\"http:\/\/www.w3.org\/2000\/svg\" viewbox=\"0 0 1440 100\" preserveaspectratio=\"none\">\n    <path class=\"elementor-shape-fill\" id=\"Row_Separator\" data-name=\"Row Separator\" d=\"M1440,0Q1080,99,720,99T0,0V100H1440Z\" \/>\n<\/svg>\t\t<\/div>\n\t\t\t\t<div class=\"elementor-element elementor-element-79834a5 elementor-widget elementor-widget-hub_fancy_heading\" data-id=\"79834a5\" data-element_type=\"widget\" data-e-type=\"widget\" data-widget_type=\"hub_fancy_heading.default\">\n\t\t\t\t<div class=\"elementor-widget-container\">\n\t\t\t\t\t\n\t\t<div id=\"ld-fancy-heading-69da6c2f3033d\" class=\"ld-fancy-heading pos-rel\">\n\t\t\t<h1 class=\"ld-fh-element d-inline-block pos-rel  elementor-heading-title lqd-highlight-classic lqd-highlight-grow-left h1\"  > Porselen Kaplamalar<\/h1>\t\t<\/div>\n\n\t\t\t\t\t\t<\/div>\n\t\t\t\t<\/div>\n\t\t\t\t\t<\/div>\n\t\t\t\t<\/div>\n\t\t<div class=\"elementor-element elementor-element-b3a4377 e-flex e-con-boxed e-con e-parent\" data-id=\"b3a4377\" data-element_type=\"container\" data-e-type=\"container\">\n\t\t\t\t\t<div class=\"e-con-inner\">\n\t\t<div class=\"elementor-element elementor-element-efe6224 e-con-full e-flex e-con e-child\" data-id=\"efe6224\" data-element_type=\"container\" data-e-type=\"container\">\n\t\t\t\t<div class=\"elementor-element elementor-element-6703b37 elementor-widget__width-initial elementor-widget elementor-widget-hub_fancy_heading\" data-id=\"6703b37\" data-element_type=\"widget\" data-e-type=\"widget\" data-widget_type=\"hub_fancy_heading.default\">\n\t\t\t\t<div class=\"elementor-widget-container\">\n\t\t\t\t\t\n\t\t<div id=\"ld-fancy-heading-69da6c2f30982\" class=\"ld-fancy-heading pos-rel\">\n\t\t\t<h2 class=\"ld-fh-element d-inline-block pos-rel  elementor-heading-title lqd-highlight-classic lqd-highlight-grow-left h2\"  > M\u00fckemmel Bir G\u00fcl\u00fcmseme \u0130\u00e7in Do\u011fal ve Estetik Bir \u00c7\u00f6z\u00fcm<\/h2>\t\t<\/div>\n\n\t\t\t\t\t\t<\/div>\n\t\t\t\t<\/div>\n\t\t\t\t<div class=\"elementor-element elementor-element-56b4892 elementor-widget elementor-widget-text-editor\" data-id=\"56b4892\" data-element_type=\"widget\" data-e-type=\"widget\" data-widget_type=\"text-editor.default\">\n\t\t\t\t\t\t\t\t\t<p data-start=\"279\" data-end=\"580\">Porselen kaplamalar, di\u015flerin \u00f6n y\u00fczeyini kaplamak, \u015feklini, rengini ve genel g\u00f6r\u00fcn\u00fcm\u00fcn\u00fc iyile\u015ftirmek i\u00e7in tasarlanm\u0131\u015f ince, \u00f6zel yap\u0131m seramik kabuklard\u0131r. Daha parlak, daha simetrik bir g\u00fcl\u00fcmseme elde etmek i\u00e7in en pop\u00fcler kozmetik di\u015f hekimli\u011fi tedavilerinden biridir.<\/p>\t\t\t\t\t\t\t\t<\/div>\n\t\t\t\t<div class=\"elementor-element elementor-element-a80eb26 elementor-widget elementor-widget-ld_button\" data-id=\"a80eb26\" data-element_type=\"widget\" data-e-type=\"widget\" data-widget_type=\"ld_button.default\">\n\t\t\t\t<div class=\"elementor-widget-container\">\n\t\t\t\t\t\n\t\t\t<a\n\t\t\t\thref=\"https:\/\/api.whatsapp.com\/send\/?phone=355694457000&#038;text&#038;type=phone_number&#038;app_absent=0\"class=\"elementor-button btn btn-solid btn-icon-shaped btn-has-label\"\t\t\t>\n\t\t\t\t\t\t\t\t\t<span data-text=\"Free Consultation\" class=\"btn-txt\">\n\t\t\t\t\t\t\u00dccretsiz Dan\u0131\u015fmanl\u0131k\t\t\t\t\t<\/span>\n\t\t\t\t\t\t\t\t\t\t\t<\/a>\n\t\t\t\t\t\t\t<\/div>\n\t\t\t\t<\/div>\n\t\t\t\t<\/div>\n\t\t<div class=\"elementor-element elementor-element-a5ebbdf e-con-full e-flex e-con e-child\" data-id=\"a5ebbdf\" data-element_type=\"container\" data-e-type=\"container\">\n\t\t\t\t<div class=\"elementor-element elementor-element-33fce13 elementor-widget elementor-widget-ld_fancy_image\" data-id=\"33fce13\" data-element_type=\"widget\" data-e-type=\"widget\" data-widget_type=\"ld_fancy_image.default\">\n\t\t\t\t<div class=\"elementor-widget-container\">\n\t\t\t\t\t\n\t\t<div class=\"lqd-imggrp-single d-block pos-rel\">\n\t\t\t<div class=\"lqd-imggrp-img-container d-inline-flex pos-rel align-items-center justify-content-center\">\n\t\t\t\t\t\t\t\t<figure class=\"w-100 pos-rel\">\n\t\t\t\t\t<img fetchpriority=\"high\" decoding=\"async\" width=\"921\" height=\"755\" src=\"https:\/\/drmatdentalclinic.com\/wp-content\/uploads\/2025\/12\/General-Dentistry-7.png\" class=\"attachment-full size-full wp-image-6470\" alt=\"\" srcset=\"https:\/\/drmatdentalclinic.com\/wp-content\/uploads\/2025\/12\/General-Dentistry-7.png 921w, https:\/\/drmatdentalclinic.com\/wp-content\/uploads\/2025\/12\/General-Dentistry-7-300x246.png 300w, https:\/\/drmatdentalclinic.com\/wp-content\/uploads\/2025\/12\/General-Dentistry-7-15x12.png 15w\" sizes=\"(max-width: 921px) 100vw, 921px\" itemprop=\"image\" \/>\t\t\t\t\t\t\t\t\t\t\t\t\t\t\t\t\t\t\t\t\t\t\t\t\t\t\t\t\t<\/figure>\n\t\t\t<\/div>\n\t\t<\/div>\n\n\t\t\t\t\t<\/div>\n\t\t\t\t<\/div>\n\t\t\t\t<\/div>\n\t\t\t\t\t<\/div>\n\t\t\t\t<\/div>\n\t\t<div class=\"elementor-element elementor-element-344c36a e-flex e-con-boxed e-con e-parent\" data-id=\"344c36a\" data-element_type=\"container\" data-e-type=\"container\" data-settings=\"{&quot;background_background&quot;:&quot;classic&quot;}\">\n\t\t\t\t\t<div class=\"e-con-inner\">\n\t\t<div class=\"elementor-element elementor-element-aaa304a e-con-full e-flex e-con e-child\" data-id=\"aaa304a\" data-element_type=\"container\" data-e-type=\"container\" data-settings=\"{&quot;background_background&quot;:&quot;classic&quot;}\">\n\t\t<div class=\"elementor-element elementor-element-f725e76 e-con-full e-flex e-con e-child\" data-id=\"f725e76\" data-element_type=\"container\" data-e-type=\"container\">\n\t\t\t\t<div class=\"elementor-element elementor-element-a0a4460 elementor-align-center elementor-widget elementor-widget-ld_counter\" data-id=\"a0a4460\" data-element_type=\"widget\" data-e-type=\"widget\" data-widget_type=\"ld_counter.default\">\n\t\t\t\t<div class=\"elementor-widget-container\">\n\t\t\t\t\t\n\t\t<div id=\"lqd-counter-a0a4460\" class=\"lqd-counter pos-rel center lqd-counter-default\">\n\n\t\t\t\n\t\t\t<div class=\"lqd-counter-element pos-rel h1\" data-enable-counter=\"true\" data-counter-options=\"{&quot;targetNumber&quot;:&quot;10+&quot;}\">\n\t\t\t\t<span class=\"lqd-counter-nums-wrap d-block pos-rel\">10+<\/span>\t\t\t<\/div>\n\n\t\t\t<span class=\"lqd-counter-text pos-rel\">Y\u0131llar\u0131n Deneyimi<\/span>\n\t\t<\/div>\n\n\t\t\t\t\t\t<\/div>\n\t\t\t\t<\/div>\n\t\t\t\t<\/div>\n\t\t<div class=\"elementor-element elementor-element-cdb16f2 e-con-full e-flex e-con e-child\" data-id=\"cdb16f2\" data-element_type=\"container\" data-e-type=\"container\">\n\t\t\t\t<div class=\"elementor-element elementor-element-9347bc2 elementor-align-center elementor-widget elementor-widget-ld_counter\" data-id=\"9347bc2\" data-element_type=\"widget\" data-e-type=\"widget\" data-widget_type=\"ld_counter.default\">\n\t\t\t\t<div class=\"elementor-widget-container\">\n\t\t\t\t\t\n\t\t<div id=\"lqd-counter-9347bc2\" class=\"lqd-counter pos-rel center lqd-counter-default\">\n\n\t\t\t\n\t\t\t<div class=\"lqd-counter-element pos-rel h1\" data-enable-counter=\"true\" data-counter-options=\"{&quot;targetNumber&quot;:&quot;15k+&quot;}\">\n\t\t\t\t<span class=\"lqd-counter-nums-wrap d-block pos-rel\">15 bin+<\/span>\t\t\t<\/div>\n\n\t\t\t<span class=\"lqd-counter-text pos-rel\">Mutlu Hasta<\/span>\n\t\t<\/div>\n\n\t\t\t\t\t\t<\/div>\n\t\t\t\t<\/div>\n\t\t\t\t<\/div>\n\t\t<div class=\"elementor-element elementor-element-b20f7b1 e-con-full e-flex e-con e-child\" data-id=\"b20f7b1\" data-element_type=\"container\" data-e-type=\"container\">\n\t\t\t\t<div class=\"elementor-element elementor-element-67578cd elementor-align-center elementor-widget elementor-widget-ld_counter\" data-id=\"67578cd\" data-element_type=\"widget\" data-e-type=\"widget\" data-widget_type=\"ld_counter.default\">\n\t\t\t\t<div class=\"elementor-widget-container\">\n\t\t\t\t\t\n\t\t<div id=\"lqd-counter-67578cd\" class=\"lqd-counter pos-rel center lqd-counter-default\">\n\n\t\t\t\n\t\t\t<div class=\"lqd-counter-element pos-rel h1\" data-enable-counter=\"true\" data-counter-options=\"{&quot;targetNumber&quot;:&quot;97%&quot;}\">\n\t\t\t\t<span class=\"lqd-counter-nums-wrap d-block pos-rel\">97%<\/span>\t\t\t<\/div>\n\n\t\t\t<span class=\"lqd-counter-text pos-rel\">Hasta Memnuniyeti<\/span>\n\t\t<\/div>\n\n\t\t\t\t\t\t<\/div>\n\t\t\t\t<\/div>\n\t\t\t\t<\/div>\n\t\t<div class=\"elementor-element elementor-element-6d1df82 e-con-full e-flex e-con e-child\" data-id=\"6d1df82\" data-element_type=\"container\" data-e-type=\"container\">\n\t\t\t\t<div class=\"elementor-element elementor-element-df95373 elementor-align-center elementor-widget elementor-widget-ld_counter\" data-id=\"df95373\" data-element_type=\"widget\" data-e-type=\"widget\" data-widget_type=\"ld_counter.default\">\n\t\t\t\t<div class=\"elementor-widget-container\">\n\t\t\t\t\t\n\t\t<div id=\"lqd-counter-df95373\" class=\"lqd-counter pos-rel center lqd-counter-default\">\n\n\t\t\t\n\t\t\t<div class=\"lqd-counter-element pos-rel h1\" data-enable-counter=\"true\" data-counter-options=\"{&quot;targetNumber&quot;:&quot;20+&quot;}\">\n\t\t\t\t<span class=\"lqd-counter-nums-wrap d-block pos-rel\">20+<\/span>\t\t\t<\/div>\n\n\t\t\t<span class=\"lqd-counter-text pos-rel\">Yurtd\u0131\u015f\u0131ndan Gelen Hastalar<\/span>\n\t\t<\/div>\n\n\t\t\t\t\t\t<\/div>\n\t\t\t\t<\/div>\n\t\t\t\t<\/div>\n\t\t\t\t<\/div>\n\t\t\t\t\t<\/div>\n\t\t\t\t<\/div>\n\t\t<div class=\"elementor-element elementor-element-378a937 e-flex e-con-boxed e-con e-parent\" data-id=\"378a937\" data-element_type=\"container\" data-e-type=\"container\">\n\t\t\t\t\t<div class=\"e-con-inner\">\n\t\t<div class=\"elementor-element elementor-element-f168990 e-con-full e-flex e-con e-child\" data-id=\"f168990\" data-element_type=\"container\" data-e-type=\"container\">\n\t\t<div class=\"elementor-element elementor-element-fd39977 e-con-full e-flex e-con e-child\" data-id=\"fd39977\" data-element_type=\"container\" data-e-type=\"container\">\n\t\t\t\t<div class=\"elementor-element elementor-element-652bc3d elementor-widget elementor-widget-text-editor\" data-id=\"652bc3d\" data-element_type=\"widget\" data-e-type=\"widget\" data-widget_type=\"text-editor.default\">\n\t\t\t\t\t\t\t\t\t<h3 data-start=\"582\" data-end=\"615\">Porselen Kaplamalar Nedir?<\/h3><p data-start=\"616\" data-end=\"859\">Porselen kaplamalar, y\u00fcksek kaliteli di\u015f porseleninden \u00f6zel olarak \u00fcretilir ve di\u015flerin \u00f6n y\u00fcz\u00fcne yap\u0131\u015ft\u0131r\u0131l\u0131r. Renk de\u011fi\u015fikli\u011fi, k\u0131r\u0131klar, bo\u015fluklar veya d\u00fczensiz di\u015fler gibi estetik kusurlar\u0131 d\u00fczeltirken do\u011fal bir g\u00f6r\u00fcn\u00fcm sa\u011flamak \u00fczere tasarlanm\u0131\u015ft\u0131r.<\/p><p data-start=\"861\" data-end=\"996\">Porselen kaplamalar, do\u011fal di\u015f yap\u0131s\u0131n\u0131 korurken g\u00fcl\u00fc\u015f\u00fcn\u00fcz\u00fc d\u00f6n\u00fc\u015ft\u00fcrmek i\u00e7in konservatif ancak olduk\u00e7a etkili bir y\u00f6ntem sunar.<\/p><h3 data-start=\"998\" data-end=\"1033\">Porselen Kaplamalar\u0131n Faydalar\u0131<\/h3><p data-start=\"1034\" data-end=\"1129\"><strong data-start=\"1034\" data-end=\"1057\">Do\u011fal G\u00f6r\u00fcn\u00fcm:<\/strong> Porselen, do\u011fal di\u015flerin \u015feffafl\u0131\u011f\u0131n\u0131 ve parlakl\u0131\u011f\u0131n\u0131 yak\u0131ndan taklit eder.<\/p><p data-start=\"1131\" data-end=\"1240\"><strong data-start=\"1131\" data-end=\"1156\">Uzun S\u00fcreli Sonu\u00e7lar:<\/strong> Uygun bak\u0131m ile kaplamalar g\u00f6r\u00fcn\u00fcmlerini koruyarak uzun y\u0131llar dayanabilirler.<\/p><p data-start=\"1242\" data-end=\"1342\"><strong data-start=\"1242\" data-end=\"1263\">Leke Direnci:<\/strong> Porselen, kahve, \u00e7ay ve di\u011fer yiyeceklerin lekelerine kar\u015f\u0131 olduk\u00e7a dayan\u0131kl\u0131d\u0131r.<\/p><p data-start=\"1344\" data-end=\"1430\"><strong data-start=\"1344\" data-end=\"1367\">Minimal invaziv:<\/strong> Kronlara k\u0131yasla di\u015f minesinin minimum d\u00fczeyde \u00e7\u0131kar\u0131lmas\u0131n\u0131 gerektirir.<\/p><p data-start=\"1432\" data-end=\"1533\"><strong data-start=\"1432\" data-end=\"1454\">G\u00fcl\u00fcmseme G\u00fczelle\u015ftirme:<\/strong> Tek bir tedavi plan\u0131yla di\u015f rengini, \u015feklini, boyutunu ve hizalamas\u0131n\u0131 iyile\u015ftirir.<\/p><h3 data-start=\"1535\" data-end=\"1587\">Porselen Kaplamalar \u0130\u00e7in Kimler Uygun Adaylard\u0131r?<\/h3><p data-start=\"1588\" data-end=\"1641\">Porselen kaplamalar a\u015fa\u011f\u0131daki durumlarda uygun olabilir:<\/p><ul data-start=\"1643\" data-end=\"1823\"><li data-start=\"1643\" data-end=\"1679\"><p data-start=\"1645\" data-end=\"1679\">Di\u015flerinizde lekeler veya renk de\u011fi\u015fikli\u011fi var m\u0131?<\/p><\/li><li data-start=\"1680\" data-end=\"1719\"><p data-start=\"1682\" data-end=\"1719\">\u00c7entikli, a\u015f\u0131nm\u0131\u015f veya d\u00fczensiz di\u015fleriniz var m\u0131?<\/p><\/li><li data-start=\"1720\" data-end=\"1747\"><p data-start=\"1722\" data-end=\"1747\">Di\u015fler aras\u0131nda bo\u015fluklar var<\/p><\/li><li data-start=\"1748\" data-end=\"1792\"><p data-start=\"1750\" data-end=\"1792\">Uzun s\u00fcreli kozmetik iyile\u015ftirme mi istiyorsunuz?<\/p><\/li><li data-start=\"1793\" data-end=\"1823\"><p data-start=\"1795\" data-end=\"1823\">A\u011f\u0131z hijyenini iyi tutun<\/p><\/li><\/ul><p data-start=\"1825\" data-end=\"1897\">Uygunlu\u011fu belirlemek i\u00e7in kapsaml\u0131 bir di\u015f muayenesi gereklidir.<\/p><h3 data-start=\"1899\" data-end=\"1936\">Porselen Kaplama \u0130\u015flemi<\/h3><p data-start=\"1937\" data-end=\"2044\"><strong data-start=\"1937\" data-end=\"1969\">Dan\u0131\u015fmanl\u0131k ve G\u00fcl\u00fcmseme Tasar\u0131m\u0131:<\/strong> Dijital planlama ve g\u00fcl\u00fcmseme analizi, ideal g\u00fcl\u00fcmsemenizi tasarlamak i\u00e7in kullan\u0131l\u0131r.<\/p><p data-start=\"2046\" data-end=\"2138\"><strong data-start=\"2046\" data-end=\"2068\">Di\u015f Haz\u0131rl\u0131\u011f\u0131:<\/strong> M\u00fckemmel bir uyum sa\u011flamak i\u00e7in az miktarda di\u015f minesi nazik\u00e7e \u00e7\u0131kar\u0131l\u0131r.<\/p><p data-start=\"2140\" data-end=\"2216\"><strong data-start=\"2140\" data-end=\"2163\">Kaplama \u00dcretimi:<\/strong> \u00d6zel kaplamalar di\u015f laboratuvar\u0131nda haz\u0131rlan\u0131r.<\/p><p data-start=\"2218\" data-end=\"2316\"><strong data-start=\"2218\" data-end=\"2238\">Nihai Yerle\u015ftirme:<\/strong> Veneerler di\u015flere yap\u0131\u015ft\u0131r\u0131l\u0131r ve do\u011fal ve estetik bir sonu\u00e7 sa\u011flar.<\/p><h3 data-start=\"2318\" data-end=\"2368\">Porselen Kaplamalar ve Di\u011fer Kozmetik Se\u00e7enekler<\/h3><p data-start=\"2369\" data-end=\"2534\">Beyazlatma veya yap\u0131\u015ft\u0131rma ile kar\u015f\u0131la\u015ft\u0131r\u0131ld\u0131\u011f\u0131nda, porselen kaplamalar \u00fcst\u00fcn dayan\u0131kl\u0131l\u0131k, estetik ve uzun vadeli sonu\u00e7lar sunarak kozmetik di\u015f hekimli\u011finde birinci s\u0131n\u0131f bir se\u00e7imdir.<\/p><h3 data-start=\"2536\" data-end=\"2552\">Uzman \u0130pucu<\/h3><p data-start=\"2553\" data-end=\"2712\">A\u011f\u0131z hijyenini iyi tutmak, sert nesneleri a\u015f\u0131r\u0131 \u0131s\u0131rmaktan ka\u00e7\u0131nmak ve d\u00fczenli di\u015f kontrolleri yapt\u0131rmak, porselen kaplamalar\u0131n \u00f6mr\u00fcn\u00fc uzatmaya yard\u0131mc\u0131 olur.<\/p><h3 data-start=\"2714\" data-end=\"2730\">\u00d6zetle<\/h3><p data-start=\"2731\" data-end=\"2880\">Porselen kaplamalar, g\u00fczel bir g\u00fcl\u00fcmseme elde etmek i\u00e7in g\u00fcvenli, do\u011fal ve etkili bir \u00e7\u00f6z\u00fcm sunar; bu da \u00f6zg\u00fcveninizi ve genel y\u00fcz esteti\u011finizi art\u0131r\u0131r.<\/p>\t\t\t\t\t\t\t\t<\/div>\n\t\t\t\t<\/div>\n\t\t<div class=\"lqd-css-sticky elementor-element elementor-element-4a91ca8 e-con-full e-flex e-con e-child\" style=\"top: auto; top: 120px;\" data-id=\"4a91ca8\" data-element_type=\"container\" data-e-type=\"container\" data-settings=\"{&quot;background_background&quot;:&quot;classic&quot;}\">\n\t\t<div class=\"lqd-css-sticky elementor-element elementor-element-c949353 e-con-full e-flex e-con e-child\" style=\"top: auto; top: 0px;\" data-id=\"c949353\" data-element_type=\"container\" data-e-type=\"container\">\n\t\t<div class=\"elementor-element elementor-element-15530d2 e-con-full e-flex e-con e-child\" data-id=\"15530d2\" data-element_type=\"container\" data-e-type=\"container\">\n\t\t\t\t<div class=\"elementor-element elementor-element-7d342b5 elementor-widget__width-initial elementor-widget-mobile__width-inherit elementor-widget elementor-widget-hub_fancy_heading\" data-id=\"7d342b5\" data-element_type=\"widget\" data-e-type=\"widget\" data-widget_type=\"hub_fancy_heading.default\">\n\t\t\t\t<div class=\"elementor-widget-container\">\n\t\t\t\t\t\n\t\t<div id=\"ld-fancy-heading-69da6c2f35f70\" class=\"ld-fancy-heading pos-rel\">\n\t\t\t<h2 class=\"ld-fh-element d-inline-block pos-rel  elementor-heading-title lqd-highlight-classic lqd-highlight-grow-left h2\"  > \u00d6zel Bir G\u00fcl\u00fcmsemeye Do\u011fru Yolculu\u011funuzu Ba\u015flat\u0131n<\/h2>\t\t<\/div>\n\n\t\t\t\t\t\t<\/div>\n\t\t\t\t<\/div>\n\t\t\t\t<div class=\"elementor-element elementor-element-fc06a14 elementor-widget elementor-widget-ld_cf722\" data-id=\"fc06a14\" data-element_type=\"widget\" data-e-type=\"widget\" data-widget_type=\"ld_cf722.default\">\n\t\t\t\t<div class=\"elementor-widget-container\">\n\t\t\t\t\t\n\t<div class=\"lqd-contact-form   lqd-contact-form-inputs-round\">\n\t\t\n<div class=\"wpcf7 no-js\" id=\"wpcf7-f5799-o1\" lang=\"en-US\" dir=\"ltr\" data-wpcf7-id=\"5799\">\n<div class=\"screen-reader-response\"><p role=\"status\" aria-live=\"polite\" aria-atomic=\"true\"><\/p> <ul><\/ul><\/div>\n<form action=\"\/tr\/wp-json\/wp\/v2\/pages\/6370#wpcf7-f5799-o1\" method=\"post\" class=\"wpcf7-form init\" aria-label=\"Contact form\" novalidate=\"novalidate\" data-status=\"init\" data-trp-original-action=\"\/tr\/wp-json\/wp\/v2\/pages\/6370#wpcf7-f5799-o1\">\n<fieldset class=\"hidden-fields-container\"><input type=\"hidden\" name=\"_wpcf7\" value=\"5799\" \/><input type=\"hidden\" name=\"_wpcf7_version\" value=\"6.1.5\" \/><input type=\"hidden\" name=\"_wpcf7_locale\" value=\"en_US\" \/><input type=\"hidden\" name=\"_wpcf7_unit_tag\" value=\"wpcf7-f5799-o1\" \/><input type=\"hidden\" name=\"_wpcf7_container_post\" value=\"0\" \/><input type=\"hidden\" name=\"_wpcf7_posted_data_hash\" value=\"\" \/>\n<\/fieldset>\n<div class=\"form-row\">\n\t<div class=\"form-col\">\n\t\t<p><span class=\"wpcf7-form-control-wrap\" data-name=\"your-name\"><input size=\"40\" maxlength=\"400\" class=\"wpcf7-form-control wpcf7-text wpcf7-validates-as-required\" aria-required=\"true\" aria-invalid=\"false\" placeholder=\"Ad\u0131 ve Soyad\u0131\" value=\"\" type=\"text\" name=\"your-name\" \/><\/span>\n\t\t<\/p>\n\t<\/div>\n\t<div class=\"form-col\">\n\t\t<p><span class=\"wpcf7-form-control-wrap\" data-name=\"your-email\"><input size=\"40\" maxlength=\"400\" class=\"wpcf7-form-control wpcf7-email wpcf7-validates-as-required wpcf7-text wpcf7-validates-as-email\" aria-required=\"true\" aria-invalid=\"false\" placeholder=\"E-posta Adresi\" value=\"\" type=\"email\" name=\"your-email\" \/><\/span>\n\t\t<\/p>\n\t<\/div>\n<\/div>\n<div style=\"margin-bottom: 15px;\">\n\t<p><span class=\"wpcf7-form-control-wrap tel-107\"><input class=\"wpcf7-form-control wpcf7-tel wpcf7-validates-as-required wpcf7-validates-as-tel\" aria-required=\"true\" aria-invalid=\"false\" placeholder=\"Telefon\" value=\"\" type=\"tel\" name=\"tel-107_hide\" data-name=\"tel-107\"  data-pre=\"\" data-excludecountries=\"\" data-onlyct=\"\" data-defcountry=\"\" data-auto=\"1\" data-validation=\"1\" \/><\/span>\n\t<\/p>\n<\/div>\n<div class=\"form-full\">\n\t<p><span class=\"wpcf7-form-control-wrap\" data-name=\"your-message\"><textarea cols=\"10\" rows=\"4\" maxlength=\"2000\" class=\"wpcf7-form-control wpcf7-textarea wpcf7-validates-as-required\" aria-required=\"true\" aria-invalid=\"false\" placeholder=\"Mesaj\u0131n\u0131z\" name=\"your-message\"><\/textarea><\/span>\n\t<\/p>\n<\/div>\n<div class=\"form-submit\">\n\t<p><input class=\"wpcf7-form-control wpcf7-submit has-spinner\" type=\"submit\" value=\"Mesaj g\u00f6nder\" \/>\n\t<\/p>\n<\/div><div class=\"wpcf7-response-output\" aria-hidden=\"true\"><\/div>\n<input type=\"hidden\" name=\"trp-form-language\" value=\"tr\"\/><\/form>\n<\/div>\n\t<\/div>\n\n\t\t\t\t\t<\/div>\n\t\t\t\t<\/div>\n\t\t\t\t<\/div>\n\t\t<div class=\"elementor-element elementor-element-de7ed20 e-con-full e-flex e-con e-child\" data-id=\"de7ed20\" data-element_type=\"container\" data-e-type=\"container\">\n\t\t\t\t<div class=\"elementor-element elementor-element-0adba4e elementor-widget elementor-widget-ld_button\" data-id=\"0adba4e\" data-element_type=\"widget\" data-e-type=\"widget\" data-widget_type=\"ld_button.default\">\n\t\t\t\t<div class=\"elementor-widget-container\">\n\t\t\t\t\t\n\t\t\t<a\n\t\t\t\thref=\"https:\/\/api.whatsapp.com\/send\/?phone=355694457000&#038;text&#038;type=phone_number&#038;app_absent=0\"class=\"elementor-button btn btn-solid btn-icon-right btn-has-label\"\t\t\t>\n\t\t\t\t\t\t\t\t\t<span data-text=\"Free Consultation\" class=\"btn-txt\">\n\t\t\t\t\t\t\u00dccretsiz Dan\u0131\u015fmanl\u0131k\t\t\t\t\t<\/span>\n\t\t\t\t\t\t\t\t\t\t\t\t\t\t<span class=\"btn-icon\">\n\t\t\t\t\t\t\t<svg aria-hidden=\"true\" class=\"e-font-icon-svg e-fab-whatsapp\" viewbox=\"0 0 448 512\" xmlns=\"http:\/\/www.w3.org\/2000\/svg\"><path d=\"M380.9 97.1C339 55.1 283.2 32 223.9 32c-122.4 0-222 99.6-222 222 0 39.1 10.2 77.3 29.6 111L0 480l117.7-30.9c32.4 17.7 68.9 27 106.1 27h.1c122.3 0 224.1-99.6 224.1-222 0-59.3-25.2-115-67.1-157zm-157 341.6c-33.2 0-65.7-8.9-94-25.7l-6.7-4-69.8 18.3L72 359.2l-4.4-7c-18.5-29.4-28.2-63.3-28.2-98.2 0-101.7 82.8-184.5 184.6-184.5 49.3 0 95.6 19.2 130.4 54.1 34.8 34.9 56.2 81.2 56.1 130.5 0 101.8-84.9 184.6-186.6 184.6zm101.2-138.2c-5.5-2.8-32.8-16.2-37.9-18-5.1-1.9-8.8-2.8-12.5 2.8-3.7 5.6-14.3 18-17.6 21.8-3.2 3.7-6.5 4.2-12 1.4-32.6-16.3-54-29.1-75.5-66-5.7-9.8 5.7-9.1 16.3-30.3 1.8-3.7.9-6.9-.5-9.7-1.4-2.8-12.5-30.1-17.1-41.2-4.5-10.8-9.1-9.3-12.5-9.5-3.2-.2-6.9-.2-10.6-.2-3.7 0-9.7 1.4-14.8 6.9-5.1 5.6-19.4 19-19.4 46.3 0 27.3 19.9 53.7 22.6 57.4 2.8 3.7 39.1 59.7 94.8 83.8 35.2 15.2 49 16.5 66.6 13.9 10.7-1.6 32.8-13.4 37.4-26.4 4.6-13 4.6-24.1 3.2-26.4-1.3-2.5-5-3.9-10.5-6.6z\"><\/path><\/svg>\t\t\t\t\t\t<\/span>\n\t\t\t\t\t\t\t\t\t<\/a>\n\t\t\t\t\t\t\t<\/div>\n\t\t\t\t<\/div>\n\t\t\t\t<div class=\"elementor-element elementor-element-c42ea69 elementor-widget elementor-widget-ld_button\" data-id=\"c42ea69\" data-element_type=\"widget\" data-e-type=\"widget\" data-widget_type=\"ld_button.default\">\n\t\t\t\t<div class=\"elementor-widget-container\">\n\t\t\t\t\t\n\t\t\t<a\n\t\t\t\thref=\"tel:+355694457000\"class=\"elementor-button btn btn-solid btn-icon-right btn-has-label\"\t\t\t>\n\t\t\t\t\t\t\t\t\t<span data-text=\"Call nOW\" class=\"btn-txt\">\n\t\t\t\t\t\t\u015eimdi aray\u0131n\t\t\t\t\t<\/span>\n\t\t\t\t\t\t\t\t\t\t\t\t\t\t<span class=\"btn-icon\">\n\t\t\t\t\t\t\t<svg aria-hidden=\"true\" class=\"e-font-icon-svg e-fas-phone-volume\" viewbox=\"0 0 384 512\" xmlns=\"http:\/\/www.w3.org\/2000\/svg\"><path d=\"M97.333 506.966c-129.874-129.874-129.681-340.252 0-469.933 5.698-5.698 14.527-6.632 21.263-2.422l64.817 40.513a17.187 17.187 0 0 1 6.849 20.958l-32.408 81.021a17.188 17.188 0 0 1-17.669 10.719l-55.81-5.58c-21.051 58.261-20.612 122.471 0 179.515l55.811-5.581a17.188 17.188 0 0 1 17.669 10.719l32.408 81.022a17.188 17.188 0 0 1-6.849 20.958l-64.817 40.513a17.19 17.19 0 0 1-21.264-2.422zM247.126 95.473c11.832 20.047 11.832 45.008 0 65.055-3.95 6.693-13.108 7.959-18.718 2.581l-5.975-5.726c-3.911-3.748-4.793-9.622-2.261-14.41a32.063 32.063 0 0 0 0-29.945c-2.533-4.788-1.65-10.662 2.261-14.41l5.975-5.726c5.61-5.378 14.768-4.112 18.718 2.581zm91.787-91.187c60.14 71.604 60.092 175.882 0 247.428-4.474 5.327-12.53 5.746-17.552.933l-5.798-5.557c-4.56-4.371-4.977-11.529-.93-16.379 49.687-59.538 49.646-145.933 0-205.422-4.047-4.85-3.631-12.008.93-16.379l5.798-5.557c5.022-4.813 13.078-4.394 17.552.933zm-45.972 44.941c36.05 46.322 36.108 111.149 0 157.546-4.39 5.641-12.697 6.251-17.856 1.304l-5.818-5.579c-4.4-4.219-4.998-11.095-1.285-15.931 26.536-34.564 26.534-82.572 0-117.134-3.713-4.836-3.115-11.711 1.285-15.931l5.818-5.579c5.159-4.947 13.466-4.337 17.856 1.304z\"><\/path><\/svg>\t\t\t\t\t\t<\/span>\n\t\t\t\t\t\t\t\t\t<\/a>\n\t\t\t\t\t\t\t<\/div>\n\t\t\t\t<\/div>\n\t\t\t\t<\/div>\n\t\t\t\t<\/div>\n\t\t\t\t<\/div>\n\t\t\t\t<\/div>\n\t\t\t\t\t<\/div>\n\t\t\t\t<\/div>\n\t\t\t\t<\/div>","protected":false},"excerpt":{"rendered":"<p>Porcelain Veneers A Natural and Aesthetic Solution for a Perfect Smile Porcelain veneers are thin, custom-made ceramic shells designed to cover the front surface of teeth, enhancing their shape, color, and overall appearance. They are one of the most popular cosmetic dentistry treatments for achieving a brighter, more symmetrical smile. Free Consultation 10+ Years of [&hellip;]<\/p>\n","protected":false},"author":1,"featured_media":0,"parent":0,"menu_order":0,"comment_status":"closed","ping_status":"closed","template":"","meta":{"footnotes":""},"class_list":["post-6370","page","type-page","status-publish","hentry"],"_links":{"self":[{"href":"https:\/\/drmatdentalclinic.com\/tr\/wp-json\/wp\/v2\/pages\/6370","targetHints":{"allow":["GET"]}}],"collection":[{"href":"https:\/\/drmatdentalclinic.com\/tr\/wp-json\/wp\/v2\/pages"}],"about":[{"href":"https:\/\/drmatdentalclinic.com\/tr\/wp-json\/wp\/v2\/types\/page"}],"author":[{"embeddable":true,"href":"https:\/\/drmatdentalclinic.com\/tr\/wp-json\/wp\/v2\/users\/1"}],"replies":[{"embeddable":true,"href":"https:\/\/drmatdentalclinic.com\/tr\/wp-json\/wp\/v2\/comments?post=6370"}],"version-history":[{"count":16,"href":"https:\/\/drmatdentalclinic.com\/tr\/wp-json\/wp\/v2\/pages\/6370\/revisions"}],"predecessor-version":[{"id":6544,"href":"https:\/\/drmatdentalclinic.com\/tr\/wp-json\/wp\/v2\/pages\/6370\/revisions\/6544"}],"wp:attachment":[{"href":"https:\/\/drmatdentalclinic.com\/tr\/wp-json\/wp\/v2\/media?parent=6370"}],"curies":[{"name":"wp","href":"https:\/\/api.w.org\/{rel}","templated":true}]}}