{"id":6589,"date":"2025-12-29T19:59:35","date_gmt":"2025-12-29T19:59:35","guid":{"rendered":"http:\/\/drmatdentalclinic.com\/?page_id=6589"},"modified":"2026-01-07T07:41:14","modified_gmt":"2026-01-07T07:41:14","slug":"dr-mehmet-akif-turkan","status":"publish","type":"page","link":"https:\/\/drmatdentalclinic.com\/tr\/doktorumuz\/dr-mehmet-akif-turkan\/","title":{"rendered":"Dr. Mehmet Akif T\u00fcrkan"},"content":{"rendered":"<div data-elementor-type=\"wp-page\" data-elementor-id=\"6589\" class=\"elementor elementor-6589\">\n\t\t\t\t<div class=\"elementor-element elementor-element-7200cbd e-flex e-con-boxed e-con e-parent\" data-id=\"7200cbd\" data-element_type=\"container\" data-e-type=\"container\" data-settings=\"{&quot;background_background&quot;:&quot;gradient&quot;,&quot;shape_divider_bottom&quot;:&quot;lqd-custom-shape-8&quot;}\">\n\t\t\t\t\t<div class=\"e-con-inner\">\n\t\t\t\t<div class=\"elementor-shape elementor-shape-bottom\" aria-hidden=\"true\" data-negative=\"false\">\n\t\t\t<svg class=\"lqd-custom-shape\" xmlns=\"http:\/\/www.w3.org\/2000\/svg\" viewbox=\"0 0 1440 100\" preserveaspectratio=\"none\">\n    <path class=\"elementor-shape-fill\" id=\"Row_Separator\" data-name=\"Row Separator\" d=\"M1440,0Q1080,99,720,99T0,0V100H1440Z\" \/>\n<\/svg>\t\t<\/div>\n\t\t\t\t<div class=\"elementor-element elementor-element-3b62e89 elementor-widget elementor-widget-hub_fancy_heading\" data-id=\"3b62e89\" data-element_type=\"widget\" data-e-type=\"widget\" data-widget_type=\"hub_fancy_heading.default\">\n\t\t\t\t<div class=\"elementor-widget-container\">\n\t\t\t\t\t\n\t\t<div id=\"ld-fancy-heading-69da7dfe2ed70\" class=\"ld-fancy-heading pos-rel\">\n\t\t\t<h1 class=\"ld-fh-element d-inline-block pos-rel  elementor-heading-title lqd-highlight-classic lqd-highlight-grow-left h1\"  > Dr. Mehmet Akif T\u00fcrkan<\/h1>\t\t<\/div>\n\n\t\t\t\t\t\t<\/div>\n\t\t\t\t<\/div>\n\t\t\t\t\t<\/div>\n\t\t\t\t<\/div>\n\t\t<div class=\"elementor-element elementor-element-16fb009 e-flex e-con-boxed e-con e-parent\" data-id=\"16fb009\" data-element_type=\"container\" data-e-type=\"container\">\n\t\t\t\t\t<div class=\"e-con-inner\">\n\t\t<div class=\"elementor-element elementor-element-71b2e6e e-con-full e-flex e-con e-child\" data-id=\"71b2e6e\" data-element_type=\"container\" data-e-type=\"container\">\n\t\t\t\t<div class=\"elementor-element elementor-element-1f01bba elementor-widget elementor-widget-ld_team_member\" data-id=\"1f01bba\" data-element_type=\"widget\" data-e-type=\"widget\" data-widget_type=\"ld_team_member.default\">\n\t\t\t\t<div class=\"elementor-widget-container\">\n\t\t\t\t\t\n\t\t<div class=\"lqd-tm pos-rel lqd-tm-style-1\" data-inview=\"true\">\n\n\t\t\t\t\t\t\t\t<div class=\"lqd-tm-img\">\n\t\t\t\t\t\t<figure>\n\t\t\t\t\t\t\t<img fetchpriority=\"high\" decoding=\"async\" width=\"600\" height=\"800\" src=\"https:\/\/drmatdentalclinic.com\/wp-content\/uploads\/2026\/01\/Adsiz-tasarim-33.jpg\" class=\"w-100\" alt=\"Dr. Mehmet Akif T\u00fcrkan\" srcset=\"https:\/\/drmatdentalclinic.com\/wp-content\/uploads\/2026\/01\/Adsiz-tasarim-33.jpg 600w, https:\/\/drmatdentalclinic.com\/wp-content\/uploads\/2026\/01\/Adsiz-tasarim-33-225x300.jpg 225w, https:\/\/drmatdentalclinic.com\/wp-content\/uploads\/2026\/01\/Adsiz-tasarim-33-9x12.jpg 9w\" sizes=\"(max-width: 600px) 100vw, 600px\" itemprop=\"image\" \/>\t\t\t\t\t\t<\/figure>\n\t\t\t\t\t<\/div>\n\n\t\t\t\t\t<div\n\t\t\t\t\t\tclass=\"lqd-tm-details ps-6 pe-6 pt-4 pb-4\"\n\t\t\t\t\t\tdata-custom-animations=\"true\"\n\t\t\t\t\t\tdata-ca-options='{ \"triggerHandler\": \"inview\", \"animationTarget\": \"h3,h6\", \"duration\": 1200, \"delay\": 120,  \"startDelay\": 350, \"direction\": \"backward\", \"initValues\": { \"translateY\": -30, \"opacity\": 0 }, \"animations\": { \"translateY\": 0, \"opacity\": 1 } }'\n\t\t\t\t\t>\n\t\t\t\t\t\t<div class=\"lqd-tm-bg lqd-overlay\" data-reveal=\"true\" data-reveal-options='{ \"direction\": \"tb\", \"bgcolor\": \"#fff\", \"duration\": 700, \"coverArea\": 100 }'><\/div>\n\t\t\t\t\t\t<h3 class=\"mt-0 mb-2\">Dr. Mehmet Akif T\u00fcrkan<\/h3>\n\t\t\t\t\t\t<h6 class=\"mt-0 mb-0 font-weight-normal\">\u0130mplant ve Kozmetik Di\u015f Hekimli\u011fi<\/h6>\n\t\t\t\t\t\t\t\t\t\t\t<\/div>\n\t\t\t\t\t\t\t\t\t\n\t\t<\/div>\n\n\t\t\t\t\t\t<\/div>\n\t\t\t\t<\/div>\n\t\t\t\t<\/div>\n\t\t<div class=\"elementor-element elementor-element-be21ebb e-con-full e-flex e-con e-child\" data-id=\"be21ebb\" data-element_type=\"container\" data-e-type=\"container\">\n\t\t\t\t<div class=\"elementor-element elementor-element-1a05b4a elementor-widget elementor-widget-hub_fancy_heading\" data-id=\"1a05b4a\" data-element_type=\"widget\" data-e-type=\"widget\" data-widget_type=\"hub_fancy_heading.default\">\n\t\t\t\t<div class=\"elementor-widget-container\">\n\t\t\t\t\t\n\t\t<div id=\"ld-fancy-heading-69da7dfe2ff0b\" class=\"ld-fancy-heading pos-rel\">\n\t\t\t<h2 class=\"ld-fh-element d-inline-block pos-rel  elementor-heading-title lqd-highlight-classic lqd-highlight-grow-left h2\"  > Biyografi<\/h2>\t\t<\/div>\n\n\t\t\t\t\t\t<\/div>\n\t\t\t\t<\/div>\n\t\t\t\t<div class=\"elementor-element elementor-element-aa4575a elementor-widget elementor-widget-text-editor\" data-id=\"aa4575a\" data-element_type=\"widget\" data-e-type=\"widget\" data-widget_type=\"text-editor.default\">\n\t\t\t\t\t\t\t\t\t<p class=\"p1\">Dr. Mehmet Akif T\u00fcrkan, T\u00fcrkiye'nin \u00f6nde gelen di\u015f hekimlerinden biridir. \u0130leri d\u00fczey implant cerrahisinde y\u00fcksek klinik ba\u015far\u0131s\u0131 ile \u00f6ne \u00e7\u0131kan Dr. T\u00fcrkan, alan\u0131nda se\u00e7kin pratisyenlerden biri olarak kabul edilmektedir. Mesleki yakla\u015f\u0131m\u0131n\u0131n temelinde bilimsel do\u011fruluk, titiz analiz ve hasta memnuniyetine odaklanan uzun vadeli tedavi ba\u015far\u0131s\u0131 yatmaktad\u0131r.<\/p><p class=\"p1\">Dr. T\u00fcrkan i\u00e7in ba\u015far\u0131l\u0131 bir tedavi, sadece teknik olarak do\u011fru bir prosed\u00fcr de\u011fildir; hastan\u0131n kendini g\u00fcvende hissetti\u011fi, beklentilerin net bir \u015fekilde anla\u015f\u0131ld\u0131\u011f\u0131 ve sonu\u00e7tan memnuniyetin y\u0131llarca s\u00fcrd\u00fc\u011f\u00fc bir s\u00fcre\u00e7tir. Bu nedenle, hastalar\u0131 standart protokollerle tedavi etmez. Bunun yerine, her vaka a\u011f\u0131z anatomisi, kemik seviyesi, fonksiyonel gereksinimler ve hastan\u0131n ya\u015fam beklentileri temelinde kapsaml\u0131 ve ki\u015fiselle\u015ftirilmi\u015f bir de\u011ferlendirmeyle incelenir.<\/p><p class=\"p1\">\u0130leri d\u00fczey implant cerrahisi, tam a\u011f\u0131z implant rehabilitasyonu, karma\u015f\u0131k kemik ve yumu\u015fak doku prosed\u00fcrleri ve estetik g\u00fcl\u00fc\u015f rehabilitasyonu, Dr. T\u00fcrkan'\u0131n ana uzmanl\u0131k alanlar\u0131n\u0131 olu\u015fturmaktad\u0131r. Tedavi planlamas\u0131nda estetik sonu\u00e7lar, fonksiyon, biyolojik uyumluluk ve uzun vadeli stabilite ile birlikte de\u011ferlendirilir. Hasta memnuniyetini do\u011frudan etkileyen bu yakla\u015f\u0131ma uygun olarak, ayr\u0131nt\u0131l\u0131 a\u011f\u0131z i\u00e7i muayene, ileri g\u00f6r\u00fcnt\u00fcleme teknikleri ve kapsaml\u0131 analizler yap\u0131lmadan hi\u00e7bir tedavi plan\u0131 kesinle\u015ftirilmez.<\/p><p class=\"p1\">Mesleki geli\u015fimi s\u00fcrekli bir sorumluluk olarak g\u00f6ren Dr. Mehmet Akif T\u00fcrkan, T\u00fcrkiye ve yurtd\u0131\u015f\u0131nda d\u00fczenlenen \u00e7ok say\u0131da kongre, kurs ve ileri d\u00fczey bilimsel programa aktif olarak kat\u0131lmaktad\u0131r. G\u00fcncel bilimsel yakla\u015f\u0131mlar\u0131 klinik uygulamalar\u0131na entegre etmenin yan\u0131 s\u0131ra, implantoloji alan\u0131ndaki bilgi ve deneyimlerini kurslar, kongreler ve seminerler arac\u0131l\u0131\u011f\u0131yla meslekta\u015flar\u0131yla payla\u015fmaktad\u0131r. Tedavi planlamas\u0131 dijital analizler, kan\u0131ta dayal\u0131 protokoller ve ki\u015fiselle\u015ftirilmi\u015f cerrahi yakla\u015f\u0131mlara dayanmaktad\u0131r.<\/p><p class=\"p1\">Dr. T\u00fcrkan, sa\u011fl\u0131k turizmi alan\u0131nda da aktif olarak yer almakta ve uluslararas\u0131 hastalara tedavi hizmeti sunmaktad\u0131r. Amac\u0131 sadece tedavi sa\u011flamak de\u011fil, ba\u015ftan sona tam olarak planlanm\u0131\u015f, \u015feffaf, g\u00fcvenli ve profesyonel bir klinik deneyim sunmak ve hasta memnuniyetine b\u00fcy\u00fck \u00f6nem vermektir. Her hasta i\u00e7in temel hedef, do\u011fru tan\u0131, hassas planlama ve uzun vadeli memnuniyeti sa\u011flayan i\u015flevsel ve estetik sonu\u00e7lar elde etmektir.<\/p><p class=\"p1\">Dr. Mehmet Akif T\u00fcrkan, implant ve estetik di\u015f hekimli\u011fi alan\u0131ndaki \u00e7al\u0131\u015fmalar\u0131n\u0131 <span class=\"s1\"><b>Dr. Mat Uluslararas\u0131 Di\u015f Klini\u011fi<\/b><\/span>, kurucusu oldu\u011fu.<\/p>\t\t\t\t\t\t\t\t<\/div>\n\t\t\t\t<\/div>\n\t\t\t\t\t<\/div>\n\t\t\t\t<\/div>\n\t\t\t\t<\/div>","protected":false},"excerpt":{"rendered":"<p>Dr. Mehmet Akif T\u00fcrkan Dr. Mehmet Akif T\u00fcrkan Implant and Cosmetic Dentistry Biography Dr. Mehmet Akif T\u00fcrkan is among the leading dentists in T\u00fcrkiye, distinguished by his high clinical success in advanced implant surgery and recognized as one of the select practitioners in his field. At the core of his professional approach lie scientific accuracy, [&hellip;]<\/p>\n","protected":false},"author":1,"featured_media":0,"parent":6215,"menu_order":0,"comment_status":"closed","ping_status":"closed","template":"","meta":{"footnotes":""},"class_list":["post-6589","page","type-page","status-publish","hentry"],"_links":{"self":[{"href":"https:\/\/drmatdentalclinic.com\/tr\/wp-json\/wp\/v2\/pages\/6589","targetHints":{"allow":["GET"]}}],"collection":[{"href":"https:\/\/drmatdentalclinic.com\/tr\/wp-json\/wp\/v2\/pages"}],"about":[{"href":"https:\/\/drmatdentalclinic.com\/tr\/wp-json\/wp\/v2\/types\/page"}],"author":[{"embeddable":true,"href":"https:\/\/drmatdentalclinic.com\/tr\/wp-json\/wp\/v2\/users\/1"}],"replies":[{"embeddable":true,"href":"https:\/\/drmatdentalclinic.com\/tr\/wp-json\/wp\/v2\/comments?post=6589"}],"version-history":[{"count":23,"href":"https:\/\/drmatdentalclinic.com\/tr\/wp-json\/wp\/v2\/pages\/6589\/revisions"}],"predecessor-version":[{"id":6820,"href":"https:\/\/drmatdentalclinic.com\/tr\/wp-json\/wp\/v2\/pages\/6589\/revisions\/6820"}],"up":[{"embeddable":true,"href":"https:\/\/drmatdentalclinic.com\/tr\/wp-json\/wp\/v2\/pages\/6215"}],"wp:attachment":[{"href":"https:\/\/drmatdentalclinic.com\/tr\/wp-json\/wp\/v2\/media?parent=6589"}],"curies":[{"name":"wp","href":"https:\/\/api.w.org\/{rel}","templated":true}]}}