{"id":6594,"date":"2025-12-29T20:02:47","date_gmt":"2025-12-29T20:02:47","guid":{"rendered":"http:\/\/drmatdentalclinic.com\/?page_id=6594"},"modified":"2026-01-07T07:49:35","modified_gmt":"2026-01-07T07:49:35","slug":"dr-betul","status":"publish","type":"page","link":"https:\/\/drmatdentalclinic.com\/tr\/doktorumuz\/dr-betul\/","title":{"rendered":"Dr. Bet\u00fcl"},"content":{"rendered":"<div data-elementor-type=\"wp-page\" data-elementor-id=\"6594\" class=\"elementor elementor-6594\">\n\t\t\t\t<div class=\"elementor-element elementor-element-7200cbd e-flex e-con-boxed e-con e-parent\" data-id=\"7200cbd\" data-element_type=\"container\" data-e-type=\"container\" data-settings=\"{&quot;background_background&quot;:&quot;gradient&quot;,&quot;shape_divider_bottom&quot;:&quot;lqd-custom-shape-8&quot;}\">\n\t\t\t\t\t<div class=\"e-con-inner\">\n\t\t\t\t<div class=\"elementor-shape elementor-shape-bottom\" aria-hidden=\"true\" data-negative=\"false\">\n\t\t\t<svg class=\"lqd-custom-shape\" xmlns=\"http:\/\/www.w3.org\/2000\/svg\" viewbox=\"0 0 1440 100\" preserveaspectratio=\"none\">\n    <path class=\"elementor-shape-fill\" id=\"Row_Separator\" data-name=\"Row Separator\" d=\"M1440,0Q1080,99,720,99T0,0V100H1440Z\" \/>\n<\/svg>\t\t<\/div>\n\t\t\t\t<div class=\"elementor-element elementor-element-3b62e89 elementor-widget elementor-widget-hub_fancy_heading\" data-id=\"3b62e89\" data-element_type=\"widget\" data-e-type=\"widget\" data-widget_type=\"hub_fancy_heading.default\">\n\t\t\t\t<div class=\"elementor-widget-container\">\n\t\t\t\t\t\n\t\t<div id=\"ld-fancy-heading-69da7cef51596\" class=\"ld-fancy-heading pos-rel\">\n\t\t\t<h1 class=\"ld-fh-element d-inline-block pos-rel  elementor-heading-title lqd-highlight-classic lqd-highlight-grow-left h1\"  > Dr. Bet\u00fcl<\/h1>\t\t<\/div>\n\n\t\t\t\t\t\t<\/div>\n\t\t\t\t<\/div>\n\t\t\t\t\t<\/div>\n\t\t\t\t<\/div>\n\t\t<div class=\"elementor-element elementor-element-16fb009 e-flex e-con-boxed e-con e-parent\" data-id=\"16fb009\" data-element_type=\"container\" data-e-type=\"container\">\n\t\t\t\t\t<div class=\"e-con-inner\">\n\t\t<div class=\"elementor-element elementor-element-71b2e6e e-con-full e-flex e-con e-child\" data-id=\"71b2e6e\" data-element_type=\"container\" data-e-type=\"container\">\n\t\t\t\t<div class=\"elementor-element elementor-element-d0a2b5a elementor-widget elementor-widget-ld_team_member\" data-id=\"d0a2b5a\" data-element_type=\"widget\" data-e-type=\"widget\" data-widget_type=\"ld_team_member.default\">\n\t\t\t\t<div class=\"elementor-widget-container\">\n\t\t\t\t\t\n\t\t<div class=\"lqd-tm pos-rel lqd-tm-style-1\" data-inview=\"true\">\n\n\t\t\t\t\t\t\t\t<div class=\"lqd-tm-img\">\n\t\t\t\t\t\t<figure>\n\t\t\t\t\t\t\t<img fetchpriority=\"high\" decoding=\"async\" width=\"600\" height=\"800\" src=\"https:\/\/drmatdentalclinic.com\/wp-content\/uploads\/2026\/01\/Adsiz-tasarim-35.jpg\" class=\"w-100\" alt=\"Dr. Bet\u00fcl\" srcset=\"https:\/\/drmatdentalclinic.com\/wp-content\/uploads\/2026\/01\/Adsiz-tasarim-35.jpg 600w, https:\/\/drmatdentalclinic.com\/wp-content\/uploads\/2026\/01\/Adsiz-tasarim-35-225x300.jpg 225w, https:\/\/drmatdentalclinic.com\/wp-content\/uploads\/2026\/01\/Adsiz-tasarim-35-9x12.jpg 9w\" sizes=\"(max-width: 600px) 100vw, 600px\" itemprop=\"image\" \/>\t\t\t\t\t\t<\/figure>\n\t\t\t\t\t<\/div>\n\n\t\t\t\t\t<div\n\t\t\t\t\t\tclass=\"lqd-tm-details ps-6 pe-6 pt-4 pb-4\"\n\t\t\t\t\t\tdata-custom-animations=\"true\"\n\t\t\t\t\t\tdata-ca-options='{ \"triggerHandler\": \"inview\", \"animationTarget\": \"h3,h6\", \"duration\": 1200, \"delay\": 120,  \"startDelay\": 350, \"direction\": \"backward\", \"initValues\": { \"translateY\": -30, \"opacity\": 0 }, \"animations\": { \"translateY\": 0, \"opacity\": 1 } }'\n\t\t\t\t\t>\n\t\t\t\t\t\t<div class=\"lqd-tm-bg lqd-overlay\" data-reveal=\"true\" data-reveal-options='{ \"direction\": \"tb\", \"bgcolor\": \"#fff\", \"duration\": 700, \"coverArea\": 100 }'><\/div>\n\t\t\t\t\t\t<h3 class=\"mt-0 mb-2\">Dr. Bet\u00fcl<\/h3>\n\t\t\t\t\t\t<h6 class=\"mt-0 mb-0 font-weight-normal\">Kozmetik G\u00fcl\u00fcmseme Tasar\u0131mlar\u0131<\/h6>\n\t\t\t\t\t\t\t\t\t\t\t\t\t<a href=\"https:\/\/drmatdentalclinic.com\/tr\/doktorumuz\/dr-betul\/\" rel=\"nofollow\" class=\"lqd-overlay\"><\/a>\n\t\t\t\t\t\t\t\t\t\t\t<\/div>\n\t\t\t\t\t\t\t\t\t\t\t<a href=\"https:\/\/drmatdentalclinic.com\/tr\/doktorumuz\/dr-betul\/\" rel=\"nofollow\" class=\"lqd-overlay\"><\/a>\n\t\t\t\t\t\t\t\t\t\n\t\t<\/div>\n\n\t\t\t\t\t\t<\/div>\n\t\t\t\t<\/div>\n\t\t\t\t<\/div>\n\t\t<div class=\"elementor-element elementor-element-be21ebb e-con-full e-flex e-con e-child\" data-id=\"be21ebb\" data-element_type=\"container\" data-e-type=\"container\">\n\t\t\t\t<div class=\"elementor-element elementor-element-1a05b4a elementor-widget elementor-widget-hub_fancy_heading\" data-id=\"1a05b4a\" data-element_type=\"widget\" data-e-type=\"widget\" data-widget_type=\"hub_fancy_heading.default\">\n\t\t\t\t<div class=\"elementor-widget-container\">\n\t\t\t\t\t\n\t\t<div id=\"ld-fancy-heading-69da7cef521a9\" class=\"ld-fancy-heading pos-rel\">\n\t\t\t<h2 class=\"ld-fh-element d-inline-block pos-rel  elementor-heading-title lqd-highlight-classic lqd-highlight-grow-left h2\"  > Biyografi<\/h2>\t\t<\/div>\n\n\t\t\t\t\t\t<\/div>\n\t\t\t\t<\/div>\n\t\t\t\t<div class=\"elementor-element elementor-element-aa4575a elementor-widget elementor-widget-text-editor\" data-id=\"aa4575a\" data-element_type=\"widget\" data-e-type=\"widget\" data-widget_type=\"text-editor.default\">\n\t\t\t\t\t\t\t\t\t<p class=\"p1\">Dr. Bet\u00fcl, \u00f6ncelikle protez di\u015f tedavileri ve estetik di\u015f hekimli\u011fi alanlar\u0131nda \u00e7al\u0131\u015fmakta olup, i\u015flevsellik ve esteti\u011fi bir araya getiren b\u00fct\u00fcnsel bir yakla\u015f\u0131mla tedavi sunmaktad\u0131r. Klinik uygulamalar\u0131nda, do\u011fal g\u00f6r\u00fcn\u00fcml\u00fc, y\u00fcz hatlar\u0131yla uyumlu ve uzun \u00f6m\u00fcrl\u00fc restorasyonlar yaratmak ba\u015fl\u0131ca hedefidir. Her tedavi s\u00fcreci, hastan\u0131n g\u00fcl\u00fcmseme \u00e7izgisi, y\u00fcz oranlar\u0131, \u00e7ene ili\u015fkileri ve i\u015flevsel ihtiya\u00e7lar\u0131 kapsaml\u0131 bir \u015fekilde de\u011ferlendirilerek \u00f6zenle planlanmaktad\u0131r.<\/p><p class=\"p1\">Dr. Bet\u00fcl \u00f6zellikle estetik g\u00fcl\u00fc\u015f tasar\u0131m\u0131, zirkonyum ve porselen restorasyonlar, implant destekli protez uygulamalar\u0131 ve kapsaml\u0131 restoratif tedavilere odaklanmaktad\u0131r. Yakla\u015f\u0131m\u0131nda sadece estetik g\u00f6r\u00fcn\u00fcm\u00fc de\u011fil, \u00e7i\u011fneme fonksiyonunu, konu\u015fma rahatl\u0131\u011f\u0131n\u0131 ve dudak-di\u015f uyumunu da g\u00f6z \u00f6n\u00fcnde bulundurur. Bu nedenle, her prosed\u00fcr, \u00f6l\u00e7\u00fc almadan denemeye kadar t\u00fcm a\u015famalarda b\u00fcy\u00fck bir hassasiyetle ger\u00e7ekle\u015ftirilir.<\/p><p class=\"p1\">Mesleki felsefesinin temelinde, k\u0131sa vadeli g\u00f6rsel sonu\u00e7lar yerine do\u011fal estetik, i\u015flevsel denge ve uzun vadeli hasta memnuniyeti yatmaktad\u0131r. Tedavinin her a\u015famas\u0131nda, beklentileri do\u011fru bir \u015fekilde anlamak ve ki\u015fiselle\u015ftirilmi\u015f \u00e7\u00f6z\u00fcmler sunmak amac\u0131yla hastalar\u0131yla a\u00e7\u0131k ve \u015feffaf bir ileti\u015fim kurmaktad\u0131r.<\/p>\t\t\t\t\t\t\t\t<\/div>\n\t\t\t\t<\/div>\n\t\t\t\t\t<\/div>\n\t\t\t\t<\/div>\n\t\t\t\t<\/div>","protected":false},"excerpt":{"rendered":"<p>Dr. Bet\u00fcl Dr. Bet\u00fcl Cosmetic Smile Designs Biography Dr. Bet\u00fcl primarily practices in the fields of prosthetic dental treatments and aesthetic dentistry, providing care through a holistic approach that integrates both function and aesthetics. In her clinical practice, her primary goal is to create natural-looking, facially harmonious, and long-lasting restorations. Each treatment process is carefully [&hellip;]<\/p>\n","protected":false},"author":1,"featured_media":0,"parent":6215,"menu_order":0,"comment_status":"closed","ping_status":"closed","template":"","meta":{"footnotes":""},"class_list":["post-6594","page","type-page","status-publish","hentry"],"_links":{"self":[{"href":"https:\/\/drmatdentalclinic.com\/tr\/wp-json\/wp\/v2\/pages\/6594","targetHints":{"allow":["GET"]}}],"collection":[{"href":"https:\/\/drmatdentalclinic.com\/tr\/wp-json\/wp\/v2\/pages"}],"about":[{"href":"https:\/\/drmatdentalclinic.com\/tr\/wp-json\/wp\/v2\/types\/page"}],"author":[{"embeddable":true,"href":"https:\/\/drmatdentalclinic.com\/tr\/wp-json\/wp\/v2\/users\/1"}],"replies":[{"embeddable":true,"href":"https:\/\/drmatdentalclinic.com\/tr\/wp-json\/wp\/v2\/comments?post=6594"}],"version-history":[{"count":11,"href":"https:\/\/drmatdentalclinic.com\/tr\/wp-json\/wp\/v2\/pages\/6594\/revisions"}],"predecessor-version":[{"id":6833,"href":"https:\/\/drmatdentalclinic.com\/tr\/wp-json\/wp\/v2\/pages\/6594\/revisions\/6833"}],"up":[{"embeddable":true,"href":"https:\/\/drmatdentalclinic.com\/tr\/wp-json\/wp\/v2\/pages\/6215"}],"wp:attachment":[{"href":"https:\/\/drmatdentalclinic.com\/tr\/wp-json\/wp\/v2\/media?parent=6594"}],"curies":[{"name":"wp","href":"https:\/\/api.w.org\/{rel}","templated":true}]}}